{"id":145525,"date":"2025-07-31T08:24:12","date_gmt":"2025-07-31T06:24:12","guid":{"rendered":"https:\/\/www.budream.com\/shop\/niederlaendische-leidenschaft-c-vibez-fem\/"},"modified":"2026-05-14T00:09:29","modified_gmt":"2026-05-13T22:09:29","slug":"niederlaendische-leidenschaft-c-vibez-fem","status":"publish","type":"product","link":"https:\/\/www.budream.com\/de\/shop\/niederlaendische-leidenschaft-c-vibez-fem\/","title":{"rendered":"NIEDERL\u00c4NDISCHE LEIDENSCHAFT &#8211; C-VIBEZ FEM"},"content":{"rendered":"<div style=\"text-align: justify\">C-Vibez ist eine Kreuzung zwischen Mad Scientist und Voodoo. Die Genetik wurde durch sorgf\u00e4ltige Kreuzung von Mad Scientist mit unserer Old-School-Voodoo-Genetik geschaffen. Voodoo ist eine urspr\u00fcngliche Thai-Sorte von Dutch Passion. Durch die Kreuzung dieser beiden Schwergewichte sind wir sicher, dass diese Genetik die Eigenschaften ihrer Vorfahren geerbt hat.<\/div>\n<div style=\"text-align: justify\">Die Kreuzung eines indicadominierten Hybriden (Mad Scientist) mit einem sativadominierten Hybriden (Voodoo) f\u00fchrt zu einer Genetik, die eine gro\u00dfe Vielfalt an Ph\u00e4notypen mit denselben Merkmalen hervorbringen kann.<\/div>\n<p><\/p>\n<h2><strong>Merkmale C-Vibez Fem:<\/strong><\/h2>\n<ul style=\"list-style-type: disc\">\n<li><strong>Gattung:<\/strong> XXL feminisiert<\/li>\n<li><strong>Genotyp:<\/strong> Indica\/Sativa-Hybrid<\/li>\n<li><strong>Genetik <\/strong>: Mad Scientist X Voodoo<\/li>\n<li><strong>Tage:<\/strong> 70-84<\/li>\n<\/ul>\n<p><\/p>\n<div style=\"text-align: justify\"><span style=\"font-size: 11pt\"><em><strong>WARNUNG:<\/strong> Hanfsamen sind vom gesetzlichen Begriff Cannabis ausgenommen, was bedeutet, dass sie nicht als Bet\u00e4ubungsmittel gelten (L. 412 von 1974, Art. 1, Absatz 1, Buchstabe B; Einheits\u00fcbereinkommen \u00fcber Bet\u00e4ubungsmittel von New York von 1961 und Tabelle II des Ministerialerlasses 27\/7\/1992). In Italien ist der Anbau von Hanf verboten (Artikel 28 und 73 des Pr\u00e4sidialdekrets 309\/90), es sei denn, es liegt eine Sondergenehmigung vor (Artikel 17 des Pr\u00e4sidialdekrets 309\/90). In Ermangelung einer solchen Genehmigung darf das Saatgut nur f\u00fcr andere Zwecke verwendet werden (zootechnische Zwecke, Sammeln usw.). Das Saatgut wird unter dem Vorbehalt verkauft, dass es nicht von Dritten im Widerspruch zu den gesetzlichen Bestimmungen verwendet wird.<\/em><\/span><\/div>\n","protected":false},"excerpt":{"rendered":"<p>\ud83c\udf3f C-VIBEZ von DUTCH PASSION \u00b7 \ud83e\uddec Indica \/ Sativa \u00b7 \ud83d\udd25 THC sehr hoch (Sehr hoch (20\u202f%+)) \u00b7 \ud83c\udfc6 Ertrag XXL.<\/p>\n","protected":false},"featured_media":145513,"comment_status":"open","ping_status":"closed","template":"","meta":[],"product_brand":[],"product_cat":[7952],"product_tag":[10171,8508,8510,8511,8677,9931,10124,10125,10126,10128],"class_list":{"0":"post-145525","1":"product","2":"type-product","3":"status-publish","4":"has-post-thumbnail","6":"product_cat-seedshop-de","7":"product_tag-suess-fruchtig","8":"product_tag-dutch-passion","9":"product_tag-indica","10":"product_tag-sativa","11":"product_tag-c-vibez","12":"product_tag-hybrid","13":"product_tag-thc-sehr-hoch","14":"product_tag-ertrag-xxl","15":"product_tag-cannabis-samen","16":"product_tag-feminisierte-samen","18":"first","19":"instock","20":"sale","21":"taxable","22":"shipping-taxable","23":"purchasable","24":"product-type-variable"},"aioseo_notices":[],"_links":{"self":[{"href":"https:\/\/www.budream.com\/de\/wp-json\/wp\/v2\/product\/145525","targetHints":{"allow":["GET"]}}],"collection":[{"href":"https:\/\/www.budream.com\/de\/wp-json\/wp\/v2\/product"}],"about":[{"href":"https:\/\/www.budream.com\/de\/wp-json\/wp\/v2\/types\/product"}],"replies":[{"embeddable":true,"href":"https:\/\/www.budream.com\/de\/wp-json\/wp\/v2\/comments?post=145525"}],"version-history":[{"count":2,"href":"https:\/\/www.budream.com\/de\/wp-json\/wp\/v2\/product\/145525\/revisions"}],"predecessor-version":[{"id":271776,"href":"https:\/\/www.budream.com\/de\/wp-json\/wp\/v2\/product\/145525\/revisions\/271776"}],"wp:featuredmedia":[{"embeddable":true,"href":"https:\/\/www.budream.com\/de\/wp-json\/wp\/v2\/media\/145513"}],"wp:attachment":[{"href":"https:\/\/www.budream.com\/de\/wp-json\/wp\/v2\/media?parent=145525"}],"wp:term":[{"taxonomy":"product_brand","embeddable":true,"href":"https:\/\/www.budream.com\/de\/wp-json\/wp\/v2\/product_brand?post=145525"},{"taxonomy":"product_cat","embeddable":true,"href":"https:\/\/www.budream.com\/de\/wp-json\/wp\/v2\/product_cat?post=145525"},{"taxonomy":"product_tag","embeddable":true,"href":"https:\/\/www.budream.com\/de\/wp-json\/wp\/v2\/product_tag?post=145525"}],"curies":[{"name":"wp","href":"https:\/\/api.w.org\/{rel}","templated":true}]}}