{"id":145621,"date":"2025-07-31T08:28:15","date_gmt":"2025-07-31T06:28:15","guid":{"rendered":"https:\/\/www.budream.com\/shop\/hollaendische-leidenschaft-zuckerbombe-punsch-fem\/"},"modified":"2026-03-26T14:13:49","modified_gmt":"2026-03-26T12:13:49","slug":"hollaendische-leidenschaft-zuckerbombe-punsch-fem","status":"publish","type":"product","link":"https:\/\/www.budream.com\/de\/shop\/hollaendische-leidenschaft-zuckerbombe-punsch-fem\/","title":{"rendered":"HOLL\u00c4NDISCHE LEIDENSCHAFT &#8211; ZUCKERBOMBE PUNSCH FEM"},"content":{"rendered":"<div style=\"text-align: justify\">Sugar Bomb Punch ist eine Kreuzung zwischen THC Bomb und Critical Orange Punch x Bubba Island Kush. Diese &#8218;3-Wege-Kreuzung&#8216; hat dieses sehr interessante und vielf\u00e4ltige Profil hervorgebracht. Die Kombination dieser 3 Sorten hat eine neue Sorte geschaffen, die ihresgleichen sucht.<\/div>\n<p><\/p>\n<h2><strong>Eigenschaften Sugar Bomb Punch Fem:<\/strong><\/h2>\n<ul style=\"list-style-type: disc\">\n<li><strong>Gattung:<\/strong> XXL feminisiert<\/li>\n<li><strong>Genotyp:<\/strong> Indica-dominanter Hybrid<\/li>\n<li><strong>Genetik:<\/strong> THC Bomb X (Critical Orange Punch x Bubba Island Kush)<\/li>\n<li><strong>Tage:<\/strong> 63<\/li>\n<\/ul>\n<p><\/p>\n<div style=\"text-align: justify\"><span style=\"font-size: 11pt\"><em><strong>WARNUNG:<\/strong> Hanfsamen sind vom gesetzlichen Begriff Cannabis ausgenommen, was bedeutet, dass sie nicht als Bet\u00e4ubungsmittel gelten (L. 412 von 1974, Art. 1, Absatz 1, Buchstabe B; Einheits\u00fcbereinkommen \u00fcber Bet\u00e4ubungsmittel von New York von 1961 und Tabelle II des Ministerialerlasses 27\/7\/1992). In Italien ist der Anbau von Hanf verboten (Artikel 28 und 73 des Pr\u00e4sidialdekrets 309\/90), es sei denn, es liegt eine Sondergenehmigung vor (Artikel 17 des Pr\u00e4sidialdekrets 309\/90). In Ermangelung einer solchen Genehmigung darf das Saatgut nur f\u00fcr andere Zwecke verwendet werden (zootechnische Zwecke, Sammeln usw.). Das Saatgut wird unter dem Vorbehalt verkauft, dass es nicht von Dritten im Widerspruch zu den gesetzlichen Bestimmungen verwendet wird.<\/em><\/span><\/div>\n","protected":false},"excerpt":{"rendered":"<p>\ud83c\udf3f ZUCKERBOMBE PUNSCH von DUTCH PASSION \u00b7 \ud83e\uddec Indica Dominant (60%+) \u00b7 \ud83d\udd25 THC sehr hoch (Sehr hoch (20\u202f%+)) \u00b7 \ud83c\udfc6 Ertrag XXL.<\/p>\n","protected":false},"featured_media":145610,"comment_status":"open","ping_status":"closed","template":"","meta":[],"product_brand":[],"product_cat":[7952],"product_tag":[10128,10150,10243,8508,8510,10124,10125,10126],"class_list":{"0":"post-145621","1":"product","2":"type-product","3":"status-publish","4":"has-post-thumbnail","6":"product_cat-seedshop-de","7":"product_tag-feminisierte-samen","8":"product_tag-zitrusartig","9":"product_tag-zuckerbombe-punsch","10":"product_tag-dutch-passion","11":"product_tag-indica","12":"product_tag-thc-sehr-hoch","13":"product_tag-ertrag-xxl","14":"product_tag-cannabis-samen","16":"first","17":"instock","18":"taxable","19":"shipping-taxable","20":"purchasable","21":"product-type-variable"},"aioseo_notices":[],"_links":{"self":[{"href":"https:\/\/www.budream.com\/de\/wp-json\/wp\/v2\/product\/145621","targetHints":{"allow":["GET"]}}],"collection":[{"href":"https:\/\/www.budream.com\/de\/wp-json\/wp\/v2\/product"}],"about":[{"href":"https:\/\/www.budream.com\/de\/wp-json\/wp\/v2\/types\/product"}],"replies":[{"embeddable":true,"href":"https:\/\/www.budream.com\/de\/wp-json\/wp\/v2\/comments?post=145621"}],"version-history":[{"count":2,"href":"https:\/\/www.budream.com\/de\/wp-json\/wp\/v2\/product\/145621\/revisions"}],"predecessor-version":[{"id":261107,"href":"https:\/\/www.budream.com\/de\/wp-json\/wp\/v2\/product\/145621\/revisions\/261107"}],"wp:featuredmedia":[{"embeddable":true,"href":"https:\/\/www.budream.com\/de\/wp-json\/wp\/v2\/media\/145610"}],"wp:attachment":[{"href":"https:\/\/www.budream.com\/de\/wp-json\/wp\/v2\/media?parent=145621"}],"wp:term":[{"taxonomy":"product_brand","embeddable":true,"href":"https:\/\/www.budream.com\/de\/wp-json\/wp\/v2\/product_brand?post=145621"},{"taxonomy":"product_cat","embeddable":true,"href":"https:\/\/www.budream.com\/de\/wp-json\/wp\/v2\/product_cat?post=145621"},{"taxonomy":"product_tag","embeddable":true,"href":"https:\/\/www.budream.com\/de\/wp-json\/wp\/v2\/product_tag?post=145621"}],"curies":[{"name":"wp","href":"https:\/\/api.w.org\/{rel}","templated":true}]}}