{"id":146753,"date":"2025-07-31T09:05:49","date_gmt":"2025-07-31T07:05:49","guid":{"rendered":"https:\/\/www.budream.com\/shop\/boveda-62-einzeln-verpackte-schachtel\/"},"modified":"2026-03-24T11:06:42","modified_gmt":"2026-03-24T09:06:42","slug":"boveda-62-einzeln-verpackte-schachtel","status":"publish","type":"product","link":"https:\/\/www.budream.com\/de\/shop\/boveda-62-einzeln-verpackte-schachtel\/","title":{"rendered":"BOVEDA 62% &#8211; EINZELN VERPACKTE SCHACHTEL"},"content":{"rendered":"<p><strong>BOVEDA 62% sorgt f\u00fcr eine stabile relative Luftfeuchtigkeit<\/strong> (RH) in gelagerten Produkten. Diese Technologie, die die Konservierung von Zigarren, Lebensmitteln, Musik und elektronischen Produkten revolutioniert hat, ist nun auch f\u00fcr die Konservierung von Phytotherapeutika und Heilpflanzen verf\u00fcgbar. <\/p>\n<p>Die patentierten Boveda-Packungen im Inneren des Beh\u00e4lters halten die relative Luftfeuchtigkeit stabil und f\u00fcgen bei Bedarf Feuchtigkeit hinzu oder nehmen sie auf, um den Inhalt konstant bei <strong>62%<\/strong> (+\/- 1%) zu halten.<\/p>\n<p>Mit Boveda k\u00f6nnen die Essenzen sehr lange gelagert werden, ohne dass sich ihre Eigenschaften ver\u00e4ndern und ohne dass sich Schimmel bildet.<\/p>\n<p>Der richtige Feuchtigkeitsgehalt maximiert Farbe, Geschmack, Aroma und Wirksamkeit und stabilisiert das Gewicht Ihrer Phytotherapeutika und Heilkr\u00e4uter.<\/p>\n<h2><span style=\"text-decoration: underline\"><strong>Was ist in Boveda 62% enthalten?<\/strong><\/span><\/h2>\n<div>Im Inneren jedes Boveda befindet sich eine wasserdampfdurchl\u00e4ssige &#8218;Umkehrosmose&#8216;-Membran. In dieser Membran befindet sich eine speziell zubereitete ges\u00e4ttigte L\u00f6sung aus reinem Wasser und nat\u00fcrlichem Salz. Bei Bedarf gibt Boveda gereinigten Wasserdampf durch die Membran ab oder nimmt ihn auf, um eine vorher festgelegte Luftfeuchtigkeit aufrechtzuerhalten (RH).<\/p>\n<\/div>\n<h2><strong><span style=\"text-decoration: underline\">Hauptmerkmale Boveda 62%<\/span>:<\/strong><\/h2>\n<ul style=\"list-style-type: disc\">\n<li>H\u00e4lt die<strong>relative Luftfeuchtigkeit konstant bei 62%<\/strong> (+\/- 1%) durch Absorption und Abgabe von Wasserwert;<\/li>\n<li><strong>Verhindert die Bildung von gef\u00e4hrlichem Schimmel<\/strong>;<\/li>\n<li><strong>H\u00e4lt ca. 2\/3 Monate <\/strong>ab dem Zeitpunkt, an dem es in den Beh\u00e4lter gelegt wird;<\/li>\n<li>Erfordert keine Wartung oder Nachf\u00fcllung; muss ersetzt werden, wenn er steif wird.<\/li>\n<\/ul>\n<h2><span style=\"text-decoration: underline\"><b>So verwenden Sie Boveda 62%:<\/b><\/span><\/h2>\n<p>Der <strong>1-Gramm-Beutel<\/strong> garantiert den<strong> Feuchtigkeitsgehalt <\/strong>f\u00fcr <strong>bis zu 3,5 Gramm,der <\/strong> <strong>4g-Beutel bis zu 15g<\/strong>, der <strong>8g-Beutel bis zu 30g<\/strong>, der <strong>67g-Beutel bis zu 450g<\/strong> und der <strong>320g-Beutel bis zu 1800g<\/strong>. <strong><br \/><\/strong><\/p>\n<p><strong>Hinweis<\/strong>: Mischen Sie nicht verschiedene Feuchtigkeitsstufen von Boveda RH im selben Beh\u00e4lter und verwenden Sie Boveda nicht im selben Beh\u00e4lter mit anderen Befeuchtungsprodukten, da sie sich gegenseitig bek\u00e4mpfen und die Effizienz der Boveda-Beutel verringern.<\/p>\n","protected":false},"excerpt":{"rendered":"<p>BOVEDA 62% sorgt f\u00fcr eine stabile relative Luftfeuchtigkeit (RH) in gelagerten Produkten. Diese Technologie, die die Konservierung von Zigarren, Lebensmitteln,<\/p>\n","protected":false},"featured_media":146742,"comment_status":"open","ping_status":"closed","template":"","meta":[],"product_brand":[],"product_cat":[7947],"product_tag":[],"class_list":{"0":"post-146753","1":"product","2":"type-product","3":"status-publish","4":"has-post-thumbnail","6":"product_cat-headshop-de","8":"first","9":"instock","10":"taxable","11":"shipping-taxable","12":"purchasable","13":"product-type-variable"},"aioseo_notices":[],"_links":{"self":[{"href":"https:\/\/www.budream.com\/de\/wp-json\/wp\/v2\/product\/146753","targetHints":{"allow":["GET"]}}],"collection":[{"href":"https:\/\/www.budream.com\/de\/wp-json\/wp\/v2\/product"}],"about":[{"href":"https:\/\/www.budream.com\/de\/wp-json\/wp\/v2\/types\/product"}],"replies":[{"embeddable":true,"href":"https:\/\/www.budream.com\/de\/wp-json\/wp\/v2\/comments?post=146753"}],"version-history":[{"count":0,"href":"https:\/\/www.budream.com\/de\/wp-json\/wp\/v2\/product\/146753\/revisions"}],"wp:featuredmedia":[{"embeddable":true,"href":"https:\/\/www.budream.com\/de\/wp-json\/wp\/v2\/media\/146742"}],"wp:attachment":[{"href":"https:\/\/www.budream.com\/de\/wp-json\/wp\/v2\/media?parent=146753"}],"wp:term":[{"taxonomy":"product_brand","embeddable":true,"href":"https:\/\/www.budream.com\/de\/wp-json\/wp\/v2\/product_brand?post=146753"},{"taxonomy":"product_cat","embeddable":true,"href":"https:\/\/www.budream.com\/de\/wp-json\/wp\/v2\/product_cat?post=146753"},{"taxonomy":"product_tag","embeddable":true,"href":"https:\/\/www.budream.com\/de\/wp-json\/wp\/v2\/product_tag?post=146753"}],"curies":[{"name":"wp","href":"https:\/\/api.w.org\/{rel}","templated":true}]}}