{"id":146938,"date":"2025-07-31T09:09:31","date_gmt":"2025-07-31T07:09:31","guid":{"rendered":"https:\/\/www.budream.com\/shop\/hollaendische-leidenschaft-glueberry-og-fem\/"},"modified":"2026-04-29T16:43:09","modified_gmt":"2026-04-29T14:43:09","slug":"hollaendische-leidenschaft-glueberry-og-fem","status":"publish","type":"product","link":"https:\/\/www.budream.com\/de\/shop\/hollaendische-leidenschaft-glueberry-og-fem\/","title":{"rendered":"HOLL\u00c4NDISCHE LEIDENSCHAFT &#8211; GLUEBERRY OG FEM"},"content":{"rendered":"<div style=\"text-align: justify\">Glueberry O.G. ist das Ergebnis der Hybridisierung zwischen unseren urspr\u00fcnglichen Sorten Blueberry, Gorilla Glue (GG) und O.G. Kush.<\/div>\n<div style=\"text-align: justify\">Gorilla Glue ist eine beliebte Sorte in den Vereinigten Staaten. Diese Sorte ist das beste Ergebnis der Kreuzung von Chem&#8217;s Sister, Sour Dubb und Chocolate Diesel.<\/div>\n<div style=\"text-align: justify\">Eine weitere US-Sorte, die zur Gewinnung von Glueberry O.G. verwendet wurde, ist die unverwechselbare O.G. Kush.<\/div>\n<div style=\"text-align: justify\">Blueberry ist eine klassische Dutch Passion-Sorte.<\/div>\n<p><\/p>\n<h2><strong>Eigenschaften Glueberry OG Fem:<\/strong><\/h2>\n<ul style=\"list-style-type: disc\">\n<li><strong>Gattung:<\/strong> XL Feminisierter Hybrid<\/li>\n<li><strong>Genotyp:<\/strong> Indica\/Sativa-Hybrid<\/li>\n<li><strong>Genetik:<\/strong> (Gorilla Glue #4 X OG Kush) x Blueberry<\/li>\n<li>Tage<strong>:<\/strong> 56 Tage<\/li>\n<\/ul>\n<p><\/p>\n<div style=\"text-align: justify\"><span style=\"font-size: 11pt\"><em><strong>WARNUNG:<\/strong> Hanfsamen sind vom gesetzlichen Begriff Cannabis ausgenommen, was bedeutet, dass sie nicht als Bet\u00e4ubungsmittel gelten (L. 412 von 1974, Art. 1, Absatz 1, Buchstabe B; Einheits\u00fcbereinkommen \u00fcber Bet\u00e4ubungsmittel von New York von 1961 und Tabelle II des Ministerialerlasses 27\/7\/1992). In Italien ist der Anbau von Hanf verboten (Artikel 28 und 73 des Pr\u00e4sidialdekrets 309\/90), es sei denn, es liegt eine Sondergenehmigung vor (Artikel 17 des Pr\u00e4sidialdekrets 309\/90). In Ermangelung einer solchen Genehmigung darf das Saatgut nur f\u00fcr andere Zwecke verwendet werden (zootechnische Zwecke, Sammeln usw.). Das Saatgut wird unter dem Vorbehalt verkauft, dass es nicht von Dritten im Widerspruch zu den gesetzlichen Bestimmungen verwendet wird.<\/em><\/span><\/div>\n","protected":false},"excerpt":{"rendered":"<p>\ud83c\udf3f GLUEBERRY OG von DUTCH PASSION \u00b7 \ud83e\uddec Indica \/ Sativa \u00b7 \ud83d\udcaa THC hoch (Hoch (15\u201319\u202f%)) \u00b7 \ud83d\udce6 Ertrag XL.<\/p>\n","protected":false},"featured_media":146927,"comment_status":"open","ping_status":"closed","template":"","meta":[],"product_brand":[],"product_cat":[7952],"product_tag":[10140,8508,8510,8511,8687,9931,10126,10127,10128],"class_list":{"0":"post-146938","1":"product","2":"type-product","3":"status-publish","4":"has-post-thumbnail","6":"product_cat-seedshop-de","7":"product_tag-thc-hoch","8":"product_tag-dutch-passion","9":"product_tag-indica","10":"product_tag-sativa","11":"product_tag-glueberry-og","12":"product_tag-hybrid","13":"product_tag-cannabis-samen","14":"product_tag-scharf","15":"product_tag-feminisierte-samen","17":"first","18":"instock","19":"sale","20":"taxable","21":"shipping-taxable","22":"purchasable","23":"product-type-variable"},"_links":{"self":[{"href":"https:\/\/www.budream.com\/de\/wp-json\/wp\/v2\/product\/146938","targetHints":{"allow":["GET"]}}],"collection":[{"href":"https:\/\/www.budream.com\/de\/wp-json\/wp\/v2\/product"}],"about":[{"href":"https:\/\/www.budream.com\/de\/wp-json\/wp\/v2\/types\/product"}],"replies":[{"embeddable":true,"href":"https:\/\/www.budream.com\/de\/wp-json\/wp\/v2\/comments?post=146938"}],"version-history":[{"count":2,"href":"https:\/\/www.budream.com\/de\/wp-json\/wp\/v2\/product\/146938\/revisions"}],"predecessor-version":[{"id":266173,"href":"https:\/\/www.budream.com\/de\/wp-json\/wp\/v2\/product\/146938\/revisions\/266173"}],"wp:featuredmedia":[{"embeddable":true,"href":"https:\/\/www.budream.com\/de\/wp-json\/wp\/v2\/media\/146927"}],"wp:attachment":[{"href":"https:\/\/www.budream.com\/de\/wp-json\/wp\/v2\/media?parent=146938"}],"wp:term":[{"taxonomy":"product_brand","embeddable":true,"href":"https:\/\/www.budream.com\/de\/wp-json\/wp\/v2\/product_brand?post=146938"},{"taxonomy":"product_cat","embeddable":true,"href":"https:\/\/www.budream.com\/de\/wp-json\/wp\/v2\/product_cat?post=146938"},{"taxonomy":"product_tag","embeddable":true,"href":"https:\/\/www.budream.com\/de\/wp-json\/wp\/v2\/product_tag?post=146938"}],"curies":[{"name":"wp","href":"https:\/\/api.w.org\/{rel}","templated":true}]}}