{"id":146984,"date":"2025-07-31T09:11:18","date_gmt":"2025-07-31T07:11:18","guid":{"rendered":"https:\/\/www.budream.com\/shop\/hollaendische-leidenschaft-mokums-tulpe-fem\/"},"modified":"2026-04-28T12:05:21","modified_gmt":"2026-04-28T10:05:21","slug":"hollaendische-leidenschaft-mokums-tulpe-fem","status":"publish","type":"product","link":"https:\/\/www.budream.com\/de\/shop\/hollaendische-leidenschaft-mokums-tulpe-fem\/","title":{"rendered":"HOLL\u00c4NDISCHE LEIDENSCHAFT &#8211; MOKUMS TULPE FEM"},"content":{"rendered":"<div style=\"text-align: justify\">Diese Sorte ist Teil unserer Sammlung von Klassikern und basiert auf einigen der begehrtesten Genetiken in den USA. Gelato&#8220; und &#8222;Sherbet&#8220; erg\u00e4nzen sich perfekt in dieser einzigartigen Kreuzung. Der Genetik-Manager von Dutch Passion stie\u00df auf einer seiner Reisen auf einen ganz besonderen Ph\u00e4notyp von Gelato. Als dieser Gelato-Ph\u00e4notyp in Mokum (ein alter Amsterdamer Name) ankam, wurde er mit einer Sorte von Sherbet gekreuzt, um die definitive Mokum&#8217;s Tulip zu erhalten.<\/div>\n<p><\/p>\n<h2><strong>Eigenschaften Mokum&#8217;s Tulip Fem:<\/strong><\/h2>\n<ul style=\"list-style-type: disc\">\n<li><strong>Gattung:<\/strong> Feminisiert XL<\/li>\n<li><strong>Genotyp:<\/strong> Indica\/Sativa-Hybride<\/li>\n<li><strong>Genetik<\/strong>: Eiscreme X Sherbet<\/li>\n<li><strong>Tage:<\/strong> 56<\/li>\n<\/ul>\n<p><\/p>\n<div style=\"text-align: justify\"><span style=\"font-size: 11pt\"><em><strong>WARNUNG:<\/strong> Hanfsamen sind vom gesetzlichen Begriff Cannabis ausgenommen, was bedeutet, dass sie nicht als Bet\u00e4ubungsmittel gelten (L. 412 von 1974, Art. 1, Absatz 1, Buchstabe B; Einheits\u00fcbereinkommen \u00fcber Bet\u00e4ubungsmittel von New York von 1961 und Tabelle II des Ministerialerlasses 27\/7\/1992). In Italien ist der Anbau von Hanf verboten (Artikel 28 und 73 des Pr\u00e4sidialdekrets 309\/90), es sei denn, es liegt eine Sondergenehmigung vor (Artikel 17 des Pr\u00e4sidialdekrets 309\/90). In Ermangelung einer solchen Genehmigung darf das Saatgut nur f\u00fcr andere Zwecke verwendet werden (zootechnische Zwecke, Sammeln usw.). Das Saatgut wird unter dem Vorbehalt verkauft, dass es nicht von Dritten im Widerspruch zu den gesetzlichen Bestimmungen verwendet wird.<\/em><\/span><\/div>\n","protected":false},"excerpt":{"rendered":"<p>\ud83c\udf3f MOKUMS TULPE von DUTCH PASSION \u00b7 \ud83e\uddec Indica \/ Sativa \u00b7 \ud83d\udd25 THC sehr hoch (Sehr hoch (20\u202f%+)) \u00b7 \ud83d\udce6 Ertrag XL.<\/p>\n","protected":false},"featured_media":146973,"comment_status":"open","ping_status":"closed","template":"","meta":[],"product_brand":[],"product_cat":[7952],"product_tag":[8510,8511,9931,10124,10126,10128,10171,10244,8508],"class_list":{"0":"post-146984","1":"product","2":"type-product","3":"status-publish","4":"has-post-thumbnail","6":"product_cat-seedshop-de","7":"product_tag-indica","8":"product_tag-sativa","9":"product_tag-hybrid","10":"product_tag-thc-sehr-hoch","11":"product_tag-cannabis-samen","12":"product_tag-feminisierte-samen","13":"product_tag-suess-fruchtig","14":"product_tag-mokums-tulpe","15":"product_tag-dutch-passion","17":"first","18":"outofstock","19":"sale","20":"taxable","21":"shipping-taxable","22":"purchasable","23":"product-type-variable"},"_links":{"self":[{"href":"https:\/\/www.budream.com\/de\/wp-json\/wp\/v2\/product\/146984","targetHints":{"allow":["GET"]}}],"collection":[{"href":"https:\/\/www.budream.com\/de\/wp-json\/wp\/v2\/product"}],"about":[{"href":"https:\/\/www.budream.com\/de\/wp-json\/wp\/v2\/types\/product"}],"replies":[{"embeddable":true,"href":"https:\/\/www.budream.com\/de\/wp-json\/wp\/v2\/comments?post=146984"}],"version-history":[{"count":2,"href":"https:\/\/www.budream.com\/de\/wp-json\/wp\/v2\/product\/146984\/revisions"}],"predecessor-version":[{"id":265883,"href":"https:\/\/www.budream.com\/de\/wp-json\/wp\/v2\/product\/146984\/revisions\/265883"}],"wp:featuredmedia":[{"embeddable":true,"href":"https:\/\/www.budream.com\/de\/wp-json\/wp\/v2\/media\/146973"}],"wp:attachment":[{"href":"https:\/\/www.budream.com\/de\/wp-json\/wp\/v2\/media?parent=146984"}],"wp:term":[{"taxonomy":"product_brand","embeddable":true,"href":"https:\/\/www.budream.com\/de\/wp-json\/wp\/v2\/product_brand?post=146984"},{"taxonomy":"product_cat","embeddable":true,"href":"https:\/\/www.budream.com\/de\/wp-json\/wp\/v2\/product_cat?post=146984"},{"taxonomy":"product_tag","embeddable":true,"href":"https:\/\/www.budream.com\/de\/wp-json\/wp\/v2\/product_tag?post=146984"}],"curies":[{"name":"wp","href":"https:\/\/api.w.org\/{rel}","templated":true}]}}