{"id":147094,"date":"2025-07-31T09:14:47","date_gmt":"2025-07-31T07:14:47","guid":{"rendered":"https:\/\/www.budream.com\/shop\/barneys-farm-hochzeitstorte-fem\/"},"modified":"2026-03-24T01:12:10","modified_gmt":"2026-03-23T23:12:10","slug":"barneys-farm-hochzeitstorte-fem","status":"publish","type":"product","link":"https:\/\/www.budream.com\/de\/shop\/barneys-farm-hochzeitstorte-fem\/","title":{"rendered":"BARNEY&#8217;S FARM &#8211; HOCHZEITSTORTE FEM"},"content":{"rendered":"<div style=\"text-align: justify\">Barney&#8217;s Farm w\u00e4hlte f\u00fcr WEDDING CAKE eine Indica-dominante Version (80% Indica + 20% Sativa) und entschied sich f\u00fcr eine Weiterentwicklung der urspr\u00fcnglichen Pink Cookies aka Wedding Cake-Genetik aus Barneys Farm&#8217;s Kollektion, die urspr\u00fcnglich von Seed Junky Genetics entwickelt wurde.<\/div>\n<p><\/p>\n<h2><strong>Eigenschaften Wedding Cake Fem:<\/strong><\/h2>\n<ul style=\"list-style-type: disc\">\n<li><strong>Gattung:<\/strong> Feminisiert<\/li>\n<li><strong>Genotyp:<\/strong> 80% Indica \/ 20% Sativa<\/li>\n<li><strong>Genetik:<\/strong> Cherry Pie x Girl Scout Cookies x OG Kush<\/li>\n<li><strong>Bl\u00fchende Tage:<\/strong> 55 &#8211; 60 Tage<\/li>\n<\/ul>\n<p><\/p>\n<div style=\"text-align: justify\"><em><strong>ACHTUNG:<\/strong> Hanfsamen fallen nicht unter den Rechtsbegriff Cannabis, was bedeutet, dass sie nicht als Bet\u00e4ubungsmittel gelten (Gesetz 412 von 1974, Art. 1, Absatz 1, Buchstabe B; New Yorker Einheits\u00fcbereinkommen \u00fcber Bet\u00e4ubungsmittel von 1961 und Tabelle II des Ministerialerlasses 27\/7\/1992). In Italien ist der Anbau von Hanf (Artikel 28 und 73 des Pr\u00e4sidialerlasses 309\/90) ohne entsprechende Genehmigung (Artikel 17 des Pr\u00e4sidialerlasses 309\/90) verboten. Ohne Genehmigung darf das Saatgut nur f\u00fcr andere Zwecke verwendet werden (zootechnische Zwecke, Sammeln usw.). Der Verkauf von Saatgut erfolgt unter der Bedingung, dass es nicht von Dritten unter Versto\u00df gegen das Gesetz verwendet wird.<\/em><\/div>\n","protected":false},"excerpt":{"rendered":"<p>\ud83c\udf3f HOCHZEITSTORTE von BARNEY&#8217;S FARM \u00b7 \ud83e\uddec Indica \/ Sativa \u00b7 \ud83d\udd25 THC sehr hoch (Sehr hoch (20\u202f%+)) \u00b7 \ud83d\udce6 Ertrag XL.<\/p>\n","protected":false},"featured_media":147083,"comment_status":"open","ping_status":"closed","template":"","meta":[],"product_brand":[],"product_cat":[7952],"product_tag":[8645,10126,10128,10245,9931,8510,8511,10171,10124],"class_list":{"0":"post-147094","1":"product","2":"type-product","3":"status-publish","4":"has-post-thumbnail","6":"product_cat-seedshop-de","7":"product_tag-barneys-farm","8":"product_tag-cannabis-samen","9":"product_tag-feminisierte-samen","10":"product_tag-hochzeitstorte","11":"product_tag-hybrid","12":"product_tag-indica","13":"product_tag-sativa","14":"product_tag-suess-fruchtig","15":"product_tag-thc-sehr-hoch","17":"first","18":"instock","19":"taxable","20":"shipping-taxable","21":"purchasable","22":"product-type-variable"},"aioseo_notices":[],"_links":{"self":[{"href":"https:\/\/www.budream.com\/de\/wp-json\/wp\/v2\/product\/147094","targetHints":{"allow":["GET"]}}],"collection":[{"href":"https:\/\/www.budream.com\/de\/wp-json\/wp\/v2\/product"}],"about":[{"href":"https:\/\/www.budream.com\/de\/wp-json\/wp\/v2\/types\/product"}],"replies":[{"embeddable":true,"href":"https:\/\/www.budream.com\/de\/wp-json\/wp\/v2\/comments?post=147094"}],"version-history":[{"count":2,"href":"https:\/\/www.budream.com\/de\/wp-json\/wp\/v2\/product\/147094\/revisions"}],"predecessor-version":[{"id":260157,"href":"https:\/\/www.budream.com\/de\/wp-json\/wp\/v2\/product\/147094\/revisions\/260157"}],"wp:featuredmedia":[{"embeddable":true,"href":"https:\/\/www.budream.com\/de\/wp-json\/wp\/v2\/media\/147083"}],"wp:attachment":[{"href":"https:\/\/www.budream.com\/de\/wp-json\/wp\/v2\/media?parent=147094"}],"wp:term":[{"taxonomy":"product_brand","embeddable":true,"href":"https:\/\/www.budream.com\/de\/wp-json\/wp\/v2\/product_brand?post=147094"},{"taxonomy":"product_cat","embeddable":true,"href":"https:\/\/www.budream.com\/de\/wp-json\/wp\/v2\/product_cat?post=147094"},{"taxonomy":"product_tag","embeddable":true,"href":"https:\/\/www.budream.com\/de\/wp-json\/wp\/v2\/product_tag?post=147094"}],"curies":[{"name":"wp","href":"https:\/\/api.w.org\/{rel}","templated":true}]}}