{"id":147150,"date":"2025-07-31T09:16:37","date_gmt":"2025-07-31T07:16:37","guid":{"rendered":"https:\/\/www.budream.com\/shop\/barneys-farm-dos-si-dos-auto-fem\/"},"modified":"2026-03-24T12:07:01","modified_gmt":"2026-03-24T10:07:01","slug":"barneys-farm-dos-si-dos-auto-fem","status":"publish","type":"product","link":"https:\/\/www.budream.com\/de\/shop\/barneys-farm-dos-si-dos-auto-fem\/","title":{"rendered":"BARNEY&#8217;S FARM &#8211; DOS SI DOS AUTO FEM"},"content":{"rendered":"<p>DOS SI DOS AUTO ist eine au\u00dfergew\u00f6hnliche neue autoflowering, Indica-dominante Super-Hybride (65% Indica \/ 35% Sativa), die perfekt in Barney&#8217;s Farm&#8217;s st\u00e4ndig wachsende Cali Autoflowering Collection passt.<\/p>\n<h2><strong>Eigenschaften Dos Si Dos Auto Fem:<\/strong><\/h2>\n<ul style=\"list-style-type: disc\">\n<li><strong>Gattung:<\/strong> Autoflowering<\/li>\n<li><strong>Genotyp:<\/strong> 65% Indica \/ 35% Sativa<\/li>\n<li><strong>Genetik:<\/strong> Dos Si Dos x BF Super Auto #1<\/li>\n<li>Tage<strong>:<\/strong> 70 &#8211; 75 Tage<\/li>\n<\/ul>\n<p><span style=\"font-size: 11pt\"><em><strong>ACHTUNG:<\/strong> Hanfsamen sind von der gesetzlichen Definition von Cannabis ausgenommen, was bedeutet, dass sie nicht als Bet\u00e4ubungsmittel gelten (Gesetz 412 von 1974, Artikel 1, Absatz 1, Buchstabe B; Einheits\u00fcbereinkommen \u00fcber Bet\u00e4ubungsmittel von New York von 1961 und Tabelle II des Ministerialerlasses 27\/7\/1992). In Italien ist der Anbau von Hanf verboten (Artikel 28 und 73 des Pr\u00e4sidialdekrets 309\/90), es sei denn, es liegt eine Sondergenehmigung vor (Artikel 17 des Pr\u00e4sidialdekrets 309\/90). In Ermangelung einer solchen Genehmigung darf das Saatgut nur f\u00fcr andere Zwecke verwendet werden (zootechnische Zwecke, Sammeln usw.). Das Saatgut wird unter dem Vorbehalt verkauft, dass es nicht von Dritten im Widerspruch zu den gesetzlichen Bestimmungen verwendet wird.<\/em><\/span><\/p>\n","protected":false},"excerpt":{"rendered":"<p>\ud83c\udf3f DOS SI DOS AUTO von BARNEY&#8217;S FARM \u00b7 \ud83e\uddec Indica Dominant (60%+) \u00b7 \ud83d\udd25 THC sehr hoch (Sehr hoch (20\u202f%+)).<\/p>\n","protected":false},"featured_media":147139,"comment_status":"open","ping_status":"closed","template":"","meta":[],"product_brand":[],"product_cat":[7952],"product_tag":[8691,10124,10126,10128,10150,8510,8645],"class_list":{"0":"post-147150","1":"product","2":"type-product","3":"status-publish","4":"has-post-thumbnail","6":"product_cat-seedshop-de","7":"product_tag-dos-si-dos-auto","8":"product_tag-thc-sehr-hoch","9":"product_tag-cannabis-samen","10":"product_tag-feminisierte-samen","11":"product_tag-zitrusartig","12":"product_tag-indica","13":"product_tag-barneys-farm","15":"first","16":"instock","17":"sale","18":"taxable","19":"shipping-taxable","20":"purchasable","21":"product-type-variable"},"_links":{"self":[{"href":"https:\/\/www.budream.com\/de\/wp-json\/wp\/v2\/product\/147150","targetHints":{"allow":["GET"]}}],"collection":[{"href":"https:\/\/www.budream.com\/de\/wp-json\/wp\/v2\/product"}],"about":[{"href":"https:\/\/www.budream.com\/de\/wp-json\/wp\/v2\/types\/product"}],"replies":[{"embeddable":true,"href":"https:\/\/www.budream.com\/de\/wp-json\/wp\/v2\/comments?post=147150"}],"version-history":[{"count":2,"href":"https:\/\/www.budream.com\/de\/wp-json\/wp\/v2\/product\/147150\/revisions"}],"predecessor-version":[{"id":260470,"href":"https:\/\/www.budream.com\/de\/wp-json\/wp\/v2\/product\/147150\/revisions\/260470"}],"wp:featuredmedia":[{"embeddable":true,"href":"https:\/\/www.budream.com\/de\/wp-json\/wp\/v2\/media\/147139"}],"wp:attachment":[{"href":"https:\/\/www.budream.com\/de\/wp-json\/wp\/v2\/media?parent=147150"}],"wp:term":[{"taxonomy":"product_brand","embeddable":true,"href":"https:\/\/www.budream.com\/de\/wp-json\/wp\/v2\/product_brand?post=147150"},{"taxonomy":"product_cat","embeddable":true,"href":"https:\/\/www.budream.com\/de\/wp-json\/wp\/v2\/product_cat?post=147150"},{"taxonomy":"product_tag","embeddable":true,"href":"https:\/\/www.budream.com\/de\/wp-json\/wp\/v2\/product_tag?post=147150"}],"curies":[{"name":"wp","href":"https:\/\/api.w.org\/{rel}","templated":true}]}}