{"id":147277,"date":"2025-07-31T09:20:10","date_gmt":"2025-07-31T07:20:10","guid":{"rendered":"https:\/\/www.budream.com\/shop\/barneys-farm-gorilla-zkittlez-auto-fem\/"},"modified":"2026-04-16T11:58:48","modified_gmt":"2026-04-16T09:58:48","slug":"barneys-farm-gorilla-zkittlez-auto-fem","status":"publish","type":"product","link":"https:\/\/www.budream.com\/de\/shop\/barneys-farm-gorilla-zkittlez-auto-fem\/","title":{"rendered":"BARNEY&#8217;S FARM &#8211; GORILLA ZKITTLEZ AUTO FEM"},"content":{"rendered":"<div style=\"text-align: justify\">GORILLA ZKITTLEZ AUTO &#8211; Die meistverkaufte feminisierte Sorte aus der Cali Collection hat gerade die Auto-Behandlung erhalten. Sie ist die urspr\u00fcngliche Kreuzung von Gorilla Glue x Zkittlez, dann r\u00fcckgekreuzt mit der Super auto #1 Sorte, die ihr au\u00dfergew\u00f6hnliche St\u00e4rke und Resistenz gegen Insekten und Stress verleiht.<\/div>\n<p><\/p>\n<h2><strong>Eigenschaften Gorilla Zkittlez Auto Fem:<\/strong><\/h2>\n<ul style=\"list-style-type: disc\">\n<li><strong>Gattung:<\/strong> Autoflowering<\/li>\n<li><strong>Genotyp:<\/strong> 75% Indica \/ 25% Sativa<\/li>\n<li><strong>Genetik:<\/strong> Gorilla Glue x Zkittlez x BF Super Auto #1<\/li>\n<li>Tage<strong>:<\/strong> 75 Tage<\/li>\n<\/ul>\n<p><\/p>\n<div style=\"text-align: justify\"><span style=\"font-size: 11pt\"><em><strong>WARNUNG:<\/strong> Hanfsamen sind vom gesetzlichen Begriff Cannabis ausgenommen, was bedeutet, dass sie nicht als Bet\u00e4ubungsmittel gelten (L. 412 von 1974, Art. 1, Absatz 1, Buchstabe B; Einheits\u00fcbereinkommen \u00fcber Bet\u00e4ubungsmittel von New York von 1961 und Tabelle II des Ministerialerlasses 27\/7\/1992). In Italien ist der Anbau von Hanf verboten (Artikel 28 und 73 des Pr\u00e4sidialdekrets 309\/90), es sei denn, es liegt eine Sondergenehmigung vor (Artikel 17 des Pr\u00e4sidialdekrets 309\/90). In Ermangelung einer solchen Genehmigung darf das Saatgut nur f\u00fcr andere Zwecke verwendet werden (zootechnische Zwecke, Sammeln usw.). Das Saatgut wird unter dem Vorbehalt verkauft, dass es nicht von Dritten im Widerspruch zu den gesetzlichen Bestimmungen verwendet wird.<\/em><\/span><\/div>\n","protected":false},"excerpt":{"rendered":"<p>\ud83c\udf3f GORILLA ZKITTLEZ AUTO von BARNEY&#8217;S FARM \u00b7 \ud83e\uddec Indica Dominant (60%+) \u00b7 \ud83d\udcaa THC hoch (Hoch (15\u201319\u202f%)).<\/p>\n","protected":false},"featured_media":147256,"comment_status":"open","ping_status":"closed","template":"","meta":[],"product_brand":[],"product_cat":[7952],"product_tag":[10140,10171,8510,8645,8693,10126,10128],"class_list":{"0":"post-147277","1":"product","2":"type-product","3":"status-publish","4":"has-post-thumbnail","6":"product_cat-seedshop-de","7":"product_tag-thc-hoch","8":"product_tag-suess-fruchtig","9":"product_tag-indica","10":"product_tag-barneys-farm","11":"product_tag-gorilla-zkittlez-auto","12":"product_tag-cannabis-samen","13":"product_tag-feminisierte-samen","15":"first","16":"instock","17":"sale","18":"taxable","19":"shipping-taxable","20":"purchasable","21":"product-type-variable"},"_links":{"self":[{"href":"https:\/\/www.budream.com\/de\/wp-json\/wp\/v2\/product\/147277","targetHints":{"allow":["GET"]}}],"collection":[{"href":"https:\/\/www.budream.com\/de\/wp-json\/wp\/v2\/product"}],"about":[{"href":"https:\/\/www.budream.com\/de\/wp-json\/wp\/v2\/types\/product"}],"replies":[{"embeddable":true,"href":"https:\/\/www.budream.com\/de\/wp-json\/wp\/v2\/comments?post=147277"}],"version-history":[{"count":2,"href":"https:\/\/www.budream.com\/de\/wp-json\/wp\/v2\/product\/147277\/revisions"}],"predecessor-version":[{"id":260256,"href":"https:\/\/www.budream.com\/de\/wp-json\/wp\/v2\/product\/147277\/revisions\/260256"}],"wp:featuredmedia":[{"embeddable":true,"href":"https:\/\/www.budream.com\/de\/wp-json\/wp\/v2\/media\/147256"}],"wp:attachment":[{"href":"https:\/\/www.budream.com\/de\/wp-json\/wp\/v2\/media?parent=147277"}],"wp:term":[{"taxonomy":"product_brand","embeddable":true,"href":"https:\/\/www.budream.com\/de\/wp-json\/wp\/v2\/product_brand?post=147277"},{"taxonomy":"product_cat","embeddable":true,"href":"https:\/\/www.budream.com\/de\/wp-json\/wp\/v2\/product_cat?post=147277"},{"taxonomy":"product_tag","embeddable":true,"href":"https:\/\/www.budream.com\/de\/wp-json\/wp\/v2\/product_tag?post=147277"}],"curies":[{"name":"wp","href":"https:\/\/api.w.org\/{rel}","templated":true}]}}