{"id":147348,"date":"2025-07-31T09:21:43","date_gmt":"2025-07-31T07:21:43","guid":{"rendered":"https:\/\/www.budream.com\/shop\/barneys-farm-hochzeitstorte-auto-fem\/"},"modified":"2026-03-31T02:46:02","modified_gmt":"2026-03-31T00:46:02","slug":"barneys-farm-hochzeitstorte-auto-fem","status":"publish","type":"product","link":"https:\/\/www.budream.com\/de\/shop\/barneys-farm-hochzeitstorte-auto-fem\/","title":{"rendered":"BARNEY&#8217;S FARM &#8211; HOCHZEITSTORTE AUTO FEM"},"content":{"rendered":"<div style=\"text-align: justify\">Das Ergebnis der Kombination von Wedding Cake und der Sorte Super Auto #1 ist eine Pflanze mit erh\u00f6hter Wuchskraft durch die Skywalker OG-Eigenschaften von Super Auto, die eine erh\u00f6hte Resistenz gegen Insekten und Stress erm\u00f6glicht.<\/div>\n<p><\/p>\n<h2><strong>Merkmale Wedding Cake Auto Fem:<\/strong><\/h2>\n<ul style=\"list-style-type: disc\">\n<li><strong>Gattung:<\/strong> Autoflowering<\/li>\n<li><strong>Genotyp:<\/strong> 65% Indica \/ 35% Sativa<\/li>\n<li><strong>Genetik:<\/strong> Wedding Cake x BF Super Auto #1<\/li>\n<li><strong>Bl\u00fchende Tage:<\/strong> 70 &#8211; 75 Tage<\/li>\n<\/ul>\n<p><\/p>\n<div style=\"text-align: justify\"><em><strong>ACHTUNG:<\/strong> Hanfsamen fallen nicht unter den Rechtsbegriff Cannabis, was bedeutet, dass sie nicht als Bet\u00e4ubungsmittel gelten (Gesetz 412 von 1974, Art. 1, Absatz 1, Buchstabe B; New Yorker Einheits\u00fcbereinkommen \u00fcber Bet\u00e4ubungsmittel von 1961 und Tabelle II des Ministerialerlasses 27\/7\/1992). In Italien ist der Anbau von Hanf (Artikel 28 und 73 des Pr\u00e4sidialerlasses 309\/90) ohne entsprechende Genehmigung (Artikel 17 des Pr\u00e4sidialerlasses 309\/90) verboten. In Ermangelung einer solchen Genehmigung darf das Saatgut nur f\u00fcr andere Zwecke verwendet werden (zootechnische Zwecke, Sammeln usw.). Der Verkauf von Saatgut erfolgt unter der Bedingung, dass es nicht von Dritten unter Versto\u00df gegen das Gesetz verwendet wird.<\/em><\/div>\n","protected":false},"excerpt":{"rendered":"<p>\ud83c\udf3f HOCHZEITSTORTE AUTO von BARNEY&#8217;S FARM \u00b7 \ud83e\uddec Indica Dominant (60%+) \u00b7 \ud83d\udd25 THC sehr hoch (Sehr hoch (20\u202f%+)).<\/p>\n","protected":false},"featured_media":147334,"comment_status":"open","ping_status":"closed","template":"","meta":[],"product_brand":[],"product_cat":[7952],"product_tag":[10171,10246,8510,8645,10124,10126,10128],"class_list":{"0":"post-147348","1":"product","2":"type-product","3":"status-publish","4":"has-post-thumbnail","6":"product_cat-seedshop-de","7":"product_tag-suess-fruchtig","8":"product_tag-hochzeitstorte-auto","9":"product_tag-indica","10":"product_tag-barneys-farm","11":"product_tag-thc-sehr-hoch","12":"product_tag-cannabis-samen","13":"product_tag-feminisierte-samen","15":"first","16":"instock","17":"sale","18":"taxable","19":"shipping-taxable","20":"purchasable","21":"product-type-variable"},"_links":{"self":[{"href":"https:\/\/www.budream.com\/de\/wp-json\/wp\/v2\/product\/147348","targetHints":{"allow":["GET"]}}],"collection":[{"href":"https:\/\/www.budream.com\/de\/wp-json\/wp\/v2\/product"}],"about":[{"href":"https:\/\/www.budream.com\/de\/wp-json\/wp\/v2\/types\/product"}],"replies":[{"embeddable":true,"href":"https:\/\/www.budream.com\/de\/wp-json\/wp\/v2\/comments?post=147348"}],"version-history":[{"count":2,"href":"https:\/\/www.budream.com\/de\/wp-json\/wp\/v2\/product\/147348\/revisions"}],"predecessor-version":[{"id":260023,"href":"https:\/\/www.budream.com\/de\/wp-json\/wp\/v2\/product\/147348\/revisions\/260023"}],"wp:featuredmedia":[{"embeddable":true,"href":"https:\/\/www.budream.com\/de\/wp-json\/wp\/v2\/media\/147334"}],"wp:attachment":[{"href":"https:\/\/www.budream.com\/de\/wp-json\/wp\/v2\/media?parent=147348"}],"wp:term":[{"taxonomy":"product_brand","embeddable":true,"href":"https:\/\/www.budream.com\/de\/wp-json\/wp\/v2\/product_brand?post=147348"},{"taxonomy":"product_cat","embeddable":true,"href":"https:\/\/www.budream.com\/de\/wp-json\/wp\/v2\/product_cat?post=147348"},{"taxonomy":"product_tag","embeddable":true,"href":"https:\/\/www.budream.com\/de\/wp-json\/wp\/v2\/product_tag?post=147348"}],"curies":[{"name":"wp","href":"https:\/\/api.w.org\/{rel}","templated":true}]}}