{"id":147808,"date":"2025-07-31T09:34:40","date_gmt":"2025-07-31T07:34:40","guid":{"rendered":"https:\/\/www.budream.com\/shop\/green-house-seed-co-cloud-walker-fem\/"},"modified":"2026-03-26T12:20:41","modified_gmt":"2026-03-26T10:20:41","slug":"green-house-seed-co-cloud-walker-fem","status":"publish","type":"product","link":"https:\/\/www.budream.com\/de\/shop\/green-house-seed-co-cloud-walker-fem\/","title":{"rendered":"GREEN HOUSE SEED CO. &#8211; CLOUD WALKER FEM"},"content":{"rendered":"<p>Cloud Walker ist eine Kombination aus zwei einzigartigen Genetiken. Auf der einen Seite ist ein ausgew\u00e4hlter Ph\u00e4notyp von Punto Roja, einer ber\u00fchmten einheimischen Sorte aus Kolumbien. Auf der anderen Seite ist Mendo Breath, ein Standbein aus Mendocino, Calif.<\/p>\n<h2><strong>Merkmale Cloud Walker Fem<\/strong><\/h2>\n<ul style=\"list-style-type: disc\">\n<li><strong>Gattung:<\/strong> Feminisiert<\/li>\n<li><strong>Genotyp:<\/strong> Hybrid 40% Indica 60% Sativa<\/li>\n<li><strong>Genetik:<\/strong> Punta Roja x Mendo Breath<\/li>\n<li><strong>Tage:<\/strong> 63-70<\/li>\n<\/ul>\n<p><span style=\"font-size: 11pt\"><em><strong>ACHTUNG:<\/strong> Hanfsamen sind vom gesetzlichen Begriff Cannabis ausgenommen, was bedeutet, dass sie nicht als Bet\u00e4ubungsmittel gelten (Gesetz 412 von 1974, Artikel 1, Absatz 1, Buchstabe B; Einheits\u00fcbereinkommen \u00fcber Bet\u00e4ubungsmittel von New York von 1961 und Tabelle II des Ministerialerlasses 27\/7\/1992). In Italien ist der Anbau von Hanf verboten (Artikel 28 und 73 des Pr\u00e4sidialdekrets 309\/90), es sei denn, es liegt eine Sondergenehmigung vor (Artikel 17 des Pr\u00e4sidialdekrets 309\/90). In Ermangelung einer solchen Genehmigung darf das Saatgut nur f\u00fcr andere Zwecke verwendet werden (zootechnische Zwecke, Sammeln usw.). Das Saatgut wird unter dem Vorbehalt verkauft, dass es nicht von Dritten im Widerspruch zu den gesetzlichen Bestimmungen verwendet wird.<\/em><\/span><\/p>\n","protected":false},"excerpt":{"rendered":"<p>\ud83c\udf3f CLOUD WALKER von GREEN HOUSE SEED CO. \u00b7 \ud83e\uddec Sativa Dominant (60%+) \u00b7 \ud83d\udd25 THC sehr hoch (Sehr hoch (20\u202f%+)) \u00b7 \ud83d\udce6 Ertrag XL.<\/p>\n","protected":false},"featured_media":214880,"comment_status":"open","ping_status":"closed","template":"","meta":[],"product_brand":[],"product_cat":[7952],"product_tag":[10126,8696,10128,8533,8511,10124,10150],"class_list":{"0":"post-147808","1":"product","2":"type-product","3":"status-publish","4":"has-post-thumbnail","6":"product_cat-seedshop-de","7":"product_tag-cannabis-samen","8":"product_tag-cloud-walker","9":"product_tag-feminisierte-samen","10":"product_tag-green-house-seed-co","11":"product_tag-sativa","12":"product_tag-thc-sehr-hoch","13":"product_tag-zitrusartig","15":"first","16":"instock","17":"taxable","18":"shipping-taxable","19":"purchasable","20":"product-type-variable"},"aioseo_notices":[],"_links":{"self":[{"href":"https:\/\/www.budream.com\/de\/wp-json\/wp\/v2\/product\/147808","targetHints":{"allow":["GET"]}}],"collection":[{"href":"https:\/\/www.budream.com\/de\/wp-json\/wp\/v2\/product"}],"about":[{"href":"https:\/\/www.budream.com\/de\/wp-json\/wp\/v2\/types\/product"}],"replies":[{"embeddable":true,"href":"https:\/\/www.budream.com\/de\/wp-json\/wp\/v2\/comments?post=147808"}],"version-history":[{"count":2,"href":"https:\/\/www.budream.com\/de\/wp-json\/wp\/v2\/product\/147808\/revisions"}],"predecessor-version":[{"id":260212,"href":"https:\/\/www.budream.com\/de\/wp-json\/wp\/v2\/product\/147808\/revisions\/260212"}],"wp:featuredmedia":[{"embeddable":true,"href":"https:\/\/www.budream.com\/de\/wp-json\/wp\/v2\/media\/214880"}],"wp:attachment":[{"href":"https:\/\/www.budream.com\/de\/wp-json\/wp\/v2\/media?parent=147808"}],"wp:term":[{"taxonomy":"product_brand","embeddable":true,"href":"https:\/\/www.budream.com\/de\/wp-json\/wp\/v2\/product_brand?post=147808"},{"taxonomy":"product_cat","embeddable":true,"href":"https:\/\/www.budream.com\/de\/wp-json\/wp\/v2\/product_cat?post=147808"},{"taxonomy":"product_tag","embeddable":true,"href":"https:\/\/www.budream.com\/de\/wp-json\/wp\/v2\/product_tag?post=147808"}],"curies":[{"name":"wp","href":"https:\/\/api.w.org\/{rel}","templated":true}]}}