{"id":147965,"date":"2025-07-31T09:40:50","date_gmt":"2025-07-31T07:40:50","guid":{"rendered":"https:\/\/www.budream.com\/shop\/niederlaendische-leidenschaft-cbg-force-fem\/"},"modified":"2026-03-21T13:16:18","modified_gmt":"2026-03-21T11:16:18","slug":"niederlaendische-leidenschaft-cbg-force-fem","status":"publish","type":"product","link":"https:\/\/www.budream.com\/de\/shop\/niederlaendische-leidenschaft-cbg-force-fem\/","title":{"rendered":"NIEDERL\u00c4NDISCHE LEIDENSCHAFT &#8211; CBG-FORCE FEM"},"content":{"rendered":"<p><strong>CBG-FORCE<\/strong> ist ein ausgewogener Hybrid zwischen Indica und Sativa, vielseitig und f\u00fcr jede Gelegenheit geeignet von DUTCH PASSION. Verf\u00fcgbar in Packungen mit 10 Samen feminisiert. Mit niedrigem THC-Gehalt (Sehr niedrig (0\u20134\u202f%)), diese Pflanze richtet sich an eine breite Palette von Z\u00fcchtern. Im Anbau, bl\u00fcht schnell in 7-9 Wochen und garantiert reichlich Ertr\u00e4ge. In der Nase und am Gaumen zeichnet sich sein \ud83c\udf53 S\u00fc\u00df \/ Fruchtig-Aroma aus.<\/p>\n","protected":false},"excerpt":{"rendered":"<p>\ud83c\udf3f CBG-FORCE von DUTCH PASSION \u00b7 \ud83e\uddec Indica \/ Sativa \u00b7 \ud83d\udce6 Ertrag XL.<\/p>\n","protected":false},"featured_media":147949,"comment_status":"open","ping_status":"closed","template":"","meta":[],"product_brand":[],"product_cat":[7952],"product_tag":[10128,10171,8508,8510,8511,8700,9931,10126],"class_list":{"0":"post-147965","1":"product","2":"type-product","3":"status-publish","4":"has-post-thumbnail","6":"product_cat-seedshop-de","7":"product_tag-feminisierte-samen","8":"product_tag-suess-fruchtig","9":"product_tag-dutch-passion","10":"product_tag-indica","11":"product_tag-sativa","12":"product_tag-cbg-force","13":"product_tag-hybrid","14":"product_tag-cannabis-samen","16":"first","17":"instock","18":"taxable","19":"shipping-taxable","20":"purchasable","21":"product-type-variable"},"aioseo_notices":[],"_links":{"self":[{"href":"https:\/\/www.budream.com\/de\/wp-json\/wp\/v2\/product\/147965","targetHints":{"allow":["GET"]}}],"collection":[{"href":"https:\/\/www.budream.com\/de\/wp-json\/wp\/v2\/product"}],"about":[{"href":"https:\/\/www.budream.com\/de\/wp-json\/wp\/v2\/types\/product"}],"replies":[{"embeddable":true,"href":"https:\/\/www.budream.com\/de\/wp-json\/wp\/v2\/comments?post=147965"}],"version-history":[{"count":1,"href":"https:\/\/www.budream.com\/de\/wp-json\/wp\/v2\/product\/147965\/revisions"}],"predecessor-version":[{"id":258829,"href":"https:\/\/www.budream.com\/de\/wp-json\/wp\/v2\/product\/147965\/revisions\/258829"}],"wp:featuredmedia":[{"embeddable":true,"href":"https:\/\/www.budream.com\/de\/wp-json\/wp\/v2\/media\/147949"}],"wp:attachment":[{"href":"https:\/\/www.budream.com\/de\/wp-json\/wp\/v2\/media?parent=147965"}],"wp:term":[{"taxonomy":"product_brand","embeddable":true,"href":"https:\/\/www.budream.com\/de\/wp-json\/wp\/v2\/product_brand?post=147965"},{"taxonomy":"product_cat","embeddable":true,"href":"https:\/\/www.budream.com\/de\/wp-json\/wp\/v2\/product_cat?post=147965"},{"taxonomy":"product_tag","embeddable":true,"href":"https:\/\/www.budream.com\/de\/wp-json\/wp\/v2\/product_tag?post=147965"}],"curies":[{"name":"wp","href":"https:\/\/api.w.org\/{rel}","templated":true}]}}