{"id":148111,"date":"2025-07-31T09:46:19","date_gmt":"2025-07-31T07:46:19","guid":{"rendered":"https:\/\/www.budream.com\/shop\/barneys-farm-ananas-express-auto-fem\/"},"modified":"2026-04-16T12:02:29","modified_gmt":"2026-04-16T10:02:29","slug":"barneys-farm-ananas-express-auto-fem","status":"publish","type":"product","link":"https:\/\/www.budream.com\/de\/shop\/barneys-farm-ananas-express-auto-fem\/","title":{"rendered":"BARNEY&#8217;S FARM &#8211; ANANAS EXPRESS AUTO FEM"},"content":{"rendered":"<div style=\"text-align: justify\">Die ber\u00fchmte PINEAPPLE CHUNK ist jetzt im Autoflowering-Modus erh\u00e4ltlich. PINEAPPLE EXPRESS AUTO ist eine robuste, schnell bl\u00fchende Cannabis-Pflanze.<\/div>\n<p><\/p>\n<h2><strong>Eigenschaften Pineapple Express Auto Fem:<\/strong><\/h2>\n<ul style=\"list-style-type: disc\">\n<li><strong>Gattung:<\/strong> Autoflowering<\/li>\n<li><strong>Genotyp:<\/strong> 70% Indica \/ 30% Sativa<\/li>\n<li><strong>Genetik:<\/strong> Pineapple Chunk x BF Super Auto #1<\/li>\n<li><strong>Tage:<\/strong> 60 &#8211; 65 Tage<\/li>\n<\/ul>\n<p><\/p>\n<div style=\"text-align: justify\"><span style=\"font-size: 11pt\"><em><strong>WARNUNG:<\/strong> Hanfsamen sind vom gesetzlichen Begriff Cannabis ausgenommen, was bedeutet, dass sie nicht als Bet\u00e4ubungsmittel gelten (L. 412 von 1974, Art. 1, Absatz 1, Buchstabe B; Einheits\u00fcbereinkommen \u00fcber Bet\u00e4ubungsmittel von New York von 1961 und Tabelle II des Ministerialerlasses 27\/7\/1992). In Italien ist der Anbau von Hanf verboten (Artikel 28 und 73 des Pr\u00e4sidialdekrets 309\/90), es sei denn, es liegt eine Sondergenehmigung vor (Artikel 17 des Pr\u00e4sidialdekrets 309\/90). In Ermangelung einer solchen Genehmigung darf das Saatgut nur f\u00fcr andere Zwecke verwendet werden (zootechnische Zwecke, Sammeln usw.). Das Saatgut wird unter dem Vorbehalt verkauft, dass es nicht von Dritten im Widerspruch zu den gesetzlichen Bestimmungen verwendet wird.<\/em><\/span><\/div>\n","protected":false},"excerpt":{"rendered":"<p>\ud83c\udf3f ANANAS EXPRESS AUTO von BARNEY&#8217;S FARM \u00b7 \ud83d\udcaa THC hoch (Hoch (15\u201319\u202f%)).<\/p>\n","protected":false},"featured_media":148100,"comment_status":"open","ping_status":"closed","template":"","meta":[],"product_brand":[],"product_cat":[7952],"product_tag":[10248,8645,10027,10126,10128,10140],"class_list":{"0":"post-148111","1":"product","2":"type-product","3":"status-publish","4":"has-post-thumbnail","6":"product_cat-seedshop-de","7":"product_tag-ananas-express-auto","8":"product_tag-barneys-farm","9":"product_tag-indica-dominant-60","10":"product_tag-cannabis-samen","11":"product_tag-feminisierte-samen","12":"product_tag-thc-hoch","14":"first","15":"instock","16":"sale","17":"taxable","18":"shipping-taxable","19":"purchasable","20":"product-type-variable"},"_links":{"self":[{"href":"https:\/\/www.budream.com\/de\/wp-json\/wp\/v2\/product\/148111","targetHints":{"allow":["GET"]}}],"collection":[{"href":"https:\/\/www.budream.com\/de\/wp-json\/wp\/v2\/product"}],"about":[{"href":"https:\/\/www.budream.com\/de\/wp-json\/wp\/v2\/types\/product"}],"replies":[{"embeddable":true,"href":"https:\/\/www.budream.com\/de\/wp-json\/wp\/v2\/comments?post=148111"}],"version-history":[{"count":2,"href":"https:\/\/www.budream.com\/de\/wp-json\/wp\/v2\/product\/148111\/revisions"}],"predecessor-version":[{"id":260014,"href":"https:\/\/www.budream.com\/de\/wp-json\/wp\/v2\/product\/148111\/revisions\/260014"}],"wp:featuredmedia":[{"embeddable":true,"href":"https:\/\/www.budream.com\/de\/wp-json\/wp\/v2\/media\/148100"}],"wp:attachment":[{"href":"https:\/\/www.budream.com\/de\/wp-json\/wp\/v2\/media?parent=148111"}],"wp:term":[{"taxonomy":"product_brand","embeddable":true,"href":"https:\/\/www.budream.com\/de\/wp-json\/wp\/v2\/product_brand?post=148111"},{"taxonomy":"product_cat","embeddable":true,"href":"https:\/\/www.budream.com\/de\/wp-json\/wp\/v2\/product_cat?post=148111"},{"taxonomy":"product_tag","embeddable":true,"href":"https:\/\/www.budream.com\/de\/wp-json\/wp\/v2\/product_tag?post=148111"}],"curies":[{"name":"wp","href":"https:\/\/api.w.org\/{rel}","templated":true}]}}