{"id":148989,"date":"2025-07-31T10:08:40","date_gmt":"2025-07-31T08:08:40","guid":{"rendered":"https:\/\/www.budream.com\/shop\/barneys-farm-peyote-cookies-fem-verfuegbar-solange-der-vorrat-reicht\/"},"modified":"2026-03-21T13:17:34","modified_gmt":"2026-03-21T11:17:34","slug":"barneys-farm-peyote-cookies-fem-verfuegbar-solange-der-vorrat-reicht","status":"publish","type":"product","link":"https:\/\/www.budream.com\/de\/shop\/barneys-farm-peyote-cookies-fem-verfuegbar-solange-der-vorrat-reicht\/","title":{"rendered":"BARNEY&#8217;S FARM &#8211; PEYOTE COOKIES FEM Verf\u00fcgbar solange der Vorrat reicht"},"content":{"rendered":"<p><strong>PEYOTE COOKIES<\/strong> ist eine \u00fcberwiegend Indica-Sorte mit tiefgreifenden und entspannenden Effekten von BARNEY&#8217;S FARM. Verf\u00fcgbar in Packungen mit 1 Samen feminisiert. Mit gutem THC-Gehalt (Hoch (15\u201319\u202f%)), diese Pflanze richtet sich an diejenigen, die Potenz und Qualit\u00e4t suchen. Im Anbau, bl\u00fcht schnell in 7-9 Wochen und produziert gro\u00dfz\u00fcgige Ertr\u00e4ge. In der Nase und am Gaumen zeichnet sich sein \ud83c\udf53 S\u00fc\u00df \/ Fruchtig-Aroma aus.<\/p>\n","protected":false},"excerpt":{"rendered":"<p>\ud83c\udf3f PEYOTE COOKIES von BARNEY&#8217;S FARM \u00b7 \ud83e\uddec Indica (90%+) \u00b7 \ud83d\udcaa THC hoch (Hoch (15\u201319\u202f%)).<\/p>\n","protected":false},"featured_media":148977,"comment_status":"open","ping_status":"closed","template":"","meta":[],"product_brand":[],"product_cat":[7952],"product_tag":[10140,10171,10250,8510,8645,10126,10128],"class_list":{"0":"post-148989","1":"product","2":"type-product","3":"status-publish","4":"has-post-thumbnail","6":"product_cat-seedshop-de","7":"product_tag-thc-hoch","8":"product_tag-suess-fruchtig","9":"product_tag-peyote-cookies-fem-verfuegbar-solange-der-vorrat-reicht","10":"product_tag-indica","11":"product_tag-barneys-farm","12":"product_tag-cannabis-samen","13":"product_tag-feminisierte-samen","15":"first","16":"outofstock","17":"taxable","18":"shipping-taxable","19":"product-type-variable"},"_links":{"self":[{"href":"https:\/\/www.budream.com\/de\/wp-json\/wp\/v2\/product\/148989","targetHints":{"allow":["GET"]}}],"collection":[{"href":"https:\/\/www.budream.com\/de\/wp-json\/wp\/v2\/product"}],"about":[{"href":"https:\/\/www.budream.com\/de\/wp-json\/wp\/v2\/types\/product"}],"replies":[{"embeddable":true,"href":"https:\/\/www.budream.com\/de\/wp-json\/wp\/v2\/comments?post=148989"}],"version-history":[{"count":1,"href":"https:\/\/www.budream.com\/de\/wp-json\/wp\/v2\/product\/148989\/revisions"}],"predecessor-version":[{"id":258832,"href":"https:\/\/www.budream.com\/de\/wp-json\/wp\/v2\/product\/148989\/revisions\/258832"}],"wp:featuredmedia":[{"embeddable":true,"href":"https:\/\/www.budream.com\/de\/wp-json\/wp\/v2\/media\/148977"}],"wp:attachment":[{"href":"https:\/\/www.budream.com\/de\/wp-json\/wp\/v2\/media?parent=148989"}],"wp:term":[{"taxonomy":"product_brand","embeddable":true,"href":"https:\/\/www.budream.com\/de\/wp-json\/wp\/v2\/product_brand?post=148989"},{"taxonomy":"product_cat","embeddable":true,"href":"https:\/\/www.budream.com\/de\/wp-json\/wp\/v2\/product_cat?post=148989"},{"taxonomy":"product_tag","embeddable":true,"href":"https:\/\/www.budream.com\/de\/wp-json\/wp\/v2\/product_tag?post=148989"}],"curies":[{"name":"wp","href":"https:\/\/api.w.org\/{rel}","templated":true}]}}