{"id":150629,"date":"2025-07-31T10:56:45","date_gmt":"2025-07-31T08:56:45","guid":{"rendered":"https:\/\/www.budream.com\/shop\/hanfsamen-sorte-cs-ce\/"},"modified":"2026-03-24T19:55:05","modified_gmt":"2026-03-24T17:55:05","slug":"hanfsamen-sorte-cs-ce","status":"publish","type":"product","link":"https:\/\/www.budream.com\/de\/shop\/hanfsamen-sorte-cs-ce\/","title":{"rendered":"HANFSAMEN SORTE CS CE"},"content":{"rendered":"<p>EC-zertifizierte Hanfsamen (Cannabis sativa L.) der Sorte CS.<br \/><strong><br \/>Genotyp:<\/strong> CS<br \/><strong>Land der Produktion:<\/strong> Italien<br \/><strong>Gewicht:<\/strong> 0,250 Kg<\/p>\n<p><\/p>\n<p>Carmagnola Selected wurde entwickelt, um den Anteil an langen Fasern im St\u00e4ngel der Sorte Carmagnola zu erh\u00f6hen, um die italienische Textilhanfindustrie im Rahmen eines Projekts aus dem Jahr 2001 zu f\u00f6rdern. Diese Sorte ist daher in Bezug auf Wuchsst\u00e4rke, Anbauzyklus und Struktur mit der &#8222;Muttersorte&#8220; Carmagnola identisch.<\/p>\n<p>Nachstehend sind die wichtigsten Merkmale aufgef\u00fchrt:<\/p>\n<p><strong>Genotyp<\/strong>: Dioica<\/p>\n<p><strong>Klimatische Anpassungsf\u00e4higkeit<\/strong>: Nord-, Mittel- und S\u00fcdeuropa, Nord-, Mittel- und S\u00fcdamerika<\/p>\n<p><strong>Vegetationszyklus<\/strong>: 160\/180 Tage<\/p>\n<p><strong>H\u00f6he<\/strong>: 2,5 &#8211; 6,5 Meter<\/p>\n<p><strong>Vollbl\u00fcte<\/strong>: August<\/p>\n<p><strong>Durchschnittlicher Samenertrag kg\/ha<\/strong>: 400 &#8211; 600<\/p>\n<p><strong>Durchschnittlicher Ballenertrag T\/ha<\/strong>: 10 &#8211; 15<\/p>\n<p><strong>Durchschnittlicher Ertrag der Bl\u00fctenst\u00e4nde** (Trockenbiomasse)<\/strong> <strong>Kg\/ha<\/strong>: 600 &#8211; 1000<\/p>\n<p><strong>THC<\/strong>: &lt; 0,2 %.<\/p>\n<p><strong>CBD*<\/strong>: 3-10 %.<\/p>\n","protected":false},"excerpt":{"rendered":"<p>\ud83c\udf3f HANFSAMEN SORTE CS CE von CREA.<\/p>\n","protected":false},"featured_media":150623,"comment_status":"open","ping_status":"closed","template":"","meta":[],"product_brand":[],"product_cat":[7952],"product_tag":[10126,10251,8568],"class_list":{"0":"post-150629","1":"product","2":"type-product","3":"status-publish","4":"has-post-thumbnail","6":"product_cat-seedshop-de","7":"product_tag-cannabis-samen","8":"product_tag-hanfsamen-sorte-cs-ce","9":"product_tag-crea","11":"first","12":"instock","13":"sale","14":"taxable","15":"shipping-taxable","16":"purchasable","17":"product-type-variable"},"_links":{"self":[{"href":"https:\/\/www.budream.com\/de\/wp-json\/wp\/v2\/product\/150629","targetHints":{"allow":["GET"]}}],"collection":[{"href":"https:\/\/www.budream.com\/de\/wp-json\/wp\/v2\/product"}],"about":[{"href":"https:\/\/www.budream.com\/de\/wp-json\/wp\/v2\/types\/product"}],"replies":[{"embeddable":true,"href":"https:\/\/www.budream.com\/de\/wp-json\/wp\/v2\/comments?post=150629"}],"version-history":[{"count":2,"href":"https:\/\/www.budream.com\/de\/wp-json\/wp\/v2\/product\/150629\/revisions"}],"predecessor-version":[{"id":260206,"href":"https:\/\/www.budream.com\/de\/wp-json\/wp\/v2\/product\/150629\/revisions\/260206"}],"wp:featuredmedia":[{"embeddable":true,"href":"https:\/\/www.budream.com\/de\/wp-json\/wp\/v2\/media\/150623"}],"wp:attachment":[{"href":"https:\/\/www.budream.com\/de\/wp-json\/wp\/v2\/media?parent=150629"}],"wp:term":[{"taxonomy":"product_brand","embeddable":true,"href":"https:\/\/www.budream.com\/de\/wp-json\/wp\/v2\/product_brand?post=150629"},{"taxonomy":"product_cat","embeddable":true,"href":"https:\/\/www.budream.com\/de\/wp-json\/wp\/v2\/product_cat?post=150629"},{"taxonomy":"product_tag","embeddable":true,"href":"https:\/\/www.budream.com\/de\/wp-json\/wp\/v2\/product_tag?post=150629"}],"curies":[{"name":"wp","href":"https:\/\/api.w.org\/{rel}","templated":true}]}}