{"id":150659,"date":"2025-07-31T10:58:13","date_gmt":"2025-07-31T08:58:13","guid":{"rendered":"https:\/\/www.budream.com\/shop\/hanfsamen-sorte-carmagnola-ce\/"},"modified":"2026-03-24T20:35:23","modified_gmt":"2026-03-24T18:35:23","slug":"hanfsamen-sorte-carmagnola-ce","status":"publish","type":"product","link":"https:\/\/www.budream.com\/de\/shop\/hanfsamen-sorte-carmagnola-ce\/","title":{"rendered":"HANFSAMEN SORTE CARMAGNOLA CE"},"content":{"rendered":"<p>Carmagnola&#8220; ist eine historische italienische Sorte, die seit Jahrhunderten in ganz Italien angebaut wird.<br \/>Es handelt sich um eine genetische Sorte, die f\u00fcr die Erzeugung von Fasern entwickelt wurde, heute aber f\u00fcr die Produktion von Bl\u00fctenst\u00e4nden und Biomasse f\u00fcr die Extraktion (CBD) gew\u00e4hlt wird. Sie produziert auch zufriedenstellende Mengen an Samen.<\/p>\n<p>Nachfolgend sind die wichtigsten Merkmale aufgef\u00fchrt:<\/p>\n<p>EG-zertifizierte Hanfsamen (Cannabis sativa L.) der Sorte Carmagnola.<br \/><strong>Genotyp:<\/strong> Carmagnola<br \/><strong>Erzeugerland:<\/strong> Italien<\/p>\n<p><\/p>\n<h2>WICHTIGSTE MERKMALE VON HANF SATIVA CARMAGNOLA<\/h2>\n<ul>\n<li>Genotyp: Dioica<\/li>\n<li>Klima: Nord-, Mittel- und S\u00fcdeuropa<\/li>\n<li>Vegetativer Zyklus: 160\/180 Tage<\/li>\n<li>Beginn der Bl\u00fctezeit: August<\/li>\n<li>M\u00f6gliche H\u00f6he: 2,5 &#8211; 6,5 Meter<\/li>\n<li>THC: &lt; 0,2%.<\/li>\n<li>CBD: bis zu 12%.<\/li>\n<li>Indica \/ Sativa 80% Sativa &#8211; 20% Indica<\/li>\n<li>Genetik Carmagnola<\/li>\n<li>Erntezeit Oktober<\/li>\n<li>Bl\u00fctezeit 75 Tage<\/li>\n<\/ul>\n","protected":false},"excerpt":{"rendered":"<p>\ud83c\udf3f HANFSAMEN SORTE CARMAGNOLA CE von CREA.<\/p>\n","protected":false},"featured_media":150653,"comment_status":"open","ping_status":"closed","template":"","meta":[],"product_brand":[],"product_cat":[7952],"product_tag":[10126,8568,10252],"class_list":{"0":"post-150659","1":"product","2":"type-product","3":"status-publish","4":"has-post-thumbnail","6":"product_cat-seedshop-de","7":"product_tag-cannabis-samen","8":"product_tag-crea","9":"product_tag-hanfsamen-sorte-carmagnola-ce","11":"first","12":"instock","13":"taxable","14":"shipping-taxable","15":"purchasable","16":"product-type-variable"},"aioseo_notices":[],"_links":{"self":[{"href":"https:\/\/www.budream.com\/de\/wp-json\/wp\/v2\/product\/150659","targetHints":{"allow":["GET"]}}],"collection":[{"href":"https:\/\/www.budream.com\/de\/wp-json\/wp\/v2\/product"}],"about":[{"href":"https:\/\/www.budream.com\/de\/wp-json\/wp\/v2\/types\/product"}],"replies":[{"embeddable":true,"href":"https:\/\/www.budream.com\/de\/wp-json\/wp\/v2\/comments?post=150659"}],"version-history":[{"count":2,"href":"https:\/\/www.budream.com\/de\/wp-json\/wp\/v2\/product\/150659\/revisions"}],"predecessor-version":[{"id":260612,"href":"https:\/\/www.budream.com\/de\/wp-json\/wp\/v2\/product\/150659\/revisions\/260612"}],"wp:featuredmedia":[{"embeddable":true,"href":"https:\/\/www.budream.com\/de\/wp-json\/wp\/v2\/media\/150653"}],"wp:attachment":[{"href":"https:\/\/www.budream.com\/de\/wp-json\/wp\/v2\/media?parent=150659"}],"wp:term":[{"taxonomy":"product_brand","embeddable":true,"href":"https:\/\/www.budream.com\/de\/wp-json\/wp\/v2\/product_brand?post=150659"},{"taxonomy":"product_cat","embeddable":true,"href":"https:\/\/www.budream.com\/de\/wp-json\/wp\/v2\/product_cat?post=150659"},{"taxonomy":"product_tag","embeddable":true,"href":"https:\/\/www.budream.com\/de\/wp-json\/wp\/v2\/product_tag?post=150659"}],"curies":[{"name":"wp","href":"https:\/\/api.w.org\/{rel}","templated":true}]}}