{"id":150694,"date":"2025-07-31T10:59:38","date_gmt":"2025-07-31T08:59:38","guid":{"rendered":"https:\/\/www.budream.com\/shop\/barneys-farm-bubba-kush-fem\/"},"modified":"2026-03-25T15:13:01","modified_gmt":"2026-03-25T13:13:01","slug":"barneys-farm-bubba-kush-fem","status":"publish","type":"product","link":"https:\/\/www.budream.com\/de\/shop\/barneys-farm-bubba-kush-fem\/","title":{"rendered":"BARNEY&#8217;S FARM &#8211; BUBBA KUSH FEM"},"content":{"rendered":"<div style=\"text-align: justify\">Diese au\u00dfergew\u00f6hnliche Pflanze stammt von der ber\u00fchmten Genetik ab, die urspr\u00fcnglich von einer nur als &#8222;Bubbha&#8220; bekannten Person in den Vereinigten Staaten entdeckt wurde. Sie wurde nun vom Team stabilisiert und auf einen Standard gebracht, der ihrer bekannten Geschichte und ihrem Ruf gerecht wird. Dies ist definitiv eine der beliebtesten Indicas der Welt.<\/div>\n<p><\/p>\n<h2><strong>Eigenschaften Bubba Kush Fem:<br \/><\/strong><\/h2>\n<ul style=\"list-style-type: disc\">\n<li><strong>Gattung:<\/strong> Feminisiert<\/li>\n<li><strong>Genotyp:<\/strong> 70% Indica 60 Sativa<\/li>\n<li><strong>Genetik:<\/strong> Afghan Kush Landrasse x OG Kush<\/li>\n<li><strong>Tage:<\/strong> 56 &#8211; 63 Tage<\/li>\n<\/ul>\n<p><\/p>\n<div style=\"text-align: justify\"><span style=\"font-size: 11pt\"><em><strong>WARNUNG:<\/strong> Hanfsamen sind vom gesetzlichen Begriff Cannabis ausgenommen, was bedeutet, dass sie nicht als Bet\u00e4ubungsmittel gelten (L. 412 von 1974, Art. 1, Absatz 1, Buchstabe B; Einheits\u00fcbereinkommen \u00fcber Bet\u00e4ubungsmittel von New York von 1961 und Tabelle II des Ministerialerlasses 27\/7\/1992). In Italien ist der Anbau von Hanf verboten (Artikel 28 und 73 des Pr\u00e4sidialdekrets 309\/90), es sei denn, es liegt eine Sondergenehmigung vor (Artikel 17 des Pr\u00e4sidialdekrets 309\/90). In Ermangelung einer solchen Genehmigung darf das Saatgut nur f\u00fcr andere Zwecke verwendet werden (zootechnische Zwecke, Sammeln usw.). Das Saatgut wird unter dem Vorbehalt verkauft, dass es nicht von Dritten im Widerspruch zu den gesetzlichen Bestimmungen verwendet wird.<\/em><\/span><\/div>\n","protected":false},"excerpt":{"rendered":"<p>\ud83c\udf3f BUBBA KUSH von BARNEY&#8217;S FARM \u00b7 \ud83e\uddec Indica Dominant (60%+) \u00b7 \ud83d\udd25 THC sehr hoch (Sehr hoch (20\u202f%+)) \u00b7 \ud83d\udce6 Ertrag XL.<\/p>\n","protected":false},"featured_media":150683,"comment_status":"open","ping_status":"closed","template":"","meta":[],"product_brand":[],"product_cat":[7952],"product_tag":[8645,8707,10126,10147,10128,8510,10124],"class_list":{"0":"post-150694","1":"product","2":"type-product","3":"status-publish","4":"has-post-thumbnail","6":"product_cat-seedshop-de","7":"product_tag-barneys-farm","8":"product_tag-bubba-kush","9":"product_tag-cannabis-samen","10":"product_tag-erdiger","11":"product_tag-feminisierte-samen","12":"product_tag-indica","13":"product_tag-thc-sehr-hoch","15":"first","16":"instock","17":"taxable","18":"shipping-taxable","19":"purchasable","20":"product-type-variable"},"aioseo_notices":[],"_links":{"self":[{"href":"https:\/\/www.budream.com\/de\/wp-json\/wp\/v2\/product\/150694","targetHints":{"allow":["GET"]}}],"collection":[{"href":"https:\/\/www.budream.com\/de\/wp-json\/wp\/v2\/product"}],"about":[{"href":"https:\/\/www.budream.com\/de\/wp-json\/wp\/v2\/types\/product"}],"replies":[{"embeddable":true,"href":"https:\/\/www.budream.com\/de\/wp-json\/wp\/v2\/comments?post=150694"}],"version-history":[{"count":2,"href":"https:\/\/www.budream.com\/de\/wp-json\/wp\/v2\/product\/150694\/revisions"}],"predecessor-version":[{"id":259821,"href":"https:\/\/www.budream.com\/de\/wp-json\/wp\/v2\/product\/150694\/revisions\/259821"}],"wp:featuredmedia":[{"embeddable":true,"href":"https:\/\/www.budream.com\/de\/wp-json\/wp\/v2\/media\/150683"}],"wp:attachment":[{"href":"https:\/\/www.budream.com\/de\/wp-json\/wp\/v2\/media?parent=150694"}],"wp:term":[{"taxonomy":"product_brand","embeddable":true,"href":"https:\/\/www.budream.com\/de\/wp-json\/wp\/v2\/product_brand?post=150694"},{"taxonomy":"product_cat","embeddable":true,"href":"https:\/\/www.budream.com\/de\/wp-json\/wp\/v2\/product_cat?post=150694"},{"taxonomy":"product_tag","embeddable":true,"href":"https:\/\/www.budream.com\/de\/wp-json\/wp\/v2\/product_tag?post=150694"}],"curies":[{"name":"wp","href":"https:\/\/api.w.org\/{rel}","templated":true}]}}