{"id":150736,"date":"2025-07-31T11:01:27","date_gmt":"2025-07-31T09:01:27","guid":{"rendered":"https:\/\/www.budream.com\/shop\/barneys-farm-moby-dick-fem\/"},"modified":"2026-03-25T15:46:45","modified_gmt":"2026-03-25T13:46:45","slug":"barneys-farm-moby-dick-fem","status":"publish","type":"product","link":"https:\/\/www.budream.com\/de\/shop\/barneys-farm-moby-dick-fem\/","title":{"rendered":"BARNEY&#8217;S FARM &#8211; MOBY DICK FEM"},"content":{"rendered":"<div style=\"text-align: justify\">Diese wenig bekannte Knospe hat sich dank ihrer \u00fcberraschend konstanten Ertr\u00e4ge bei Anf\u00e4ngern und erfahrenen Z\u00fcchtern gleicherma\u00dfen als sehr beliebt erwiesen. Machen Sie sich bereit, das Schwergewicht der Sorte kennenzulernen &#8211; Moby Dick.<\/div>\n<p><\/p>\n<h2><strong>Eigenschaften Moby Dick Fem:<br \/><\/strong><\/h2>\n<ul style=\"list-style-type: disc\">\n<li><strong>Gattung:<\/strong> Feminisiert<\/li>\n<li><strong>Genotyp:<\/strong> 25% Indica 75% Sativa<\/li>\n<li><strong>Genetik:<\/strong> G13 Haze x White Widow<\/li>\n<li>Tage<strong>:<\/strong> 63 &#8211; 70 Tage<\/li>\n<\/ul>\n<p><\/p>\n<div style=\"text-align: justify\"><span style=\"font-size: 11pt\"><em><strong>WARNUNG:<\/strong> Hanfsamen sind vom gesetzlichen Begriff Cannabis ausgenommen, was bedeutet, dass sie nicht als Bet\u00e4ubungsmittel gelten (L. 412 von 1974, Art. 1, Absatz 1, Buchstabe B; Einheits\u00fcbereinkommen \u00fcber Bet\u00e4ubungsmittel von New York von 1961 und Tabelle II des Ministerialerlasses 27\/7\/1992). In Italien ist der Anbau von Hanf verboten (Artikel 28 und 73 des Pr\u00e4sidialdekrets 309\/90), es sei denn, es liegt eine Sondergenehmigung vor (Artikel 17 des Pr\u00e4sidialdekrets 309\/90). In Ermangelung einer solchen Genehmigung darf das Saatgut nur f\u00fcr andere Zwecke verwendet werden (zootechnische Zwecke, Sammeln usw.). Das Saatgut wird unter dem Vorbehalt verkauft, dass es nicht von Dritten im Widerspruch zu den gesetzlichen Bestimmungen verwendet wird.<\/em><\/span><\/div>\n","protected":false},"excerpt":{"rendered":"<p>\ud83c\udf3f MOBY DICK von BARNEY&#8217;S FARM \u00b7 \ud83e\uddec Sativa Dominant (60%+) \u00b7 \ud83d\udd25 THC sehr hoch (Sehr hoch (20\u202f%+)) \u00b7 \ud83c\udfc6 Ertrag XXL.<\/p>\n","protected":false},"featured_media":150725,"comment_status":"open","ping_status":"closed","template":"","meta":[],"product_brand":[],"product_cat":[7952],"product_tag":[8645,10126,10125,10128,8708,8511,10124,10150],"class_list":{"0":"post-150736","1":"product","2":"type-product","3":"status-publish","4":"has-post-thumbnail","6":"product_cat-seedshop-de","7":"product_tag-barneys-farm","8":"product_tag-cannabis-samen","9":"product_tag-ertrag-xxl","10":"product_tag-feminisierte-samen","11":"product_tag-moby-dick","12":"product_tag-sativa","13":"product_tag-thc-sehr-hoch","14":"product_tag-zitrusartig","16":"first","17":"instock","18":"taxable","19":"shipping-taxable","20":"purchasable","21":"product-type-variable"},"aioseo_notices":[],"_links":{"self":[{"href":"https:\/\/www.budream.com\/de\/wp-json\/wp\/v2\/product\/150736","targetHints":{"allow":["GET"]}}],"collection":[{"href":"https:\/\/www.budream.com\/de\/wp-json\/wp\/v2\/product"}],"about":[{"href":"https:\/\/www.budream.com\/de\/wp-json\/wp\/v2\/types\/product"}],"replies":[{"embeddable":true,"href":"https:\/\/www.budream.com\/de\/wp-json\/wp\/v2\/comments?post=150736"}],"version-history":[{"count":2,"href":"https:\/\/www.budream.com\/de\/wp-json\/wp\/v2\/product\/150736\/revisions"}],"predecessor-version":[{"id":259964,"href":"https:\/\/www.budream.com\/de\/wp-json\/wp\/v2\/product\/150736\/revisions\/259964"}],"wp:featuredmedia":[{"embeddable":true,"href":"https:\/\/www.budream.com\/de\/wp-json\/wp\/v2\/media\/150725"}],"wp:attachment":[{"href":"https:\/\/www.budream.com\/de\/wp-json\/wp\/v2\/media?parent=150736"}],"wp:term":[{"taxonomy":"product_brand","embeddable":true,"href":"https:\/\/www.budream.com\/de\/wp-json\/wp\/v2\/product_brand?post=150736"},{"taxonomy":"product_cat","embeddable":true,"href":"https:\/\/www.budream.com\/de\/wp-json\/wp\/v2\/product_cat?post=150736"},{"taxonomy":"product_tag","embeddable":true,"href":"https:\/\/www.budream.com\/de\/wp-json\/wp\/v2\/product_tag?post=150736"}],"curies":[{"name":"wp","href":"https:\/\/api.w.org\/{rel}","templated":true}]}}