{"id":150822,"date":"2025-07-31T11:04:59","date_gmt":"2025-07-31T09:04:59","guid":{"rendered":"https:\/\/www.budream.com\/shop\/barneys-farm-wassermelone-zkittlez-auto\/"},"modified":"2026-03-30T18:13:17","modified_gmt":"2026-03-30T16:13:17","slug":"barneys-farm-wassermelone-zkittlez-auto","status":"publish","type":"product","link":"https:\/\/www.budream.com\/de\/shop\/barneys-farm-wassermelone-zkittlez-auto\/","title":{"rendered":"BARNEY&#8217;S FARM &#8211; WASSERMELONE ZKITTLEZ AUTO"},"content":{"rendered":"<div style=\"text-align: justify\">Watermelon Zkittlez Auto von Barneys Farm: Sei vorsichtig, denn Watermelon Zkittlez Auto hat die Macht, Dich wie Kegel fliegen zu lassen.<\/div>\n<div style=\"text-align: justify\">Autoflowering Version von Barney&#8217;s Farm&#8217;s neuer Watermelon Zkittlez.<\/div>\n<p><\/p>\n<h2><strong>Eigenschaften Watermelon Zkittlez Auto Fem:<\/strong><\/h2>\n<ul style=\"list-style-type: disc\">\n<li><strong>Gattung:<\/strong> Autoflowering<\/li>\n<li><strong>Genotyp:<\/strong> 60% Indica \/ 40% Sativa<\/li>\n<li><strong>Genetik:<\/strong> Wassermelone Zkittlez x BF Super Auto #1<\/li>\n<li>Tage<strong>:<\/strong> 70 Tage<\/li>\n<\/ul>\n<p><\/p>\n<div style=\"text-align: justify\"><span style=\"font-size: 11pt\"><em><strong>WARNUNG:<\/strong> Hanfsamen sind vom gesetzlichen Begriff Cannabis ausgenommen, was bedeutet, dass sie nicht als Bet\u00e4ubungsmittel gelten (L. 412 von 1974, Art. 1, Komma 1, Buchstabe B; Einheits\u00fcbereinkommen \u00fcber Bet\u00e4ubungsmittel von New York von 1961 und Tabelle II des Ministerialerlasses 27\/7\/1992). In Italien ist der Anbau von Hanf verboten (Artikel 28 und 73 des Pr\u00e4sidialdekrets 309\/90), es sei denn, es liegt eine Sondergenehmigung vor (Artikel 17 des Pr\u00e4sidialdekrets 309\/90). In Ermangelung einer solchen Genehmigung darf das Saatgut nur f\u00fcr andere Zwecke verwendet werden (zootechnische Zwecke, Sammeln usw.). Das Saatgut wird unter dem Vorbehalt verkauft, dass es nicht von Dritten im Widerspruch zu den gesetzlichen Bestimmungen verwendet wird.<\/em><\/span><\/div>\n","protected":false},"excerpt":{"rendered":"<p>\ud83c\udf3f WASSERMELONE ZKITTLEZ von BARNEY&#8217;S FARM \u00b7 \ud83e\uddec Indica Dominant (60%+) \u00b7 \ud83d\udd25 THC sehr hoch (Sehr hoch (20\u202f%+)).<\/p>\n","protected":false},"featured_media":150811,"comment_status":"open","ping_status":"closed","template":"","meta":[],"product_brand":[],"product_cat":[7952],"product_tag":[8645,10126,10128,8510,10171,10124,10253],"class_list":{"0":"post-150822","1":"product","2":"type-product","3":"status-publish","4":"has-post-thumbnail","6":"product_cat-seedshop-de","7":"product_tag-barneys-farm","8":"product_tag-cannabis-samen","9":"product_tag-feminisierte-samen","10":"product_tag-indica","11":"product_tag-suess-fruchtig","12":"product_tag-thc-sehr-hoch","13":"product_tag-wassermelone-zkittlez","15":"first","16":"instock","17":"taxable","18":"shipping-taxable","19":"purchasable","20":"product-type-variable"},"aioseo_notices":[],"_links":{"self":[{"href":"https:\/\/www.budream.com\/de\/wp-json\/wp\/v2\/product\/150822","targetHints":{"allow":["GET"]}}],"collection":[{"href":"https:\/\/www.budream.com\/de\/wp-json\/wp\/v2\/product"}],"about":[{"href":"https:\/\/www.budream.com\/de\/wp-json\/wp\/v2\/types\/product"}],"replies":[{"embeddable":true,"href":"https:\/\/www.budream.com\/de\/wp-json\/wp\/v2\/comments?post=150822"}],"version-history":[{"count":2,"href":"https:\/\/www.budream.com\/de\/wp-json\/wp\/v2\/product\/150822\/revisions"}],"predecessor-version":[{"id":260011,"href":"https:\/\/www.budream.com\/de\/wp-json\/wp\/v2\/product\/150822\/revisions\/260011"}],"wp:featuredmedia":[{"embeddable":true,"href":"https:\/\/www.budream.com\/de\/wp-json\/wp\/v2\/media\/150811"}],"wp:attachment":[{"href":"https:\/\/www.budream.com\/de\/wp-json\/wp\/v2\/media?parent=150822"}],"wp:term":[{"taxonomy":"product_brand","embeddable":true,"href":"https:\/\/www.budream.com\/de\/wp-json\/wp\/v2\/product_brand?post=150822"},{"taxonomy":"product_cat","embeddable":true,"href":"https:\/\/www.budream.com\/de\/wp-json\/wp\/v2\/product_cat?post=150822"},{"taxonomy":"product_tag","embeddable":true,"href":"https:\/\/www.budream.com\/de\/wp-json\/wp\/v2\/product_tag?post=150822"}],"curies":[{"name":"wp","href":"https:\/\/api.w.org\/{rel}","templated":true}]}}