{"id":151259,"date":"2025-07-31T11:18:17","date_gmt":"2025-07-31T09:18:17","guid":{"rendered":"https:\/\/www.budream.com\/shop\/niederlaendische-leidenschaft-auto-kerosin-krash-fem\/"},"modified":"2026-03-21T13:20:58","modified_gmt":"2026-03-21T11:20:58","slug":"niederlaendische-leidenschaft-auto-kerosin-krash-fem","status":"publish","type":"product","link":"https:\/\/www.budream.com\/de\/shop\/niederlaendische-leidenschaft-auto-kerosin-krash-fem\/","title":{"rendered":"NIEDERL\u00c4NDISCHE LEIDENSCHAFT &#8211; AUTO KEROSIN KRASH FEM"},"content":{"rendered":"<p><strong>AUTO KEROSIN KRASH<\/strong> ist ein ausgewogener Hybrid zwischen Indica und Sativa, vielseitig und f\u00fcr jede Gelegenheit geeignet von DUTCH PASSION. Verf\u00fcgbar in Packungen mit 1 Samen feminisiert. Mit gutem THC-Gehalt (Hoch (15\u201319\u202f%)), diese Pflanze richtet sich an diejenigen, die Potenz und Qualit\u00e4t suchen. Im Anbau, hat einen mittleren Bl\u00fctezyklus von 10-12 Wochen und garantiert reichlich Ertr\u00e4ge. In der Nase und am Gaumen zeichnet sich sein \ud83c\udf53 S\u00fc\u00df \/ Fruchtig-Aroma aus.<\/p>\n","protected":false},"excerpt":{"rendered":"<p>\ud83c\udf3f AUTO KEROSIN KRASH von DUTCH PASSION \u00b7 \ud83e\uddec Indica \/ Sativa \u00b7 \ud83d\udcaa THC hoch (Hoch (15\u201319\u202f%)) \u00b7 \ud83d\udce6 Ertrag XL.<\/p>\n","protected":false},"featured_media":151235,"comment_status":"open","ping_status":"closed","template":"","meta":[],"product_brand":[],"product_cat":[7952],"product_tag":[8508,8510,8511,9931,10126,10128,10140,10171,10254],"class_list":{"0":"post-151259","1":"product","2":"type-product","3":"status-publish","4":"has-post-thumbnail","6":"product_cat-seedshop-de","7":"product_tag-dutch-passion","8":"product_tag-indica","9":"product_tag-sativa","10":"product_tag-hybrid","11":"product_tag-cannabis-samen","12":"product_tag-feminisierte-samen","13":"product_tag-thc-hoch","14":"product_tag-suess-fruchtig","15":"product_tag-auto-kerosin-krash","17":"first","18":"instock","19":"taxable","20":"shipping-taxable","21":"purchasable","22":"product-type-variable"},"aioseo_notices":[],"_links":{"self":[{"href":"https:\/\/www.budream.com\/de\/wp-json\/wp\/v2\/product\/151259","targetHints":{"allow":["GET"]}}],"collection":[{"href":"https:\/\/www.budream.com\/de\/wp-json\/wp\/v2\/product"}],"about":[{"href":"https:\/\/www.budream.com\/de\/wp-json\/wp\/v2\/types\/product"}],"replies":[{"embeddable":true,"href":"https:\/\/www.budream.com\/de\/wp-json\/wp\/v2\/comments?post=151259"}],"version-history":[{"count":1,"href":"https:\/\/www.budream.com\/de\/wp-json\/wp\/v2\/product\/151259\/revisions"}],"predecessor-version":[{"id":258844,"href":"https:\/\/www.budream.com\/de\/wp-json\/wp\/v2\/product\/151259\/revisions\/258844"}],"wp:featuredmedia":[{"embeddable":true,"href":"https:\/\/www.budream.com\/de\/wp-json\/wp\/v2\/media\/151235"}],"wp:attachment":[{"href":"https:\/\/www.budream.com\/de\/wp-json\/wp\/v2\/media?parent=151259"}],"wp:term":[{"taxonomy":"product_brand","embeddable":true,"href":"https:\/\/www.budream.com\/de\/wp-json\/wp\/v2\/product_brand?post=151259"},{"taxonomy":"product_cat","embeddable":true,"href":"https:\/\/www.budream.com\/de\/wp-json\/wp\/v2\/product_cat?post=151259"},{"taxonomy":"product_tag","embeddable":true,"href":"https:\/\/www.budream.com\/de\/wp-json\/wp\/v2\/product_tag?post=151259"}],"curies":[{"name":"wp","href":"https:\/\/api.w.org\/{rel}","templated":true}]}}