{"id":151600,"date":"2025-07-31T11:30:39","date_gmt":"2025-07-31T09:30:39","guid":{"rendered":"https:\/\/www.budream.com\/shop\/sensi-seeds-bank-cobalt-haze-fem-sensi-11\/"},"modified":"2026-03-21T13:21:46","modified_gmt":"2026-03-21T11:21:46","slug":"sensi-seeds-bank-cobalt-haze-fem-sensi-11","status":"publish","type":"product","link":"https:\/\/www.budream.com\/de\/shop\/sensi-seeds-bank-cobalt-haze-fem-sensi-11\/","title":{"rendered":"SENSI SEEDS BANK &#8211; COBALT HAZE FEM (Sensi #11)"},"content":{"rendered":"<p><strong>COBALT HAZE FEM (Sensi #11)<\/strong> ist ein ausgewogener Hybrid zwischen Indica und Sativa, vielseitig und f\u00fcr jede Gelegenheit geeignet von SENSI SEEDS BANK. Verf\u00fcgbar in Packungen mit 3 Samen feminisiert. Im Anbau, hat einen mittleren Bl\u00fctezyklus von 10-12 Wochen und bietet au\u00dfergew\u00f6hnlich reichlich Ertr\u00e4ge. In der Nase und am Gaumen zeichnet sich sein \ud83c\udf3f Scharf-Aroma aus.<\/p>\n","protected":false},"excerpt":{"rendered":"<p>\ud83c\udf3f COBALT HAZE FEM (Sensi #11) von SENSI SEEDS BANK \u00b7 \ud83e\uddec Indica \/ Sativa \u00b7 \ud83c\udfc6 Ertrag XXL.<\/p>\n","protected":false},"featured_media":196997,"comment_status":"open","ping_status":"closed","template":"","meta":[],"product_brand":[],"product_cat":[7952],"product_tag":[8719,9931,10125,10126,10127,10128,8510,8511,8526],"class_list":{"0":"post-151600","1":"product","2":"type-product","3":"status-publish","4":"has-post-thumbnail","6":"product_cat-seedshop-de","7":"product_tag-cobalt-haze-fem-sensi-11","8":"product_tag-hybrid","9":"product_tag-ertrag-xxl","10":"product_tag-cannabis-samen","11":"product_tag-scharf","12":"product_tag-feminisierte-samen","13":"product_tag-indica","14":"product_tag-sativa","15":"product_tag-sensi-seeds-bank","17":"first","18":"instock","19":"sale","20":"taxable","21":"shipping-taxable","22":"purchasable","23":"product-type-variable"},"_links":{"self":[{"href":"https:\/\/www.budream.com\/de\/wp-json\/wp\/v2\/product\/151600","targetHints":{"allow":["GET"]}}],"collection":[{"href":"https:\/\/www.budream.com\/de\/wp-json\/wp\/v2\/product"}],"about":[{"href":"https:\/\/www.budream.com\/de\/wp-json\/wp\/v2\/types\/product"}],"replies":[{"embeddable":true,"href":"https:\/\/www.budream.com\/de\/wp-json\/wp\/v2\/comments?post=151600"}],"version-history":[{"count":1,"href":"https:\/\/www.budream.com\/de\/wp-json\/wp\/v2\/product\/151600\/revisions"}],"predecessor-version":[{"id":258848,"href":"https:\/\/www.budream.com\/de\/wp-json\/wp\/v2\/product\/151600\/revisions\/258848"}],"wp:featuredmedia":[{"embeddable":true,"href":"https:\/\/www.budream.com\/de\/wp-json\/wp\/v2\/media\/196997"}],"wp:attachment":[{"href":"https:\/\/www.budream.com\/de\/wp-json\/wp\/v2\/media?parent=151600"}],"wp:term":[{"taxonomy":"product_brand","embeddable":true,"href":"https:\/\/www.budream.com\/de\/wp-json\/wp\/v2\/product_brand?post=151600"},{"taxonomy":"product_cat","embeddable":true,"href":"https:\/\/www.budream.com\/de\/wp-json\/wp\/v2\/product_cat?post=151600"},{"taxonomy":"product_tag","embeddable":true,"href":"https:\/\/www.budream.com\/de\/wp-json\/wp\/v2\/product_tag?post=151600"}],"curies":[{"name":"wp","href":"https:\/\/api.w.org\/{rel}","templated":true}]}}