{"id":151877,"date":"2025-07-31T11:41:47","date_gmt":"2025-07-31T09:41:47","guid":{"rendered":"https:\/\/www.budream.com\/shop\/seedsalad-banane-eiscreme-xxl-fem-usa-stamm\/"},"modified":"2026-03-26T14:24:58","modified_gmt":"2026-03-26T12:24:58","slug":"seedsalad-banane-eiscreme-xxl-fem-usa-stamm","status":"publish","type":"product","link":"https:\/\/www.budream.com\/de\/shop\/seedsalad-banane-eiscreme-xxl-fem-usa-stamm\/","title":{"rendered":"SEEDSALAD &#8211; BANANE EISCREME XXL FEM (USA STAMM)"},"content":{"rendered":"<p><span style=\"font-family: verdana, geneva, sans-serif;font-size: 11pt\"><span style=\"color: #000000\"><span style=\"font-family: Arial, sans-serif\">Kreuzung der neuesten Generation aus Banana Kush x Gelato x Gorilla. Die gesamte Ausgangsgenetik stammt aus Kalifornien und das Ergebnis ist eine au\u00dferordentlich kompakte und dennoch sativadominierte Pflanze.<\/span><\/span><\/span><\/p>\n<p><span style=\"font-family: verdana, geneva, sans-serif;font-size: 11pt\"><span style=\"color: #000000\"><span style=\"font-family: Arial, sans-serif\">Hervorragende Produktion und ein unglaublicher Geruch charakterisieren diese Banana Gelato XXL, die f\u00fcr eine sativadominierte Pflanze relativ schnell ist.<\/span><\/span><\/span><\/p>\n<h2><strong>Eigenschaften Banana Gelato XXL Fem:<\/strong><\/h2>\n<ul style=\"list-style-type: disc\">\n<li><strong>Gattung:<\/strong> Feminisiert<\/li>\n<li><strong>Genotyp<\/strong>: 60% Sativa 40% Indica<\/li>\n<li><strong>Genetik:<\/strong> Banane x Gelato33 x Gorilla #4<\/li>\n<li><strong>Versiegelte Pipette in haltbarem, UV-best\u00e4ndigem Beutel<\/strong><\/li>\n<\/ul>\n<p><span style=\"color: #000000\"><span style=\"font-family: Arial, sans-serif\"><span style=\"font-size: small\"><\/p>\n<p><span style=\"font-size: 11pt\"><em><strong>WARNUNG:<\/strong> Hanfsamen sind vom gesetzlichen Begriff Cannabis ausgenommen, was bedeutet, dass sie nicht als Bet\u00e4ubungsmittel gelten (Gesetz 412 von 1974, Art. 1, Absatz 1, Buchstabe B; Einheits\u00fcbereinkommen \u00fcber Bet\u00e4ubungsmittel von New York von 1961 und Tabelle II des Ministerialerlasses 27\/7\/1992). In Italien ist der Anbau von Hanf verboten (Artikel 28 und 73 des Pr\u00e4sidialdekrets 309\/90), es sei denn, es liegt eine Sondergenehmigung vor (Artikel 17 des Pr\u00e4sidialdekrets 309\/90). In Ermangelung einer solchen Genehmigung darf das Saatgut nur f\u00fcr andere Zwecke verwendet werden (zootechnische Zwecke, Sammeln usw.). Das Saatgut wird unter dem Vorbehalt verkauft, dass es nicht von Dritten im Widerspruch zu den gesetzlichen Bestimmungen verwendet wird.<\/em><\/span><br \/><\/span><\/span><\/span><\/p>\n","protected":false},"excerpt":{"rendered":"<p>\ud83c\udf3f BANANE EISCREME XXL FEM (USA STAMM) von SEEDSALAD \u00b7 \ud83e\uddec Indica \/ Sativa \u00b7 \ud83d\udd25 THC sehr hoch (Sehr hoch (20\u202f%+)).<\/p>\n","protected":false},"featured_media":202255,"comment_status":"open","ping_status":"closed","template":"","meta":[],"product_brand":[],"product_cat":[7952],"product_tag":[8511,8565,9931,10124,10126,10128,10171,10255,8510],"class_list":{"0":"post-151877","1":"product","2":"type-product","3":"status-publish","4":"has-post-thumbnail","6":"product_cat-seedshop-de","7":"product_tag-sativa","8":"product_tag-seedsalad","9":"product_tag-hybrid","10":"product_tag-thc-sehr-hoch","11":"product_tag-cannabis-samen","12":"product_tag-feminisierte-samen","13":"product_tag-suess-fruchtig","14":"product_tag-banane-eiscreme-xxl-fem-usa-stamm","15":"product_tag-indica","17":"first","18":"instock","19":"sale","20":"taxable","21":"shipping-taxable","22":"purchasable","23":"product-type-variable"},"_links":{"self":[{"href":"https:\/\/www.budream.com\/de\/wp-json\/wp\/v2\/product\/151877","targetHints":{"allow":["GET"]}}],"collection":[{"href":"https:\/\/www.budream.com\/de\/wp-json\/wp\/v2\/product"}],"about":[{"href":"https:\/\/www.budream.com\/de\/wp-json\/wp\/v2\/types\/product"}],"replies":[{"embeddable":true,"href":"https:\/\/www.budream.com\/de\/wp-json\/wp\/v2\/comments?post=151877"}],"version-history":[{"count":2,"href":"https:\/\/www.budream.com\/de\/wp-json\/wp\/v2\/product\/151877\/revisions"}],"predecessor-version":[{"id":261137,"href":"https:\/\/www.budream.com\/de\/wp-json\/wp\/v2\/product\/151877\/revisions\/261137"}],"wp:featuredmedia":[{"embeddable":true,"href":"https:\/\/www.budream.com\/de\/wp-json\/wp\/v2\/media\/202255"}],"wp:attachment":[{"href":"https:\/\/www.budream.com\/de\/wp-json\/wp\/v2\/media?parent=151877"}],"wp:term":[{"taxonomy":"product_brand","embeddable":true,"href":"https:\/\/www.budream.com\/de\/wp-json\/wp\/v2\/product_brand?post=151877"},{"taxonomy":"product_cat","embeddable":true,"href":"https:\/\/www.budream.com\/de\/wp-json\/wp\/v2\/product_cat?post=151877"},{"taxonomy":"product_tag","embeddable":true,"href":"https:\/\/www.budream.com\/de\/wp-json\/wp\/v2\/product_tag?post=151877"}],"curies":[{"name":"wp","href":"https:\/\/api.w.org\/{rel}","templated":true}]}}