{"id":152694,"date":"2025-07-31T12:06:53","date_gmt":"2025-07-31T10:06:53","guid":{"rendered":"https:\/\/www.budream.com\/shop\/seedsalad-auto-ice-cream-skunk-fem-usa-strain\/"},"modified":"2026-03-21T13:24:54","modified_gmt":"2026-03-21T11:24:54","slug":"seedsalad-auto-ice-cream-skunk-fem-usa-strain","status":"publish","type":"product","link":"https:\/\/www.budream.com\/de\/shop\/seedsalad-auto-ice-cream-skunk-fem-usa-strain\/","title":{"rendered":"SEEDSALAD &#8211; AUTO ICE CREAM SKUNK FEM (USA STRAIN)"},"content":{"rendered":"<p><strong>AUTO ICE CREAM SKUNK FEM (USA STRAIN)<\/strong> ist ein Indica-dominanter Hybrid, der k\u00f6rperliche Entspannung mit reichlich Ertr\u00e4gen verbindet von SEEDSALAD. Verf\u00fcgbar in Packungen mit 1 Samen feminisiert. Mit sehr hohem THC-Gehalt (Sehr hoch (20\u202f%+)), diese Pflanze richtet sich an erfahrene Z\u00fcchter. Im Anbau, bl\u00fcht schnell in 7-9 Wochen und produziert gro\u00dfz\u00fcgige Ertr\u00e4ge. In der Nase und am Gaumen zeichnet sich sein \ud83c\udf53 S\u00fc\u00df \/ Fruchtig-Aroma aus.<\/p>\n","protected":false},"excerpt":{"rendered":"<p>\ud83c\udf3f AUTO ICE CREAM SKUNK FEM (USA STRAIN) von SEEDSALAD \u00b7 \ud83e\uddec Indica Dominant (60%+) \u00b7 \ud83d\udd25 THC sehr hoch (Sehr hoch (20\u202f%+)).<\/p>\n","protected":false},"featured_media":197559,"comment_status":"open","ping_status":"closed","template":"","meta":[],"product_brand":[],"product_cat":[7952],"product_tag":[10032,10126,10128,8510,8565,10171,10124],"class_list":{"0":"post-152694","1":"product","2":"type-product","3":"status-publish","4":"has-post-thumbnail","6":"product_cat-seedshop-de","7":"product_tag-auto-ice-cream-skunk-fem-usa-strain","8":"product_tag-cannabis-samen","9":"product_tag-feminisierte-samen","10":"product_tag-indica","11":"product_tag-seedsalad","12":"product_tag-suess-fruchtig","13":"product_tag-thc-sehr-hoch","15":"first","16":"instock","17":"taxable","18":"shipping-taxable","19":"purchasable","20":"product-type-variable"},"aioseo_notices":[],"_links":{"self":[{"href":"https:\/\/www.budream.com\/de\/wp-json\/wp\/v2\/product\/152694","targetHints":{"allow":["GET"]}}],"collection":[{"href":"https:\/\/www.budream.com\/de\/wp-json\/wp\/v2\/product"}],"about":[{"href":"https:\/\/www.budream.com\/de\/wp-json\/wp\/v2\/types\/product"}],"replies":[{"embeddable":true,"href":"https:\/\/www.budream.com\/de\/wp-json\/wp\/v2\/comments?post=152694"}],"version-history":[{"count":1,"href":"https:\/\/www.budream.com\/de\/wp-json\/wp\/v2\/product\/152694\/revisions"}],"predecessor-version":[{"id":258865,"href":"https:\/\/www.budream.com\/de\/wp-json\/wp\/v2\/product\/152694\/revisions\/258865"}],"wp:featuredmedia":[{"embeddable":true,"href":"https:\/\/www.budream.com\/de\/wp-json\/wp\/v2\/media\/197559"}],"wp:attachment":[{"href":"https:\/\/www.budream.com\/de\/wp-json\/wp\/v2\/media?parent=152694"}],"wp:term":[{"taxonomy":"product_brand","embeddable":true,"href":"https:\/\/www.budream.com\/de\/wp-json\/wp\/v2\/product_brand?post=152694"},{"taxonomy":"product_cat","embeddable":true,"href":"https:\/\/www.budream.com\/de\/wp-json\/wp\/v2\/product_cat?post=152694"},{"taxonomy":"product_tag","embeddable":true,"href":"https:\/\/www.budream.com\/de\/wp-json\/wp\/v2\/product_tag?post=152694"}],"curies":[{"name":"wp","href":"https:\/\/api.w.org\/{rel}","templated":true}]}}