{"id":153306,"date":"2025-07-31T12:23:09","date_gmt":"2025-07-31T10:23:09","guid":{"rendered":"https:\/\/www.budream.com\/shop\/seedsalad-auto-limon-haze-fem\/"},"modified":"2026-03-26T18:26:47","modified_gmt":"2026-03-26T16:26:47","slug":"seedsalad-auto-limon-haze-fem","status":"publish","type":"product","link":"https:\/\/www.budream.com\/de\/shop\/seedsalad-auto-limon-haze-fem\/","title":{"rendered":"SEEDSALAD &#8211; AUTO LIMON HAZE FEM"},"content":{"rendered":"<p>Sehr beliebte Genetik f\u00fcr den charakteristischen Zitronenduft. Kleine Gr\u00f6\u00dfe, aber sehr guter Ertrag f\u00fcr diese Kreuzung aus historischen Zitronen gekreuzt mit Autoflowerings der neuesten Generation. Anhaltender Geschmack und sehr angenehme Wirkung.<\/p>\n<h2><strong>Eigenschaften Auto Limon Haze Fem:<\/strong><\/h2>\n<ul style=\"list-style-type: disc\">\n<li><strong>Gattung:<\/strong> Autoflowering Feminisiert<\/li>\n<li>Tage<strong>:<\/strong> 65-75 Tage<\/li>\n<li><strong>Pipette versiegelt in haltbarem, UV-best\u00e4ndigem Beutel<\/strong><\/li>\n<\/ul>\n<p><span style=\"font-size: 11pt\"><em><strong>ACHTUNG:<\/strong> Hanfsamen fallen nicht unter den Rechtsbegriff Cannabis, was bedeutet, dass sie nicht als Bet\u00e4ubungsmittel gelten (L. 412 von 1974, Art. 1, Absatz 1, Buchstabe B; Einheits\u00fcbereinkommen \u00fcber Suchtstoffe von New York von 1961 und Tabelle II des Ministerialerlasses 27\/7\/1992). In Italien ist der Anbau von Hanf verboten (Artikel 28 und 73 des Pr\u00e4sidialdekrets 309\/90), es sei denn, es liegt eine Sondergenehmigung vor (Artikel 17 des Pr\u00e4sidialdekrets 309\/90). In Ermangelung einer solchen Genehmigung darf das Saatgut nur f\u00fcr andere Zwecke verwendet werden (zootechnische Zwecke, Sammeln usw.). Das Saatgut wird unter dem Vorbehalt verkauft, dass es nicht von Dritten im Widerspruch zu den gesetzlichen Bestimmungen verwendet wird.<\/em><\/span><\/p>\n","protected":false},"excerpt":{"rendered":"<p>\ud83c\udf3f AUTO LIMON HAZE von SEEDSALAD \u00b7 \ud83e\uddec Indica \/ Sativa, Indica Dominant (60%+) \u00b7 \ud83d\udd25 THC sehr hoch (Sehr hoch (20\u202f%+)).<\/p>\n","protected":false},"featured_media":197596,"comment_status":"open","ping_status":"closed","template":"","meta":[],"product_brand":[],"product_cat":[7952],"product_tag":[8738,10126,10128,9931,8510,8511,8565,10124,10150],"class_list":{"0":"post-153306","1":"product","2":"type-product","3":"status-publish","4":"has-post-thumbnail","6":"product_cat-seedshop-de","7":"product_tag-auto-limon-haze","8":"product_tag-cannabis-samen","9":"product_tag-feminisierte-samen","10":"product_tag-hybrid","11":"product_tag-indica","12":"product_tag-sativa","13":"product_tag-seedsalad","14":"product_tag-thc-sehr-hoch","15":"product_tag-zitrusartig","17":"first","18":"instock","19":"taxable","20":"shipping-taxable","21":"purchasable","22":"product-type-variable"},"aioseo_notices":[],"_links":{"self":[{"href":"https:\/\/www.budream.com\/de\/wp-json\/wp\/v2\/product\/153306","targetHints":{"allow":["GET"]}}],"collection":[{"href":"https:\/\/www.budream.com\/de\/wp-json\/wp\/v2\/product"}],"about":[{"href":"https:\/\/www.budream.com\/de\/wp-json\/wp\/v2\/types\/product"}],"replies":[{"embeddable":true,"href":"https:\/\/www.budream.com\/de\/wp-json\/wp\/v2\/comments?post=153306"}],"version-history":[{"count":2,"href":"https:\/\/www.budream.com\/de\/wp-json\/wp\/v2\/product\/153306\/revisions"}],"predecessor-version":[{"id":261158,"href":"https:\/\/www.budream.com\/de\/wp-json\/wp\/v2\/product\/153306\/revisions\/261158"}],"wp:featuredmedia":[{"embeddable":true,"href":"https:\/\/www.budream.com\/de\/wp-json\/wp\/v2\/media\/197596"}],"wp:attachment":[{"href":"https:\/\/www.budream.com\/de\/wp-json\/wp\/v2\/media?parent=153306"}],"wp:term":[{"taxonomy":"product_brand","embeddable":true,"href":"https:\/\/www.budream.com\/de\/wp-json\/wp\/v2\/product_brand?post=153306"},{"taxonomy":"product_cat","embeddable":true,"href":"https:\/\/www.budream.com\/de\/wp-json\/wp\/v2\/product_cat?post=153306"},{"taxonomy":"product_tag","embeddable":true,"href":"https:\/\/www.budream.com\/de\/wp-json\/wp\/v2\/product_tag?post=153306"}],"curies":[{"name":"wp","href":"https:\/\/api.w.org\/{rel}","templated":true}]}}