{"id":153597,"date":"2025-07-31T12:40:11","date_gmt":"2025-07-31T10:40:11","guid":{"rendered":"https:\/\/www.budream.com\/shop\/seedsalad-auto-super-skunk-fem\/"},"modified":"2026-03-25T21:26:36","modified_gmt":"2026-03-25T19:26:36","slug":"seedsalad-auto-super-skunk-fem","status":"publish","type":"product","link":"https:\/\/www.budream.com\/de\/shop\/seedsalad-auto-super-skunk-fem\/","title":{"rendered":"SEEDSALAD &#8211; AUTO SUPER SKUNK FEM"},"content":{"rendered":"<p>Zitronenartiges Aroma mit s\u00fc\u00dfen Noten f\u00fcr diesen herausragenden Hybriden mit \u00fcppigen Ertr\u00e4gen und Qualit\u00e4t. Ein gro\u00dfer zeitloser Klassiker, der aus der Kreuzung einer Super Skunk x Super Skunk Auto XXL der 5. Kompakte und zahlreiche Knospen, einfach zu verfolgen und zu verwalten. Sicherlich eine der beliebtesten und am meisten gesch\u00e4tzten Genetiken. Zeitlos und sehr schnell.<\/p>\n<h2><strong>Eigenschaften Auto Super Skunk:<\/strong><\/h2>\n<ul style=\"list-style-type: disc\">\n<li><strong>Gattung:<\/strong> Auto-flowering Feminisiert<\/li>\n<li>Tage<strong>:<\/strong> 65-70 Tage<\/li>\n<li><strong>Pipette versiegelt in haltbarem, UV-best\u00e4ndigem Beutel<\/strong><\/li>\n<\/ul>\n<p><span style=\"font-size: 11pt\"><em><strong>ACHTUNG:<\/strong> Hanfsamen fallen nicht unter den Rechtsbegriff Cannabis, was bedeutet, dass sie nicht als Bet\u00e4ubungsmittel gelten (L. 412 von 1974, Art. 1, Absatz 1, Buchstabe B; Einheits\u00fcbereinkommen \u00fcber Suchtstoffe von New York von 1961 und Tabelle II des Ministerialerlasses 27\/7\/1992). In Italien ist der Anbau von Hanf verboten (Artikel 28 und 73 des Pr\u00e4sidialdekrets 309\/90), es sei denn, es liegt eine Sondergenehmigung vor (Artikel 17 des Pr\u00e4sidialdekrets 309\/90). In Ermangelung einer solchen Genehmigung darf das Saatgut nur f\u00fcr andere Zwecke verwendet werden (zootechnische Zwecke, Sammeln usw.). Das Saatgut wird unter dem Vorbehalt verkauft, dass es nicht von Dritten im Widerspruch zu den gesetzlichen Bestimmungen verwendet wird.<\/em><\/span><\/p>\n","protected":false},"excerpt":{"rendered":"<p>\ud83c\udf3f AUTO SUPER SKUNK von SEEDSALAD \u00b7 \ud83e\uddec Indica Dominant (60%+) \u00b7 \ud83d\udd25 THC sehr hoch (Sehr hoch (20\u202f%+)) \u00b7 \ud83d\udce6 Ertrag XL.<\/p>\n","protected":false},"featured_media":202240,"comment_status":"open","ping_status":"closed","template":"","meta":[],"product_brand":[],"product_cat":[7952],"product_tag":[8565,8746,10124,10126,10128,10171,8510],"class_list":{"0":"post-153597","1":"product","2":"type-product","3":"status-publish","4":"has-post-thumbnail","6":"product_cat-seedshop-de","7":"product_tag-seedsalad","8":"product_tag-auto-super-skunk","9":"product_tag-thc-sehr-hoch","10":"product_tag-cannabis-samen","11":"product_tag-feminisierte-samen","12":"product_tag-suess-fruchtig","13":"product_tag-indica","15":"first","16":"instock","17":"sale","18":"taxable","19":"shipping-taxable","20":"purchasable","21":"product-type-variable"},"_links":{"self":[{"href":"https:\/\/www.budream.com\/de\/wp-json\/wp\/v2\/product\/153597","targetHints":{"allow":["GET"]}}],"collection":[{"href":"https:\/\/www.budream.com\/de\/wp-json\/wp\/v2\/product"}],"about":[{"href":"https:\/\/www.budream.com\/de\/wp-json\/wp\/v2\/types\/product"}],"replies":[{"embeddable":true,"href":"https:\/\/www.budream.com\/de\/wp-json\/wp\/v2\/comments?post=153597"}],"version-history":[{"count":2,"href":"https:\/\/www.budream.com\/de\/wp-json\/wp\/v2\/product\/153597\/revisions"}],"predecessor-version":[{"id":260671,"href":"https:\/\/www.budream.com\/de\/wp-json\/wp\/v2\/product\/153597\/revisions\/260671"}],"wp:featuredmedia":[{"embeddable":true,"href":"https:\/\/www.budream.com\/de\/wp-json\/wp\/v2\/media\/202240"}],"wp:attachment":[{"href":"https:\/\/www.budream.com\/de\/wp-json\/wp\/v2\/media?parent=153597"}],"wp:term":[{"taxonomy":"product_brand","embeddable":true,"href":"https:\/\/www.budream.com\/de\/wp-json\/wp\/v2\/product_brand?post=153597"},{"taxonomy":"product_cat","embeddable":true,"href":"https:\/\/www.budream.com\/de\/wp-json\/wp\/v2\/product_cat?post=153597"},{"taxonomy":"product_tag","embeddable":true,"href":"https:\/\/www.budream.com\/de\/wp-json\/wp\/v2\/product_tag?post=153597"}],"curies":[{"name":"wp","href":"https:\/\/api.w.org\/{rel}","templated":true}]}}