{"id":154108,"date":"2025-07-31T13:02:46","date_gmt":"2025-07-31T11:02:46","guid":{"rendered":"https:\/\/www.budream.com\/shop\/seedsalad-obama-ice-cream-fem-usa-strain\/"},"modified":"2026-03-26T20:08:39","modified_gmt":"2026-03-26T18:08:39","slug":"seedsalad-obama-ice-cream-fem-usa-strain","status":"publish","type":"product","link":"https:\/\/www.budream.com\/de\/shop\/seedsalad-obama-ice-cream-fem-usa-strain\/","title":{"rendered":"SEEDSALAD &#8211; OBAMA ICE CREAM FEM (USA STRAIN)"},"content":{"rendered":"<p>Aus den USA kommt SeedSalad&#8217;s Obama Gelato aus einer Mischung der klassischen Obama x Space Queen gekreuzt mit der super produktiven Gelato #33. Obwohl es in den USA keine einheimischen Sorten gibt, ist es wichtig zu wissen, dass amerikanische Z\u00fcchter viele gesch\u00e4tzte Sorten verschenken, die von Z\u00fcchtern auf der ganzen Welt gesch\u00e4tzt werden.<\/p>\n<div>\n<h2><strong>Eigenschaften Obama Gelato Seedsalad:<\/strong><\/h2>\n<ul style=\"list-style-type: disc\">\n<li><strong>Gattung:<\/strong> Feminisiert<\/li>\n<li><strong>Genetik:<\/strong> Obama x Space Queen x Ice Cream 33<\/li>\n<li><strong>Zusammensetzung:<\/strong> 60% Indica \/ 40% Sativa<\/li>\n<li><strong>Tage:<\/strong> 60-65 Tage<\/li>\n<li><strong>Pipette versiegelt in haltbarem, UV-best\u00e4ndigem Beutel<\/strong><\/li>\n<\/ul>\n<p><span style=\"font-size: 11pt\"><em><strong>ACHTUNG:<\/strong> Hanfsamen fallen nicht unter den Rechtsbegriff Cannabis, was bedeutet, dass sie nicht als Bet\u00e4ubungsmittel gelten (Gesetz 412 von 1974, Art. 1, Absatz 1, Buchstabe B; Einheits\u00fcbereinkommen \u00fcber Suchtstoffe von New York von 1961 und Tabelle II des Ministerialerlasses 27\/7\/1992). In Italien ist der Anbau von Hanf verboten (Artikel 28 und 73 des Pr\u00e4sidialdekrets 309\/90), es sei denn, es liegt eine Sondergenehmigung vor (Artikel 17 des Pr\u00e4sidialdekrets 309\/90). In Ermangelung einer solchen Genehmigung darf das Saatgut nur f\u00fcr andere Zwecke verwendet werden (zootechnische Zwecke, Sammeln usw.). Das Saatgut wird unter dem Vorbehalt verkauft, dass es nicht von Dritten im Widerspruch zu den gesetzlichen Bestimmungen verwendet wird.<\/em><\/span><\/div>\n","protected":false},"excerpt":{"rendered":"<p>\ud83c\udf3f OBAMA ICE CREAM FEM (USA STRAIN) von SEEDSALAD \u00b7 \ud83e\uddec Indica \/ Sativa \u00b7 \ud83d\udd25 THC sehr hoch (Sehr hoch (20\u202f%+)).<\/p>\n","protected":false},"featured_media":202330,"comment_status":"open","ping_status":"closed","template":"","meta":[],"product_brand":[],"product_cat":[7952],"product_tag":[8511,8565,9931,10036,10124,10126,10128,10171,8510],"class_list":{"0":"post-154108","1":"product","2":"type-product","3":"status-publish","4":"has-post-thumbnail","6":"product_cat-seedshop-de","7":"product_tag-sativa","8":"product_tag-seedsalad","9":"product_tag-hybrid","10":"product_tag-obama-ice-cream-fem-usa-strain","11":"product_tag-thc-sehr-hoch","12":"product_tag-cannabis-samen","13":"product_tag-feminisierte-samen","14":"product_tag-suess-fruchtig","15":"product_tag-indica","17":"first","18":"instock","19":"sale","20":"taxable","21":"shipping-taxable","22":"purchasable","23":"product-type-variable"},"_links":{"self":[{"href":"https:\/\/www.budream.com\/de\/wp-json\/wp\/v2\/product\/154108","targetHints":{"allow":["GET"]}}],"collection":[{"href":"https:\/\/www.budream.com\/de\/wp-json\/wp\/v2\/product"}],"about":[{"href":"https:\/\/www.budream.com\/de\/wp-json\/wp\/v2\/types\/product"}],"replies":[{"embeddable":true,"href":"https:\/\/www.budream.com\/de\/wp-json\/wp\/v2\/comments?post=154108"}],"version-history":[{"count":2,"href":"https:\/\/www.budream.com\/de\/wp-json\/wp\/v2\/product\/154108\/revisions"}],"predecessor-version":[{"id":261140,"href":"https:\/\/www.budream.com\/de\/wp-json\/wp\/v2\/product\/154108\/revisions\/261140"}],"wp:featuredmedia":[{"embeddable":true,"href":"https:\/\/www.budream.com\/de\/wp-json\/wp\/v2\/media\/202330"}],"wp:attachment":[{"href":"https:\/\/www.budream.com\/de\/wp-json\/wp\/v2\/media?parent=154108"}],"wp:term":[{"taxonomy":"product_brand","embeddable":true,"href":"https:\/\/www.budream.com\/de\/wp-json\/wp\/v2\/product_brand?post=154108"},{"taxonomy":"product_cat","embeddable":true,"href":"https:\/\/www.budream.com\/de\/wp-json\/wp\/v2\/product_cat?post=154108"},{"taxonomy":"product_tag","embeddable":true,"href":"https:\/\/www.budream.com\/de\/wp-json\/wp\/v2\/product_tag?post=154108"}],"curies":[{"name":"wp","href":"https:\/\/api.w.org\/{rel}","templated":true}]}}