{"id":154288,"date":"2025-07-31T13:10:11","date_gmt":"2025-07-31T11:10:11","guid":{"rendered":"https:\/\/www.budream.com\/shop\/seedsalad-hochzeit-frucht-fem-usa-stamm\/"},"modified":"2026-03-23T19:51:51","modified_gmt":"2026-03-23T17:51:51","slug":"seedsalad-hochzeit-frucht-fem-usa-stamm","status":"publish","type":"product","link":"https:\/\/www.budream.com\/de\/shop\/seedsalad-hochzeit-frucht-fem-usa-stamm\/","title":{"rendered":"SEEDSALAD &#8211; HOCHZEIT FRUCHT FEM (USA STAMM)"},"content":{"rendered":"<p>Der Sommer ist die Jahreszeit der Fr\u00fcchte und der Frische. Wedding Fruit von SeedSalad spiegelt genau den Duft der Wassermelone wider, entspannt K\u00f6rper und Geist und bringt unglaubliche Momente der Leichtigkeit in die hei\u00dfesten Tage des Jahres.<\/p>\n<p>Ausgezeichnete und sehr schnelle Produktion sowohl drinnen als auch drau\u00dfen.<\/p>\n<div>\n<h2><strong>Eigenschaften Wedding Fruit Seedsalad:<\/strong><\/h2>\n<ul style=\"list-style-type: disc\">\n<li><strong>Gattung:<\/strong> Feminisiert<\/li>\n<li><strong>Genetik:<\/strong> Wedding Fruit x Wassermelone<\/li>\n<li><strong>Zusammensetzung:<\/strong> 80% Indica \/ 20% Sativa<\/li>\n<li><strong>Tage:<\/strong> 55-60 Tage<\/li>\n<li><strong>Pipette versiegelt in haltbarem, UV-best\u00e4ndigem Beutel<\/strong><\/li>\n<\/ul>\n<p><span style=\"font-size: 11pt\"><em><strong>WARNUNG:<\/strong> Hanfsamen sind vom gesetzlichen Begriff Cannabis ausgenommen, was bedeutet, dass sie nicht als Bet\u00e4ubungsmittel gelten (L. 412 von 1974, Art. 1, Absatz 1, Buchstabe B; Einheits\u00fcbereinkommen \u00fcber Bet\u00e4ubungsmittel von New York von 1961 und Tabelle II des Ministerialerlasses 27\/7\/1992). In Italien ist der Anbau von Hanf verboten (Artikel 28 und 73 des Pr\u00e4sidialdekrets 309\/90), es sei denn, es liegt eine Sondergenehmigung vor (Artikel 17 des Pr\u00e4sidialdekrets 309\/90). In Ermangelung einer solchen Genehmigung darf das Saatgut nur f\u00fcr andere Zwecke verwendet werden (zootechnische Zwecke, Sammeln usw.). Das Saatgut wird unter dem Vorbehalt verkauft, dass es nicht von Dritten im Widerspruch zu den gesetzlichen Bestimmungen verwendet wird.<\/em><\/span><\/div>\n","protected":false},"excerpt":{"rendered":"<p>\ud83c\udf3f HOCHZEIT FRUCHT FEM (USA STAMM) von SEEDSALAD \u00b7 \ud83e\uddec Sativa (90%+) \u00b7 \ud83d\udd25 THC sehr hoch (Sehr hoch (20\u202f%+)).<\/p>\n","protected":false},"featured_media":202370,"comment_status":"open","ping_status":"closed","template":"","meta":[],"product_brand":[],"product_cat":[7952],"product_tag":[8565,10124,10126,10128,10171,10266,8511],"class_list":{"0":"post-154288","1":"product","2":"type-product","3":"status-publish","4":"has-post-thumbnail","6":"product_cat-seedshop-de","7":"product_tag-seedsalad","8":"product_tag-thc-sehr-hoch","9":"product_tag-cannabis-samen","10":"product_tag-feminisierte-samen","11":"product_tag-suess-fruchtig","12":"product_tag-hochzeit-frucht-fem-usa-stamm","13":"product_tag-sativa","15":"first","16":"instock","17":"sale","18":"taxable","19":"shipping-taxable","20":"purchasable","21":"product-type-variable"},"_links":{"self":[{"href":"https:\/\/www.budream.com\/de\/wp-json\/wp\/v2\/product\/154288","targetHints":{"allow":["GET"]}}],"collection":[{"href":"https:\/\/www.budream.com\/de\/wp-json\/wp\/v2\/product"}],"about":[{"href":"https:\/\/www.budream.com\/de\/wp-json\/wp\/v2\/types\/product"}],"replies":[{"embeddable":true,"href":"https:\/\/www.budream.com\/de\/wp-json\/wp\/v2\/comments?post=154288"}],"version-history":[{"count":2,"href":"https:\/\/www.budream.com\/de\/wp-json\/wp\/v2\/product\/154288\/revisions"}],"predecessor-version":[{"id":260182,"href":"https:\/\/www.budream.com\/de\/wp-json\/wp\/v2\/product\/154288\/revisions\/260182"}],"wp:featuredmedia":[{"embeddable":true,"href":"https:\/\/www.budream.com\/de\/wp-json\/wp\/v2\/media\/202370"}],"wp:attachment":[{"href":"https:\/\/www.budream.com\/de\/wp-json\/wp\/v2\/media?parent=154288"}],"wp:term":[{"taxonomy":"product_brand","embeddable":true,"href":"https:\/\/www.budream.com\/de\/wp-json\/wp\/v2\/product_brand?post=154288"},{"taxonomy":"product_cat","embeddable":true,"href":"https:\/\/www.budream.com\/de\/wp-json\/wp\/v2\/product_cat?post=154288"},{"taxonomy":"product_tag","embeddable":true,"href":"https:\/\/www.budream.com\/de\/wp-json\/wp\/v2\/product_tag?post=154288"}],"curies":[{"name":"wp","href":"https:\/\/api.w.org\/{rel}","templated":true}]}}