{"id":154684,"date":"2025-07-31T13:25:15","date_gmt":"2025-07-31T11:25:15","guid":{"rendered":"https:\/\/www.budream.com\/shop\/hanfsamen-sorte-gewaehlt-campana-ce\/"},"modified":"2026-03-24T19:56:49","modified_gmt":"2026-03-24T17:56:49","slug":"hanfsamen-sorte-gewaehlt-campana-ce","status":"publish","type":"product","link":"https:\/\/www.budream.com\/de\/shop\/hanfsamen-sorte-gewaehlt-campana-ce\/","title":{"rendered":"HANFSAMEN SORTE GEW\u00c4HLT CAMPANA CE"},"content":{"rendered":"<p>Eletta Campana&#8220; ist eine historische italienische Sorte, die seit Jahrhunderten in ganz Italien, insbesondere aber in Kampanien angebaut wird.<br \/>Es handelt sich um eine genetische Sorte, die f\u00fcr die Erzeugung von Fasern entwickelt wurde, jetzt aber f\u00fcr die Produktion von Bl\u00fctenst\u00e4nden und Biomasse f\u00fcr die Extraktion (CBD) gew\u00e4hlt wird. Sie produziert auch zufriedenstellende Mengen an Samen.<br \/>Diese Sorte zeichnet sich durch eine sp\u00e4te weibliche Bl\u00fcte aus, was sie f\u00fcr das Anbaugebiet der s\u00fcdlichen Regionen geeignet macht. Ein weiteres morphologisches Merkmal, das die Sorte eindeutig von \u00e4hnlichen Sorten unterscheidet, ist die Gr\u00f6\u00dfe der Bl\u00e4tter, die zu den gr\u00f6\u00dften geh\u00f6ren.<\/p>\n<p>Im Folgenden sind die wichtigsten Merkmale aufgef\u00fchrt:<\/p>\n<p><strong>Genotyp:<\/strong> Dioica<br \/><strong>Klimatische Anpassungsf\u00e4higkeit<\/strong>: Nord-, Mittel- und S\u00fcdeuropa; Nord- und S\u00fcdamerika<br \/><strong>Vegetationszyklus<\/strong>: 160\/180 Tage<br \/><strong>H\u00f6he<\/strong>: 2,5 &#8211; 6,5 Meter<br \/><strong>Vollbl\u00fcte<\/strong>: August<\/p>\n<p><strong>Durchschnittlicher Samenertrag Kg\/ha<\/strong>: 400 &#8211; 600<br \/><strong>Durchschnittlicher Ballenertrag T\/ha<\/strong>: 8 &#8211; 12<br \/><strong>Durchschnittlicher Ertrag der Bl\u00fctenst\u00e4nde** (Trockenbiomasse) Kg\/ha<\/strong>: 600 &#8211; 1000<\/p>\n<p><strong>THC<\/strong>: &lt; 0,2 %.<\/p>\n<p><strong>CBD*<\/strong>: 3-10 %.<\/p>\n<p>Bei k\u00fchler und trockener Lagerung bleibt das Saatgut bis zum n\u00e4chsten Jahr keimf\u00e4hig.<\/p>\n","protected":false},"excerpt":{"rendered":"<p>\ud83c\udf3f HANFSAMEN SORTE GEW\u00c4HLT CAMPANA CE von CREA.<\/p>\n","protected":false},"featured_media":154668,"comment_status":"open","ping_status":"closed","template":"","meta":[],"product_brand":[],"product_cat":[1175],"product_tag":[10267,8568,10126],"class_list":{"0":"post-154684","1":"product","2":"type-product","3":"status-publish","4":"has-post-thumbnail","6":"product_cat-seedshop","7":"product_tag-hanfsamen-sorte-gewaehlt-campana-ce","8":"product_tag-crea","9":"product_tag-cannabis-samen","11":"first","12":"instock","13":"taxable","14":"shipping-taxable","15":"purchasable","16":"product-type-variable"},"aioseo_notices":[],"_links":{"self":[{"href":"https:\/\/www.budream.com\/de\/wp-json\/wp\/v2\/product\/154684","targetHints":{"allow":["GET"]}}],"collection":[{"href":"https:\/\/www.budream.com\/de\/wp-json\/wp\/v2\/product"}],"about":[{"href":"https:\/\/www.budream.com\/de\/wp-json\/wp\/v2\/types\/product"}],"replies":[{"embeddable":true,"href":"https:\/\/www.budream.com\/de\/wp-json\/wp\/v2\/comments?post=154684"}],"version-history":[{"count":2,"href":"https:\/\/www.budream.com\/de\/wp-json\/wp\/v2\/product\/154684\/revisions"}],"predecessor-version":[{"id":260718,"href":"https:\/\/www.budream.com\/de\/wp-json\/wp\/v2\/product\/154684\/revisions\/260718"}],"wp:featuredmedia":[{"embeddable":true,"href":"https:\/\/www.budream.com\/de\/wp-json\/wp\/v2\/media\/154668"}],"wp:attachment":[{"href":"https:\/\/www.budream.com\/de\/wp-json\/wp\/v2\/media?parent=154684"}],"wp:term":[{"taxonomy":"product_brand","embeddable":true,"href":"https:\/\/www.budream.com\/de\/wp-json\/wp\/v2\/product_brand?post=154684"},{"taxonomy":"product_cat","embeddable":true,"href":"https:\/\/www.budream.com\/de\/wp-json\/wp\/v2\/product_cat?post=154684"},{"taxonomy":"product_tag","embeddable":true,"href":"https:\/\/www.budream.com\/de\/wp-json\/wp\/v2\/product_tag?post=154684"}],"curies":[{"name":"wp","href":"https:\/\/api.w.org\/{rel}","templated":true}]}}