{"id":155054,"date":"2025-07-31T13:41:30","date_gmt":"2025-07-31T11:41:30","guid":{"rendered":"https:\/\/www.budream.com\/shop\/seedsalad-moby-dick-xxl-fem\/"},"modified":"2026-03-25T21:20:24","modified_gmt":"2026-03-25T19:20:24","slug":"seedsalad-moby-dick-xxl-fem","status":"publish","type":"product","link":"https:\/\/www.budream.com\/de\/shop\/seedsalad-moby-dick-xxl-fem\/","title":{"rendered":"SEEDSALAD &#8211; MOBY DICK XXL FEM"},"content":{"rendered":"<p class=\"p1\"><span class=\"s1\">Seedsalad&#8217;s Moby Dick XXL zeigt eine \u00fcberdurchschnittliche Produktion f\u00fcr eine \u00fcberwiegend sativa Genetik. Immense, harzreiche Knospe und tropischer Duft.<\/span><span style=\"font-family: Arial, sans-serif;font-size: 11pt\"><\/p>\n<p><\/span><\/p>\n<h2><strong>Eigenschaften Moby Dick XXL Fem:<\/strong><\/h2>\n<ul style=\"list-style-type: disc\">\n<li><strong>Gattung:<\/strong> Feminisiert<\/li>\n<li><strong>Genotyp<\/strong>: 40% Indica 60% Sativa<\/li>\n<li><strong>Genetik <\/strong>: Jack Herer x Widow<\/li>\n<li><strong>Bl\u00fctezeit:<\/strong> 70 Tage<\/li>\n<li><strong>Versiegelte Pipette in UV-best\u00e4ndiger T\u00fcte<\/strong><\/li>\n<\/ul>\n<p><span style=\"color: #000000\"><span style=\"font-family: Arial, sans-serif\"><span style=\"font-size: small\"><\/p>\n<p><span style=\"font-size: 11pt\"><em><strong>WARNUNG:<\/strong> Hanfsamen sind vom gesetzlichen Begriff Cannabis ausgenommen, was bedeutet, dass sie nicht als Bet\u00e4ubungsmittel gelten (L. 412 von 1974, Art. 1, Absatz 1, Buchstabe B; Einheits\u00fcbereinkommen \u00fcber Suchtstoffe von New York von 1961 und Tabelle II des Ministerialerlasses 27\/7\/1992). In Italien ist der Anbau von Hanf verboten (Artikel 28 und 73 des Pr\u00e4sidialdekrets 309\/90), es sei denn, es liegt eine Sondergenehmigung vor (Artikel 17 des Pr\u00e4sidialdekrets 309\/90). In Ermangelung einer solchen Genehmigung darf das Saatgut nur f\u00fcr andere Zwecke verwendet werden (zootechnische Zwecke, Sammeln usw.). Das Saatgut wird unter dem Vorbehalt verkauft, dass es nicht von Dritten im Widerspruch zu den gesetzlichen Bestimmungen verwendet wird.<\/em><\/span><\/span><\/span><\/span><\/p>\n","protected":false},"excerpt":{"rendered":"<p>\ud83c\udf3f MOBY DICK XXL von SEEDSALAD \u00b7 \ud83e\uddec Indica \/ Sativa \u00b7 \ud83d\udd25 THC sehr hoch (Sehr hoch (20\u202f%+)) \u00b7 \ud83d\udce6 Ertrag XL.<\/p>\n","protected":false},"featured_media":202315,"comment_status":"open","ping_status":"closed","template":"","meta":[],"product_brand":[],"product_cat":[1175],"product_tag":[10124,10126,10128,10171,8510,8511,8565,8768,9931],"class_list":{"0":"post-155054","1":"product","2":"type-product","3":"status-publish","4":"has-post-thumbnail","6":"product_cat-seedshop","7":"product_tag-thc-sehr-hoch","8":"product_tag-cannabis-samen","9":"product_tag-feminisierte-samen","10":"product_tag-suess-fruchtig","11":"product_tag-indica","12":"product_tag-sativa","13":"product_tag-seedsalad","14":"product_tag-moby-dick-xxl","15":"product_tag-hybrid","17":"first","18":"instock","19":"taxable","20":"shipping-taxable","21":"purchasable","22":"product-type-variable"},"aioseo_notices":[],"_links":{"self":[{"href":"https:\/\/www.budream.com\/de\/wp-json\/wp\/v2\/product\/155054","targetHints":{"allow":["GET"]}}],"collection":[{"href":"https:\/\/www.budream.com\/de\/wp-json\/wp\/v2\/product"}],"about":[{"href":"https:\/\/www.budream.com\/de\/wp-json\/wp\/v2\/types\/product"}],"replies":[{"embeddable":true,"href":"https:\/\/www.budream.com\/de\/wp-json\/wp\/v2\/comments?post=155054"}],"version-history":[{"count":2,"href":"https:\/\/www.budream.com\/de\/wp-json\/wp\/v2\/product\/155054\/revisions"}],"predecessor-version":[{"id":260868,"href":"https:\/\/www.budream.com\/de\/wp-json\/wp\/v2\/product\/155054\/revisions\/260868"}],"wp:featuredmedia":[{"embeddable":true,"href":"https:\/\/www.budream.com\/de\/wp-json\/wp\/v2\/media\/202315"}],"wp:attachment":[{"href":"https:\/\/www.budream.com\/de\/wp-json\/wp\/v2\/media?parent=155054"}],"wp:term":[{"taxonomy":"product_brand","embeddable":true,"href":"https:\/\/www.budream.com\/de\/wp-json\/wp\/v2\/product_brand?post=155054"},{"taxonomy":"product_cat","embeddable":true,"href":"https:\/\/www.budream.com\/de\/wp-json\/wp\/v2\/product_cat?post=155054"},{"taxonomy":"product_tag","embeddable":true,"href":"https:\/\/www.budream.com\/de\/wp-json\/wp\/v2\/product_tag?post=155054"}],"curies":[{"name":"wp","href":"https:\/\/api.w.org\/{rel}","templated":true}]}}