{"id":155170,"date":"2025-07-31T13:48:03","date_gmt":"2025-07-31T11:48:03","guid":{"rendered":"https:\/\/www.budream.com\/shop\/seedsalad-reise-xxl-fem\/"},"modified":"2026-03-25T00:51:34","modified_gmt":"2026-03-24T22:51:34","slug":"seedsalad-reise-xxl-fem","status":"publish","type":"product","link":"https:\/\/www.budream.com\/de\/shop\/seedsalad-reise-xxl-fem\/","title":{"rendered":"SEEDSALAD &#8211; REISE XXL FEM"},"content":{"rendered":"<p class=\"p1\"><span class=\"s1\">Voyage XXL von SeedSalad ist eine<\/span><span class=\"s1\">w\u00fcchsige Sorte, die gut gegen Schimmel und Krankheiten resistent ist. Sie riecht nach frischem Moschus und Gestr\u00fcpp.<\/span><span style=\"font-family: Arial, sans-serif;font-size: 11pt\"><\/p>\n<p><\/span><\/p>\n<h2><strong>Merkmale Voyage XXL Fem:<\/strong><\/h2>\n<ul style=\"list-style-type: disc\">\n<li><strong>Gattung:<\/strong> Feminisiert<\/li>\n<li><strong>Genotyp<\/strong>: 70% Indica 30% Sativa<\/li>\n<li><strong>Genetik: <\/strong>Original Skunk #1 x Afghan Indica<\/li>\n<li><strong>Bl\u00fctezeit:<\/strong> 60-65 Tage<\/li>\n<li><strong>Versiegelte Pipette in UV-best\u00e4ndiger T\u00fcte<\/strong><\/li>\n<\/ul>\n<p><span style=\"color: #000000\"><span style=\"font-family: Arial, sans-serif\"><span style=\"font-size: small\"><\/p>\n<p><span style=\"font-size: 11pt\"><em><strong>WARNUNG:<\/strong> Hanfsamen sind vom gesetzlichen Begriff Cannabis ausgenommen, was bedeutet, dass sie nicht als Bet\u00e4ubungsmittel gelten (L. 412 von 1974, Art. 1, Absatz 1, Buchstabe B; Einheits\u00fcbereinkommen \u00fcber Bet\u00e4ubungsmittel von New York von 1961 und Tabelle II des Ministerialerlasses 27\/7\/1992). In Italien ist der Anbau von Hanf verboten (Artikel 28 und 73 des Pr\u00e4sidialdekrets 309\/90), es sei denn, es liegt eine Sondergenehmigung vor (Artikel 17 des Pr\u00e4sidialdekrets 309\/90). In Ermangelung einer solchen Genehmigung darf das Saatgut nur f\u00fcr andere Zwecke verwendet werden (zootechnische Zwecke, Sammeln usw.). Das Saatgut wird unter dem Vorbehalt verkauft, dass es nicht von Dritten im Widerspruch zu den gesetzlichen Bestimmungen verwendet wird.<\/em><\/span><\/span><\/span><\/span><\/p>\n","protected":false},"excerpt":{"rendered":"<p>\ud83c\udf3f REISE XXL von SEEDSALAD \u00b7 \ud83e\uddec Indica Dominant (60%+) \u00b7 \ud83d\udcaa THC hoch (Hoch (15\u201319\u202f%)) \u00b7 \ud83d\udce6 Ertrag XL.<\/p>\n","protected":false},"featured_media":202365,"comment_status":"open","ping_status":"closed","template":"","meta":[],"product_brand":[],"product_cat":[7952],"product_tag":[10126,10128,8510,10270,8565,10171,10140],"class_list":{"0":"post-155170","1":"product","2":"type-product","3":"status-publish","4":"has-post-thumbnail","6":"product_cat-seedshop-de","7":"product_tag-cannabis-samen","8":"product_tag-feminisierte-samen","9":"product_tag-indica","10":"product_tag-reise-xxl","11":"product_tag-seedsalad","12":"product_tag-suess-fruchtig","13":"product_tag-thc-hoch","15":"first","16":"instock","17":"taxable","18":"shipping-taxable","19":"purchasable","20":"product-type-variable"},"aioseo_notices":[],"_links":{"self":[{"href":"https:\/\/www.budream.com\/de\/wp-json\/wp\/v2\/product\/155170","targetHints":{"allow":["GET"]}}],"collection":[{"href":"https:\/\/www.budream.com\/de\/wp-json\/wp\/v2\/product"}],"about":[{"href":"https:\/\/www.budream.com\/de\/wp-json\/wp\/v2\/types\/product"}],"replies":[{"embeddable":true,"href":"https:\/\/www.budream.com\/de\/wp-json\/wp\/v2\/comments?post=155170"}],"version-history":[{"count":2,"href":"https:\/\/www.budream.com\/de\/wp-json\/wp\/v2\/product\/155170\/revisions"}],"predecessor-version":[{"id":260816,"href":"https:\/\/www.budream.com\/de\/wp-json\/wp\/v2\/product\/155170\/revisions\/260816"}],"wp:featuredmedia":[{"embeddable":true,"href":"https:\/\/www.budream.com\/de\/wp-json\/wp\/v2\/media\/202365"}],"wp:attachment":[{"href":"https:\/\/www.budream.com\/de\/wp-json\/wp\/v2\/media?parent=155170"}],"wp:term":[{"taxonomy":"product_brand","embeddable":true,"href":"https:\/\/www.budream.com\/de\/wp-json\/wp\/v2\/product_brand?post=155170"},{"taxonomy":"product_cat","embeddable":true,"href":"https:\/\/www.budream.com\/de\/wp-json\/wp\/v2\/product_cat?post=155170"},{"taxonomy":"product_tag","embeddable":true,"href":"https:\/\/www.budream.com\/de\/wp-json\/wp\/v2\/product_tag?post=155170"}],"curies":[{"name":"wp","href":"https:\/\/api.w.org\/{rel}","templated":true}]}}