{"id":155220,"date":"2025-07-31T13:49:59","date_gmt":"2025-07-31T11:49:59","guid":{"rendered":"https:\/\/www.budream.com\/shop\/seedsalad-weisse-witwe-xxl-fem\/"},"modified":"2026-03-21T13:52:10","modified_gmt":"2026-03-21T11:52:10","slug":"seedsalad-weisse-witwe-xxl-fem","status":"publish","type":"product","link":"https:\/\/www.budream.com\/de\/shop\/seedsalad-weisse-witwe-xxl-fem\/","title":{"rendered":"SEEDSALAD &#8211; WEISSE WITWE XXL FEM"},"content":{"rendered":"<p><strong>WEISSE WITWE XXL<\/strong> ist ein Indica-dominanter Hybrid, der k\u00f6rperliche Entspannung mit reichlich Ertr\u00e4gen verbindet von SEEDSALAD. Verf\u00fcgbar in Packungen mit 1 Samen feminisiert. Mit sehr hohem THC-Gehalt (Sehr hoch (20\u202f%+)), diese Pflanze richtet sich an erfahrene Z\u00fcchter. Im Anbau, bl\u00fcht schnell in 7-9 Wochen und produziert gro\u00dfz\u00fcgige Ertr\u00e4ge. In der Nase und am Gaumen zeichnet sich sein \ud83c\udf53 S\u00fc\u00df \/ Fruchtig-Aroma aus.<\/p>\n","protected":false},"excerpt":{"rendered":"<p>\ud83c\udf3f WEISSE WITWE XXL von SEEDSALAD \u00b7 \ud83e\uddec Indica Dominant (60%+) \u00b7 \ud83d\udd25 THC sehr hoch (Sehr hoch (20\u202f%+)).<\/p>\n","protected":false},"featured_media":202375,"comment_status":"open","ping_status":"closed","template":"","meta":[],"product_brand":[],"product_cat":[7952],"product_tag":[10126,10128,8510,8565,10171,10124,10271],"class_list":{"0":"post-155220","1":"product","2":"type-product","3":"status-publish","4":"has-post-thumbnail","6":"product_cat-seedshop-de","7":"product_tag-cannabis-samen","8":"product_tag-feminisierte-samen","9":"product_tag-indica","10":"product_tag-seedsalad","11":"product_tag-suess-fruchtig","12":"product_tag-thc-sehr-hoch","13":"product_tag-weisse-witwe-xxl","15":"first","16":"instock","17":"taxable","18":"shipping-taxable","19":"purchasable","20":"product-type-variable"},"aioseo_notices":[],"_links":{"self":[{"href":"https:\/\/www.budream.com\/de\/wp-json\/wp\/v2\/product\/155220","targetHints":{"allow":["GET"]}}],"collection":[{"href":"https:\/\/www.budream.com\/de\/wp-json\/wp\/v2\/product"}],"about":[{"href":"https:\/\/www.budream.com\/de\/wp-json\/wp\/v2\/types\/product"}],"replies":[{"embeddable":true,"href":"https:\/\/www.budream.com\/de\/wp-json\/wp\/v2\/comments?post=155220"}],"version-history":[{"count":1,"href":"https:\/\/www.budream.com\/de\/wp-json\/wp\/v2\/product\/155220\/revisions"}],"predecessor-version":[{"id":258904,"href":"https:\/\/www.budream.com\/de\/wp-json\/wp\/v2\/product\/155220\/revisions\/258904"}],"wp:featuredmedia":[{"embeddable":true,"href":"https:\/\/www.budream.com\/de\/wp-json\/wp\/v2\/media\/202375"}],"wp:attachment":[{"href":"https:\/\/www.budream.com\/de\/wp-json\/wp\/v2\/media?parent=155220"}],"wp:term":[{"taxonomy":"product_brand","embeddable":true,"href":"https:\/\/www.budream.com\/de\/wp-json\/wp\/v2\/product_brand?post=155220"},{"taxonomy":"product_cat","embeddable":true,"href":"https:\/\/www.budream.com\/de\/wp-json\/wp\/v2\/product_cat?post=155220"},{"taxonomy":"product_tag","embeddable":true,"href":"https:\/\/www.budream.com\/de\/wp-json\/wp\/v2\/product_tag?post=155220"}],"curies":[{"name":"wp","href":"https:\/\/api.w.org\/{rel}","templated":true}]}}