{"id":155454,"date":"2025-07-31T13:55:31","date_gmt":"2025-07-31T11:55:31","guid":{"rendered":"https:\/\/www.budream.com\/shop\/royal-queen-seeds-krush-grinder\/"},"modified":"2025-11-05T11:46:20","modified_gmt":"2025-11-05T09:46:20","slug":"royal-queen-seeds-krush-grinder","status":"publish","type":"product","link":"https:\/\/www.budream.com\/de\/shop\/royal-queen-seeds-krush-grinder\/","title":{"rendered":"ROYAL QUEEN SEEDS &#8211; KRUSH GRINDER"},"content":{"rendered":"<p>Royal Queen Seeds und Krush haben zusammen gearbeitet, um ein Set von drei fantastischen Grinders zu produzieren.<\/p>\n<p>Die Krush-Grinderserie besteht aus drei verschiedenen Designs, die jeweils mit dem RQS-Logo versehen sind. W\u00e4hlen Sie die Version, die am besten zu Ihrem Geschmack passt.<\/p>\n<p>Diese Grinder mit einem Fach heben sich von den anderen Accessoires in Ihrer Sammlung ab. Im Gegensatz zu anderen Modellen sind die Grinder der Krush-Serie nicht komplett rund. Der Tank ist rund, aber der Griff ist quadratisch und hat abgerundete Kanten. Die anatomische Form passt perfekt in die Handfl\u00e4che; die Finger ruhen bequem auf den Ecken, was die Benutzung des Grinders erleichtert. Die scharfen Z\u00e4hne erleichtern jede Drehung. Sie sind aus eloxiertem Aluminium gefertigt. Ein Ende des Schleifers ist schalenf\u00f6rmig.<\/p>\n<p>Das Ergebnis der Zusammenarbeit sind drei einzigartige Designs:<\/p>\n<p>Die<strong>ECO Kube Black<\/strong> stellt die diskreteste Variante dar. Dieser Grinder hat ein minimalistisches Design mit einem schlichten schwarzen Geh\u00e4use und einem kontrastierenden goldenen RQS-Logo. Repr\u00e4sentieren Sie unsere Samenbank mit Stil!<\/p>\n<ul>\n<li><em> &#8211; Eloxierter Aluminiumkern<\/em><\/li>\n<li><em> &#8211; 54 mm x 54 mm x 36 mm<\/em><\/li>\n<li><em> &#8211; 130 Gramm<\/em><\/li>\n<\/ul>\n<p>Der <strong>Kube Madera<\/strong> ist perfekt f\u00fcr Naturliebhaber. Er bietet ein fantastisches nat\u00fcrliches Design, bestehend aus einem Aluminiumkern, der mit einer schwarzen Walnussschale \u00fcberzogen ist. Das Royal Queen Seeds-Logo wurde fachm\u00e4nnisch per Lasergravur in die Oberfl\u00e4che des Grinders eingearbeitet.<\/p>\n<ul>\n<li><em> &#8211; Eloxiertes Aluminium und Walnussholzkern<\/em><\/li>\n<li><em> &#8211; 57 mm x 57 mm x 37 mm<\/em><\/li>\n<li><em> &#8211; 90 Gramm<\/em><\/li>\n<\/ul>\n<p>Der <strong>Forest Green Kube<\/strong> wird mit seiner leuchtenden Farbe einen Hauch von Stil in Ihre Wohnung bringen.<\/p>\n<ul>\n<li><em> &#8211; Eloxiertes Aluminium 6063<\/em><\/li>\n<li><em> &#8211; 55 mm x 55 mm x 35 mm<\/em><\/li>\n<li><em> &#8211; 170 Gramm<\/em><\/li>\n<\/ul>\n","protected":false},"excerpt":{"rendered":"<p>Royal Queen Seeds und Krush haben zusammen gearbeitet, um ein Set von drei fantastischen Grinders zu produzieren. Die Krush-Grinderserie besteht<\/p>\n","protected":false},"featured_media":155418,"comment_status":"open","ping_status":"closed","template":"","meta":[],"product_brand":[],"product_cat":[7947],"product_tag":[],"class_list":{"0":"post-155454","1":"product","2":"type-product","3":"status-publish","4":"has-post-thumbnail","6":"product_cat-headshop-de","8":"first","9":"outofstock","10":"taxable","11":"shipping-taxable","12":"purchasable","13":"product-type-variable"},"aioseo_notices":[],"_links":{"self":[{"href":"https:\/\/www.budream.com\/de\/wp-json\/wp\/v2\/product\/155454","targetHints":{"allow":["GET"]}}],"collection":[{"href":"https:\/\/www.budream.com\/de\/wp-json\/wp\/v2\/product"}],"about":[{"href":"https:\/\/www.budream.com\/de\/wp-json\/wp\/v2\/types\/product"}],"replies":[{"embeddable":true,"href":"https:\/\/www.budream.com\/de\/wp-json\/wp\/v2\/comments?post=155454"}],"version-history":[{"count":0,"href":"https:\/\/www.budream.com\/de\/wp-json\/wp\/v2\/product\/155454\/revisions"}],"wp:featuredmedia":[{"embeddable":true,"href":"https:\/\/www.budream.com\/de\/wp-json\/wp\/v2\/media\/155418"}],"wp:attachment":[{"href":"https:\/\/www.budream.com\/de\/wp-json\/wp\/v2\/media?parent=155454"}],"wp:term":[{"taxonomy":"product_brand","embeddable":true,"href":"https:\/\/www.budream.com\/de\/wp-json\/wp\/v2\/product_brand?post=155454"},{"taxonomy":"product_cat","embeddable":true,"href":"https:\/\/www.budream.com\/de\/wp-json\/wp\/v2\/product_cat?post=155454"},{"taxonomy":"product_tag","embeddable":true,"href":"https:\/\/www.budream.com\/de\/wp-json\/wp\/v2\/product_tag?post=155454"}],"curies":[{"name":"wp","href":"https:\/\/api.w.org\/{rel}","templated":true}]}}