{"id":155562,"date":"2025-07-31T13:58:04","date_gmt":"2025-07-31T11:58:04","guid":{"rendered":"https:\/\/www.budream.com\/shop\/reiner-extrakt-trockener-sift-125x10m\/"},"modified":"2025-10-15T05:50:38","modified_gmt":"2025-10-15T03:50:38","slug":"reiner-extrakt-trockener-sift-125x10m","status":"publish","type":"product","link":"https:\/\/www.budream.com\/de\/shop\/reiner-extrakt-trockener-sift-125x10m\/","title":{"rendered":"REINER EXTRAKT &#8211; TROCKENER SIFT | 1,25x10m"},"content":{"rendered":"<p><strong>Pure Extract<\/strong> Netze f\u00fcr Trockensiebe und Best\u00e4uber sind ideal, um die Dicke Ihres alten Netzes zu \u00e4ndern, es zu ersetzen oder Ihre eigenen DIY Extraktoren und Siebe zu schaffen!<\/p>\n<h2><span style=\"text-decoration: underline\"><strong>Eigenschaften Pure Extract Netz f\u00fcr Trockensiebe und Best\u00e4uber<\/strong>.<\/span><\/h2>\n<ul style=\"list-style-type: disc\">\n<li><strong>Gr\u00f6\u00dfe:<\/strong> 1,25 x 10 Meter.<\/li>\n<li><strong>100% Nylon.<\/strong><\/li>\n<li>Passt auf jeden Tumbler und jedes Sieb.<\/li>\n<li>Perfekt f\u00fcr Trockensiebe und Best\u00e4uber.<\/li>\n<li>Erh\u00e4ltlich in verschiedenen Gr\u00f6\u00dfen und Abmessungen.<\/li>\n<\/ul>\n","protected":false},"excerpt":{"rendered":"<p>Pure Extract Netze f\u00fcr Trockensiebe und Best\u00e4uber sind ideal, um die Dicke Ihres alten Netzes zu \u00e4ndern, es zu ersetzen<\/p>\n","protected":false},"featured_media":155531,"comment_status":"open","ping_status":"closed","template":"","meta":[],"product_brand":[],"product_cat":[7947],"product_tag":[],"class_list":{"0":"post-155562","1":"product","2":"type-product","3":"status-publish","4":"has-post-thumbnail","6":"product_cat-headshop-de","8":"first","9":"outofstock","10":"taxable","11":"shipping-taxable","12":"purchasable","13":"product-type-variable"},"aioseo_notices":[],"_links":{"self":[{"href":"https:\/\/www.budream.com\/de\/wp-json\/wp\/v2\/product\/155562","targetHints":{"allow":["GET"]}}],"collection":[{"href":"https:\/\/www.budream.com\/de\/wp-json\/wp\/v2\/product"}],"about":[{"href":"https:\/\/www.budream.com\/de\/wp-json\/wp\/v2\/types\/product"}],"replies":[{"embeddable":true,"href":"https:\/\/www.budream.com\/de\/wp-json\/wp\/v2\/comments?post=155562"}],"version-history":[{"count":0,"href":"https:\/\/www.budream.com\/de\/wp-json\/wp\/v2\/product\/155562\/revisions"}],"wp:featuredmedia":[{"embeddable":true,"href":"https:\/\/www.budream.com\/de\/wp-json\/wp\/v2\/media\/155531"}],"wp:attachment":[{"href":"https:\/\/www.budream.com\/de\/wp-json\/wp\/v2\/media?parent=155562"}],"wp:term":[{"taxonomy":"product_brand","embeddable":true,"href":"https:\/\/www.budream.com\/de\/wp-json\/wp\/v2\/product_brand?post=155562"},{"taxonomy":"product_cat","embeddable":true,"href":"https:\/\/www.budream.com\/de\/wp-json\/wp\/v2\/product_cat?post=155562"},{"taxonomy":"product_tag","embeddable":true,"href":"https:\/\/www.budream.com\/de\/wp-json\/wp\/v2\/product_tag?post=155562"}],"curies":[{"name":"wp","href":"https:\/\/api.w.org\/{rel}","templated":true}]}}