{"id":156236,"date":"2025-07-31T14:27:10","date_gmt":"2025-07-31T12:27:10","guid":{"rendered":"https:\/\/www.budream.com\/shop\/biomagno-ecotrap-insektenfallen\/"},"modified":"2026-04-22T16:44:04","modified_gmt":"2026-04-22T14:44:04","slug":"biomagno-ecotrap-insektenfallen","status":"publish","type":"product","link":"https:\/\/www.budream.com\/de\/shop\/biomagno-ecotrap-insektenfallen\/","title":{"rendered":"BIOMAGNO &#8211; ECOTRAP INSEKTENFALLEN"},"content":{"rendered":"<p><strong>Ecotrap von Biomagno ist eine gebrauchsfertige chromotrope Falle<\/strong> aus wasser- und wetterfestem Kunststoff, die beidseitig mit Klebstoff beschichtet ist und deren Funktionsprinzip auf der <strong>Anziehungskraft von Farben beruht.<\/strong> Die Fallen enthalten keine Insektizide und erm\u00f6glichen eine wirksame und 100% nat\u00fcrliche Sch\u00e4dlingsbek\u00e4mpfung. Ideal f\u00fcr Obstb\u00e4ume, Gem\u00fcseg\u00e4rten und G\u00e4rten.<\/p>\n<h2><span style=\"text-decoration: underline\"><strong>So verwenden Sie Ecotrap by Biomagno:<\/strong><\/span><\/h2>\n<p>Aus der Verpackung nehmen, das Schutzpapier der Klebeschicht entfernen und die Falle in der N\u00e4he der zu sch\u00fctzenden Pflanze aufh\u00e4ngen, wobei ein Mindestabstand von 2 Metern zwischen den Fallen eingehalten werden muss. Ersetzen Sie die Falle nach 30 Tagen oder wenn die Oberfl\u00e4che mit Insekten bedeckt ist.<\/p>\n<p><strong>WARNUNGEN:<\/strong><br \/>Au\u00dferhalb der Reichweite von Kindern und Haustieren aufbewahren. Beachten Sie die Gebrauchsanweisung auf der Verpackung. Vermeiden Sie es, den Klebstoff im Inneren der Falle zu ber\u00fchren. Im Falle eines versehentlichen Kontakts mit warmem Wasser und Seife abwaschen. An einem k\u00fchlen, trockenen Ort aufbewahren.<\/p>\n<p><strong>Verpackung: 10 Bl\u00e4tter 10&#215;22 cm<\/strong><\/p>\n","protected":false},"excerpt":{"rendered":"<p>Ecotrap von Biomagno ist eine gebrauchsfertige chromotrope Falle aus wasser- und wetterfestem Kunststoff, die beidseitig mit Klebstoff beschichtet ist und<\/p>\n","protected":false},"featured_media":156230,"comment_status":"open","ping_status":"closed","template":"","meta":[],"product_brand":[],"product_cat":[3095],"product_tag":[],"class_list":{"0":"post-156236","1":"product","2":"type-product","3":"status-publish","4":"has-post-thumbnail","6":"product_cat-antiparassitari-e-difesa","8":"first","9":"instock","10":"taxable","11":"shipping-taxable","12":"purchasable","13":"product-type-variable"},"aioseo_notices":[],"_links":{"self":[{"href":"https:\/\/www.budream.com\/de\/wp-json\/wp\/v2\/product\/156236","targetHints":{"allow":["GET"]}}],"collection":[{"href":"https:\/\/www.budream.com\/de\/wp-json\/wp\/v2\/product"}],"about":[{"href":"https:\/\/www.budream.com\/de\/wp-json\/wp\/v2\/types\/product"}],"replies":[{"embeddable":true,"href":"https:\/\/www.budream.com\/de\/wp-json\/wp\/v2\/comments?post=156236"}],"version-history":[{"count":1,"href":"https:\/\/www.budream.com\/de\/wp-json\/wp\/v2\/product\/156236\/revisions"}],"predecessor-version":[{"id":264403,"href":"https:\/\/www.budream.com\/de\/wp-json\/wp\/v2\/product\/156236\/revisions\/264403"}],"wp:featuredmedia":[{"embeddable":true,"href":"https:\/\/www.budream.com\/de\/wp-json\/wp\/v2\/media\/156230"}],"wp:attachment":[{"href":"https:\/\/www.budream.com\/de\/wp-json\/wp\/v2\/media?parent=156236"}],"wp:term":[{"taxonomy":"product_brand","embeddable":true,"href":"https:\/\/www.budream.com\/de\/wp-json\/wp\/v2\/product_brand?post=156236"},{"taxonomy":"product_cat","embeddable":true,"href":"https:\/\/www.budream.com\/de\/wp-json\/wp\/v2\/product_cat?post=156236"},{"taxonomy":"product_tag","embeddable":true,"href":"https:\/\/www.budream.com\/de\/wp-json\/wp\/v2\/product_tag?post=156236"}],"curies":[{"name":"wp","href":"https:\/\/api.w.org\/{rel}","templated":true}]}}