{"id":156301,"date":"2025-07-31T14:29:34","date_gmt":"2025-07-31T12:29:34","guid":{"rendered":"https:\/\/www.budream.com\/shop\/qnubu-silikon-behaelter\/"},"modified":"2026-04-14T15:21:40","modified_gmt":"2026-04-14T13:21:40","slug":"qnubu-silikon-behaelter","status":"publish","type":"product","link":"https:\/\/www.budream.com\/de\/shop\/qnubu-silikon-behaelter\/","title":{"rendered":"QNUBU &#8211; SILIKON-BEH\u00c4LTER"},"content":{"rendered":"<p>Qnubu Beh\u00e4lter werden verwendet, um Ihre wertvollen Extrakte zu speichern.<\/p>\n<h2><span style=\"text-decoration: underline\">QNUBU Silikon-Beh\u00e4lter:<\/span><\/h2>\n<ul style=\"list-style-type: disc\">\n<li>Nicht klebend;<\/li>\n<li>Erh\u00e4ltlich in verschiedenen Formaten und Gr\u00f6\u00dfen;<\/li>\n<li>100% Silikon;<\/li>\n<li>Farblich sortiert<\/li>\n<\/ul>\n","protected":false},"excerpt":{"rendered":"<p>Qnubu Beh\u00e4lter werden verwendet, um Ihre wertvollen Extrakte zu speichern. QNUBU Silikon-Beh\u00e4lter: Nicht klebend; Erh\u00e4ltlich in verschiedenen Formaten und Gr\u00f6\u00dfen;<\/p>\n","protected":false},"featured_media":156290,"comment_status":"open","ping_status":"closed","template":"","meta":[],"product_brand":[],"product_cat":[7947],"product_tag":[],"class_list":{"0":"post-156301","1":"product","2":"type-product","3":"status-publish","4":"has-post-thumbnail","6":"product_cat-headshop-de","8":"first","9":"instock","10":"taxable","11":"shipping-taxable","12":"purchasable","13":"product-type-variable"},"aioseo_notices":[],"_links":{"self":[{"href":"https:\/\/www.budream.com\/de\/wp-json\/wp\/v2\/product\/156301","targetHints":{"allow":["GET"]}}],"collection":[{"href":"https:\/\/www.budream.com\/de\/wp-json\/wp\/v2\/product"}],"about":[{"href":"https:\/\/www.budream.com\/de\/wp-json\/wp\/v2\/types\/product"}],"replies":[{"embeddable":true,"href":"https:\/\/www.budream.com\/de\/wp-json\/wp\/v2\/comments?post=156301"}],"version-history":[{"count":1,"href":"https:\/\/www.budream.com\/de\/wp-json\/wp\/v2\/product\/156301\/revisions"}],"predecessor-version":[{"id":262880,"href":"https:\/\/www.budream.com\/de\/wp-json\/wp\/v2\/product\/156301\/revisions\/262880"}],"wp:featuredmedia":[{"embeddable":true,"href":"https:\/\/www.budream.com\/de\/wp-json\/wp\/v2\/media\/156290"}],"wp:attachment":[{"href":"https:\/\/www.budream.com\/de\/wp-json\/wp\/v2\/media?parent=156301"}],"wp:term":[{"taxonomy":"product_brand","embeddable":true,"href":"https:\/\/www.budream.com\/de\/wp-json\/wp\/v2\/product_brand?post=156301"},{"taxonomy":"product_cat","embeddable":true,"href":"https:\/\/www.budream.com\/de\/wp-json\/wp\/v2\/product_cat?post=156301"},{"taxonomy":"product_tag","embeddable":true,"href":"https:\/\/www.budream.com\/de\/wp-json\/wp\/v2\/product_tag?post=156301"}],"curies":[{"name":"wp","href":"https:\/\/api.w.org\/{rel}","templated":true}]}}