{"id":156416,"date":"2025-07-31T14:36:51","date_gmt":"2025-07-31T12:36:51","guid":{"rendered":"https:\/\/www.budream.com\/shop\/hanfsamen-sorte-finola-auswahl-ce\/"},"modified":"2026-03-24T19:58:23","modified_gmt":"2026-03-24T17:58:23","slug":"hanfsamen-sorte-finola-auswahl-ce","status":"publish","type":"product","link":"https:\/\/www.budream.com\/de\/shop\/hanfsamen-sorte-finola-auswahl-ce\/","title":{"rendered":"HANFSAMEN SORTE FINOLA AUSWAHL CE"},"content":{"rendered":"<p>Finola&#8220; ist eine zweih\u00e4usige, photounabh\u00e4ngige Sorte, die seit 1995 in Finnland entwickelt wird.<br \/>Es handelt sich um eine Genetik, die f\u00fcr die Saatguterzeugung zur Verwendung als Nahrungsmittel bestimmt ist, aber auch f\u00fcr die Erzeugung von Bl\u00fctenst\u00e4nden oder Biomasse zur Extraktion (CBD) verwendet wird.<\/p>\n<p>Nachstehend eine Liste der wichtigsten Merkmale:<\/p>\n<p><strong>Genotyp:<\/strong> Dioica<br \/><strong>Klimatische Anpassungsf\u00e4higkeit<\/strong>: Boreal, kontinental und ozeanisch<br \/><strong>Vegetativer Zyklus<\/strong>: 100\/120 Tage<br \/><strong>H\u00f6he:<\/strong> 1 &#8211; 2 Meter<br \/><strong>Weibliche Vollbl\u00fcte:<\/strong> 60 Tage nach der Aussaat<\/p>\n<p><strong>Durchschnittlicher Samenertrag kg\/ha<\/strong>: 500-1000<br \/><strong>Durchschnittlicher Ballenertrag T\/ha:<\/strong> 3-5<br \/><strong>Durchschnittlicher Ertrag der Bl\u00fctenst\u00e4nde** (Trockenbiomasse): Kg\/ha:<\/strong> 400-800<\/p>\n<p><strong>THC<\/strong>: &lt; 0,2 %.<br \/><strong>CBD*<\/strong>: 2-6 %.<\/p>\n","protected":false},"excerpt":{"rendered":"<p>\ud83c\udf3f HANFSAMEN SORTE FINOLA AUSWAHL CE von CREA.<\/p>\n","protected":false},"featured_media":156410,"comment_status":"open","ping_status":"closed","template":"","meta":[],"product_brand":[],"product_cat":[7952],"product_tag":[8568,10126,10272],"class_list":{"0":"post-156416","1":"product","2":"type-product","3":"status-publish","4":"has-post-thumbnail","6":"product_cat-seedshop-de","7":"product_tag-crea","8":"product_tag-cannabis-samen","9":"product_tag-hanfsamen-sorte-finola-auswahl-ce","11":"first","12":"instock","13":"sale","14":"taxable","15":"shipping-taxable","16":"purchasable","17":"product-type-variable"},"aioseo_notices":[],"_links":{"self":[{"href":"https:\/\/www.budream.com\/de\/wp-json\/wp\/v2\/product\/156416","targetHints":{"allow":["GET"]}}],"collection":[{"href":"https:\/\/www.budream.com\/de\/wp-json\/wp\/v2\/product"}],"about":[{"href":"https:\/\/www.budream.com\/de\/wp-json\/wp\/v2\/types\/product"}],"replies":[{"embeddable":true,"href":"https:\/\/www.budream.com\/de\/wp-json\/wp\/v2\/comments?post=156416"}],"version-history":[{"count":2,"href":"https:\/\/www.budream.com\/de\/wp-json\/wp\/v2\/product\/156416\/revisions"}],"predecessor-version":[{"id":260203,"href":"https:\/\/www.budream.com\/de\/wp-json\/wp\/v2\/product\/156416\/revisions\/260203"}],"wp:featuredmedia":[{"embeddable":true,"href":"https:\/\/www.budream.com\/de\/wp-json\/wp\/v2\/media\/156410"}],"wp:attachment":[{"href":"https:\/\/www.budream.com\/de\/wp-json\/wp\/v2\/media?parent=156416"}],"wp:term":[{"taxonomy":"product_brand","embeddable":true,"href":"https:\/\/www.budream.com\/de\/wp-json\/wp\/v2\/product_brand?post=156416"},{"taxonomy":"product_cat","embeddable":true,"href":"https:\/\/www.budream.com\/de\/wp-json\/wp\/v2\/product_cat?post=156416"},{"taxonomy":"product_tag","embeddable":true,"href":"https:\/\/www.budream.com\/de\/wp-json\/wp\/v2\/product_tag?post=156416"}],"curies":[{"name":"wp","href":"https:\/\/api.w.org\/{rel}","templated":true}]}}