{"id":156456,"date":"2025-07-31T14:38:22","date_gmt":"2025-07-31T12:38:22","guid":{"rendered":"https:\/\/www.budream.com\/shop\/hanfsamen-sorte-kompolti-auswahl-ce\/"},"modified":"2026-03-24T14:54:35","modified_gmt":"2026-03-24T12:54:35","slug":"hanfsamen-sorte-kompolti-auswahl-ce","status":"publish","type":"product","link":"https:\/\/www.budream.com\/de\/shop\/hanfsamen-sorte-kompolti-auswahl-ce\/","title":{"rendered":"HANFSAMEN SORTE KOMPOLTI AUSWAHL CE"},"content":{"rendered":"<p>EG-zertifizierte Hanfsamen (Cannabis sativa L.) der Sorte Kompolti.<\/p>\n<p>Kompolti&#8220; ist eine ungarische Sorte, die in ganz Europa angebaut wird.<br \/>Sie ist die am weitesten verbreitete ungarische Sorte. Sie ist das Ergebnis von mehr als 20 Jahren Selektionsarbeit durch ein Team von Genetikexperten. Sie wurde aus einer Kombination von chinesischem, ungarischem und wahrscheinlich auch italienischem Material gez\u00fcchtet und zeichnet sich durch eine hohe Wuchskraft und eine breite Anpassungsf\u00e4higkeit an verschiedene Umgebungen aus.<\/p>\n<p>Es handelt sich um eine genetische Sorte, die f\u00fcr die Erzeugung von Fasern entwickelt wurde, jetzt aber f\u00fcr die Produktion von Bl\u00fctenst\u00e4nden und Biomasse f\u00fcr die Extraktion (CBD) gew\u00e4hlt wird.<\/p>\n<p>Im Folgenden werden die wichtigsten Merkmale aufgef\u00fchrt:<\/p>\n<p><strong>Genotyp:<\/strong> Kompolti<br \/><strong>Land der Produktion:<\/strong> Bulgarien<\/p>\n<p><strong>Genotyp<\/strong>: Dioica<br \/><strong>Klimatische Anpassungsf\u00e4higkeit<\/strong>: Nord-, Mittel- und S\u00fcdeuropa<br \/><strong>Vegetationszyklus<\/strong>: 140-160 Tage<br \/><strong>H\u00f6he<\/strong>: 2,5 &#8211; 3,5 Meter<br \/><strong>Vollbl\u00fcte:<\/strong> August<\/p>\n<p><strong>Durchschnittlicher Samenertrag kg\/ha<\/strong>: 500 &#8211; 800<br \/><strong>Durchschnittlicher Ballenertrag T\/ha<\/strong>: 8 &#8211; 12<br \/><strong>Durchschnittlicher Bl\u00fctenstandsertrag** (Trockenbiomasse) kg\/ha<\/strong>: 600 &#8211; 1500<\/p>\n<p><strong>THC<\/strong>: &lt; 0,2 %.<br \/><strong>CBD*<\/strong>: 2-10 %.<\/p>\n","protected":false},"excerpt":{"rendered":"<p>\ud83c\udf3f HANFSAMEN SORTE KOMPOLTI AUSWAHL CE von CREA.<\/p>\n","protected":false},"featured_media":156450,"comment_status":"open","ping_status":"closed","template":"","meta":[],"product_brand":[],"product_cat":[7952],"product_tag":[8568,10126,10273],"class_list":{"0":"post-156456","1":"product","2":"type-product","3":"status-publish","4":"has-post-thumbnail","6":"product_cat-seedshop-de","7":"product_tag-crea","8":"product_tag-cannabis-samen","9":"product_tag-hanfsamen-sorte-kompolti-auswahl-ce","11":"first","12":"instock","13":"sale","14":"taxable","15":"shipping-taxable","16":"purchasable","17":"product-type-variable"},"aioseo_notices":[],"_links":{"self":[{"href":"https:\/\/www.budream.com\/de\/wp-json\/wp\/v2\/product\/156456","targetHints":{"allow":["GET"]}}],"collection":[{"href":"https:\/\/www.budream.com\/de\/wp-json\/wp\/v2\/product"}],"about":[{"href":"https:\/\/www.budream.com\/de\/wp-json\/wp\/v2\/types\/product"}],"replies":[{"embeddable":true,"href":"https:\/\/www.budream.com\/de\/wp-json\/wp\/v2\/comments?post=156456"}],"version-history":[{"count":2,"href":"https:\/\/www.budream.com\/de\/wp-json\/wp\/v2\/product\/156456\/revisions"}],"predecessor-version":[{"id":260609,"href":"https:\/\/www.budream.com\/de\/wp-json\/wp\/v2\/product\/156456\/revisions\/260609"}],"wp:featuredmedia":[{"embeddable":true,"href":"https:\/\/www.budream.com\/de\/wp-json\/wp\/v2\/media\/156450"}],"wp:attachment":[{"href":"https:\/\/www.budream.com\/de\/wp-json\/wp\/v2\/media?parent=156456"}],"wp:term":[{"taxonomy":"product_brand","embeddable":true,"href":"https:\/\/www.budream.com\/de\/wp-json\/wp\/v2\/product_brand?post=156456"},{"taxonomy":"product_cat","embeddable":true,"href":"https:\/\/www.budream.com\/de\/wp-json\/wp\/v2\/product_cat?post=156456"},{"taxonomy":"product_tag","embeddable":true,"href":"https:\/\/www.budream.com\/de\/wp-json\/wp\/v2\/product_tag?post=156456"}],"curies":[{"name":"wp","href":"https:\/\/api.w.org\/{rel}","templated":true}]}}