{"id":156511,"date":"2025-07-31T14:41:21","date_gmt":"2025-07-31T12:41:21","guid":{"rendered":"https:\/\/www.budream.com\/shop\/suesse-samen-bruce-banner-auto-fem-sws91\/"},"modified":"2026-04-01T13:54:14","modified_gmt":"2026-04-01T11:54:14","slug":"suesse-samen-bruce-banner-auto-fem-sws91","status":"publish","type":"product","link":"https:\/\/www.budream.com\/de\/shop\/suesse-samen-bruce-banner-auto-fem-sws91\/","title":{"rendered":"S\u00dcSSE SAMEN &#8211; BRUCE BANNER AUTO\u00ae FEM (SWS91)"},"content":{"rendered":"<div id=\"ficha_imagen\">\n<p style=\"text-align: justify\">7. Generation Autoflowering. Autoflowering-Version einer der ber\u00fchmtesten &#8222;Super Strong&#8220;-Sorten an der Westk\u00fcste der USA, der kraftvollen und revolution\u00e4ren Bruce Banner, die im Staat Colorado entwickelt wurde, um Enthusiasten auf der ganzen Welt zu begeistern.<\/p>\n<\/div>\n<h2><strong>Eigenschaften Bruce Banner Auto Fem:<\/strong><\/h2>\n<ul style=\"list-style-type: disc\">\n<li><strong>Gattung:<\/strong> Autoflowering Feminisiert<\/li>\n<li><strong>Genotyp:<\/strong> Hybrid: 41,1% \/ Sativa: 58,7% \/ Ruderalis: 0,2%<\/li>\n<li><strong>Genetik:<\/strong> Bruce Banner x Gorilla Girl XL <sup> Auto&reg;<\/sup> (SWS82)<\/li>\n<li>Tage<strong>:<\/strong> 63 Tage<\/li>\n<\/ul>\n<p><\/p>\n<div style=\"text-align: justify\"><span style=\"font-size: 11pt\"><em><strong>ACHTUNG:<\/strong> Hanfsamen fallen nicht unter den gesetzlichen Begriff Cannabis, was bedeutet, dass sie nicht als Bet\u00e4ubungsmittel gelten (L. 412 von 1974, Art. 1, Komma 1, Buchstabe B; Einheits\u00fcbereinkommen \u00fcber Bet\u00e4ubungsmittel von New York von 1961 und Tabelle II des Ministerialerlasses vom 27.7.1992). In Italien ist der Anbau von Hanf verboten (Artikel 28 und 73 des Pr\u00e4sidialdekrets 309\/90), es sei denn, es liegt eine Sondergenehmigung vor (Artikel 17 des Pr\u00e4sidialdekrets 309\/90). In Ermangelung einer solchen Genehmigung darf das Saatgut nur f\u00fcr andere Zwecke verwendet werden (zootechnische Zwecke, Sammeln usw.). Das Saatgut wird unter dem Vorbehalt verkauft, dass es nicht von Dritten im Widerspruch zu den gesetzlichen Bestimmungen verwendet wird.<\/em><\/span><\/div>\n","protected":false},"excerpt":{"rendered":"<p>\ud83c\udf3f BRUCE BANNER AUTO\u00ae FEM (SWS91) von SWEET SEEDS \u00b7 \ud83e\uddec Sativa Dominant (60%+) \u00b7 \ud83d\udd25 THC sehr hoch (Sehr hoch (20\u202f%+)).<\/p>\n","protected":false},"featured_media":156505,"comment_status":"open","ping_status":"closed","template":"","meta":[],"product_brand":[],"product_cat":[7952],"product_tag":[8511,8543,8781,10124,10126,10128,10171],"class_list":{"0":"post-156511","1":"product","2":"type-product","3":"status-publish","4":"has-post-thumbnail","6":"product_cat-seedshop-de","7":"product_tag-sativa","8":"product_tag-sweet-seeds","9":"product_tag-bruce-banner-auto-fem-sws91","10":"product_tag-thc-sehr-hoch","11":"product_tag-cannabis-samen","12":"product_tag-feminisierte-samen","13":"product_tag-suess-fruchtig","15":"first","16":"instock","17":"sale","18":"taxable","19":"shipping-taxable","20":"purchasable","21":"product-type-variable"},"aioseo_notices":[],"_links":{"self":[{"href":"https:\/\/www.budream.com\/de\/wp-json\/wp\/v2\/product\/156511","targetHints":{"allow":["GET"]}}],"collection":[{"href":"https:\/\/www.budream.com\/de\/wp-json\/wp\/v2\/product"}],"about":[{"href":"https:\/\/www.budream.com\/de\/wp-json\/wp\/v2\/types\/product"}],"replies":[{"embeddable":true,"href":"https:\/\/www.budream.com\/de\/wp-json\/wp\/v2\/comments?post=156511"}],"version-history":[{"count":2,"href":"https:\/\/www.budream.com\/de\/wp-json\/wp\/v2\/product\/156511\/revisions"}],"predecessor-version":[{"id":260075,"href":"https:\/\/www.budream.com\/de\/wp-json\/wp\/v2\/product\/156511\/revisions\/260075"}],"wp:featuredmedia":[{"embeddable":true,"href":"https:\/\/www.budream.com\/de\/wp-json\/wp\/v2\/media\/156505"}],"wp:attachment":[{"href":"https:\/\/www.budream.com\/de\/wp-json\/wp\/v2\/media?parent=156511"}],"wp:term":[{"taxonomy":"product_brand","embeddable":true,"href":"https:\/\/www.budream.com\/de\/wp-json\/wp\/v2\/product_brand?post=156511"},{"taxonomy":"product_cat","embeddable":true,"href":"https:\/\/www.budream.com\/de\/wp-json\/wp\/v2\/product_cat?post=156511"},{"taxonomy":"product_tag","embeddable":true,"href":"https:\/\/www.budream.com\/de\/wp-json\/wp\/v2\/product_tag?post=156511"}],"curies":[{"name":"wp","href":"https:\/\/api.w.org\/{rel}","templated":true}]}}