{"id":156546,"date":"2025-07-31T14:43:11","date_gmt":"2025-07-31T12:43:11","guid":{"rendered":"https:\/\/www.budream.com\/shop\/suesse-samen-runtz-xl-auto-fem-sws88\/"},"modified":"2026-04-22T13:42:15","modified_gmt":"2026-04-22T11:42:15","slug":"suesse-samen-runtz-xl-auto-fem-sws88","status":"publish","type":"product","link":"https:\/\/www.budream.com\/de\/shop\/suesse-samen-runtz-xl-auto-fem-sws88\/","title":{"rendered":"S\u00dcSSE SAMEN &#8211; RUNTZ XL AUTO\u00ae FEM (SWS88)"},"content":{"rendered":"<div style=\"text-align: justify\">6. Generation Autoflowering. Autoflowering und hohe Gr\u00f6\u00dfe Version von Runtz Genetik (Zkittlez x Gelato).<\/div>\n<div style=\"text-align: justify\">Runtz XL <sup> Auto&reg;<\/sup> (SWS88) ist das Ergebnis der Kreuzung eines ausgew\u00e4hlten Klons von Runtz mit einer ausgew\u00e4hlten Sorte unserer Sweet Gelato <sup> Auto&reg;<\/sup> (SWS76).<\/div>\n<p><\/p>\n<h2><strong>Eigenschaften Runtz XL Auto Fem:<\/strong><\/h2>\n<ul style=\"list-style-type: disc\">\n<li><strong>Gattung:<\/strong> Autoflowering Feminisiert XL<\/li>\n<li><strong>Genotyp<\/strong>: Hybrid: 47,1% Indica \/ 52,5% Sativa \/ 0,4% Ruderalis<\/li>\n<li><strong>Genetik:<\/strong> <sup> Runtz&reg;<\/sup> x Sweet Gelato <sup> Auto&reg;<\/sup> <\/li>\n<li>Tage<strong>:<\/strong> 56 Tage<\/li>\n<\/ul>\n<p><\/p>\n<div style=\"text-align: justify\"><span style=\"font-size: 11pt\"><em><strong>WARNUNG:<\/strong> Hanfsamen sind vom gesetzlichen Begriff Cannabis ausgenommen, was bedeutet, dass sie nicht als Bet\u00e4ubungsmittel gelten (L. 412 von 1974, Art. 1, Absatz 1, Buchstabe B; Einheits\u00fcbereinkommen \u00fcber Bet\u00e4ubungsmittel von New York von 1961 und Tabelle II des Ministerialerlasses 27\/7\/1992). In Italien ist der Anbau von Hanf verboten (Artikel 28 und 73 des Pr\u00e4sidialdekrets 309\/90), es sei denn, es liegt eine Sondergenehmigung vor (Artikel 17 des Pr\u00e4sidialdekrets 309\/90). In Ermangelung einer solchen Genehmigung darf das Saatgut nur f\u00fcr andere Zwecke verwendet werden (zootechnische Zwecke, Sammeln usw.). Das Saatgut wird unter dem Vorbehalt verkauft, dass es nicht von Dritten im Widerspruch zu den gesetzlichen Bestimmungen verwendet wird.<\/em><\/span><\/div>\n","protected":false},"excerpt":{"rendered":"<p>\ud83c\udf3f RUNTZ XL AUTO\u00ae FEM (SWS88) von SWEET SEEDS \u00b7 \ud83e\uddec Indica \/ Sativa \u00b7 \ud83d\udd25 THC sehr hoch (Sehr hoch (20\u202f%+)) \u00b7 \ud83d\udce6 Ertrag XL.<\/p>\n","protected":false},"featured_media":156535,"comment_status":"open","ping_status":"closed","template":"","meta":[],"product_brand":[],"product_cat":[1175],"product_tag":[8511,8543,8782,9931,10124,10126,10128,10171,8510],"class_list":{"0":"post-156546","1":"product","2":"type-product","3":"status-publish","4":"has-post-thumbnail","6":"product_cat-seedshop","7":"product_tag-sativa","8":"product_tag-sweet-seeds","9":"product_tag-runtz-xl-auto-fem-sws88","10":"product_tag-hybrid","11":"product_tag-thc-sehr-hoch","12":"product_tag-cannabis-samen","13":"product_tag-feminisierte-samen","14":"product_tag-suess-fruchtig","15":"product_tag-indica","17":"first","18":"instock","19":"taxable","20":"shipping-taxable","21":"purchasable","22":"product-type-variable"},"aioseo_notices":[],"_links":{"self":[{"href":"https:\/\/www.budream.com\/de\/wp-json\/wp\/v2\/product\/156546","targetHints":{"allow":["GET"]}}],"collection":[{"href":"https:\/\/www.budream.com\/de\/wp-json\/wp\/v2\/product"}],"about":[{"href":"https:\/\/www.budream.com\/de\/wp-json\/wp\/v2\/types\/product"}],"replies":[{"embeddable":true,"href":"https:\/\/www.budream.com\/de\/wp-json\/wp\/v2\/comments?post=156546"}],"version-history":[{"count":2,"href":"https:\/\/www.budream.com\/de\/wp-json\/wp\/v2\/product\/156546\/revisions"}],"predecessor-version":[{"id":259932,"href":"https:\/\/www.budream.com\/de\/wp-json\/wp\/v2\/product\/156546\/revisions\/259932"}],"wp:featuredmedia":[{"embeddable":true,"href":"https:\/\/www.budream.com\/de\/wp-json\/wp\/v2\/media\/156535"}],"wp:attachment":[{"href":"https:\/\/www.budream.com\/de\/wp-json\/wp\/v2\/media?parent=156546"}],"wp:term":[{"taxonomy":"product_brand","embeddable":true,"href":"https:\/\/www.budream.com\/de\/wp-json\/wp\/v2\/product_brand?post=156546"},{"taxonomy":"product_cat","embeddable":true,"href":"https:\/\/www.budream.com\/de\/wp-json\/wp\/v2\/product_cat?post=156546"},{"taxonomy":"product_tag","embeddable":true,"href":"https:\/\/www.budream.com\/de\/wp-json\/wp\/v2\/product_tag?post=156546"}],"curies":[{"name":"wp","href":"https:\/\/api.w.org\/{rel}","templated":true}]}}