{"id":156581,"date":"2025-07-31T14:45:05","date_gmt":"2025-07-31T12:45:05","guid":{"rendered":"https:\/\/www.budream.com\/shop\/niederlaendische-leidenschaft-cbd-mazar-fem\/"},"modified":"2026-03-21T13:55:37","modified_gmt":"2026-03-21T11:55:37","slug":"niederlaendische-leidenschaft-cbd-mazar-fem","status":"publish","type":"product","link":"https:\/\/www.budream.com\/de\/shop\/niederlaendische-leidenschaft-cbd-mazar-fem\/","title":{"rendered":"NIEDERL\u00c4NDISCHE LEIDENSCHAFT &#8211; CBD MAZAR FEM"},"content":{"rendered":"<p><strong>CBD MAZAR<\/strong> ist ein Indica-dominanter Hybrid, der k\u00f6rperliche Entspannung mit reichlich Ertr\u00e4gen verbindet von DUTCH PASSION. Verf\u00fcgbar in Packungen mit 10 Samen feminisiert. Mit einem THC-Gehalt von Sehr niedrig (0\u20134\u202f%) und CBD Hoch (6\u202f%+), diese Pflanze richtet sich an diejenigen, die ein therapeutisches Profil bevorzugen. Im Anbau, bl\u00fcht schnell in 7-9 Wochen und produziert gro\u00dfz\u00fcgige Ertr\u00e4ge. In der Nase und am Gaumen zeichnet sich sein \ud83c\udf53 S\u00fc\u00df \/ Fruchtig-Aroma aus.<\/p>\n","protected":false},"excerpt":{"rendered":"<p>\ud83c\udf3f CBD MAZAR von DUTCH PASSION \u00b7 \ud83e\uddec Indica Dominant (60%+).<\/p>\n","protected":false},"featured_media":156570,"comment_status":"open","ping_status":"closed","template":"","meta":[],"product_brand":[],"product_cat":[7952],"product_tag":[10126,10128,10171,8508,8510,8783],"class_list":{"0":"post-156581","1":"product","2":"type-product","3":"status-publish","4":"has-post-thumbnail","6":"product_cat-seedshop-de","7":"product_tag-cannabis-samen","8":"product_tag-feminisierte-samen","9":"product_tag-suess-fruchtig","10":"product_tag-dutch-passion","11":"product_tag-indica","12":"product_tag-cbd-mazar","14":"first","15":"instock","16":"sale","17":"taxable","18":"shipping-taxable","19":"purchasable","20":"product-type-variable"},"_links":{"self":[{"href":"https:\/\/www.budream.com\/de\/wp-json\/wp\/v2\/product\/156581","targetHints":{"allow":["GET"]}}],"collection":[{"href":"https:\/\/www.budream.com\/de\/wp-json\/wp\/v2\/product"}],"about":[{"href":"https:\/\/www.budream.com\/de\/wp-json\/wp\/v2\/types\/product"}],"replies":[{"embeddable":true,"href":"https:\/\/www.budream.com\/de\/wp-json\/wp\/v2\/comments?post=156581"}],"version-history":[{"count":1,"href":"https:\/\/www.budream.com\/de\/wp-json\/wp\/v2\/product\/156581\/revisions"}],"predecessor-version":[{"id":258916,"href":"https:\/\/www.budream.com\/de\/wp-json\/wp\/v2\/product\/156581\/revisions\/258916"}],"wp:featuredmedia":[{"embeddable":true,"href":"https:\/\/www.budream.com\/de\/wp-json\/wp\/v2\/media\/156570"}],"wp:attachment":[{"href":"https:\/\/www.budream.com\/de\/wp-json\/wp\/v2\/media?parent=156581"}],"wp:term":[{"taxonomy":"product_brand","embeddable":true,"href":"https:\/\/www.budream.com\/de\/wp-json\/wp\/v2\/product_brand?post=156581"},{"taxonomy":"product_cat","embeddable":true,"href":"https:\/\/www.budream.com\/de\/wp-json\/wp\/v2\/product_cat?post=156581"},{"taxonomy":"product_tag","embeddable":true,"href":"https:\/\/www.budream.com\/de\/wp-json\/wp\/v2\/product_tag?post=156581"}],"curies":[{"name":"wp","href":"https:\/\/api.w.org\/{rel}","templated":true}]}}