{"id":156611,"date":"2025-07-31T14:47:00","date_gmt":"2025-07-31T12:47:00","guid":{"rendered":"https:\/\/www.budream.com\/shop\/biobizz-calmag\/"},"modified":"2026-03-26T20:04:55","modified_gmt":"2026-03-26T18:04:55","slug":"biobizz-calmag","status":"publish","type":"product","link":"https:\/\/www.budream.com\/de\/shop\/biobizz-calmag\/","title":{"rendered":"BIOBIZZ &#8211; CALMAG"},"content":{"rendered":"<h3>Biobizz Calmag ist f\u00fcr den professionellen Z\u00fcchter und Hobbyg\u00e4rtner, die eine zus\u00e4tzliche Versorgung mit Kalzium und Magnesium f\u00fcr ihre Pflanzen ben\u00f6tigt konzipiert.<\/h3>\n<div class=\"page\" title=\"Page 1\">\n<div class=\"section\">\n<div class=\"layoutArea\">\n<div class=\"column\">\n<p>Ca und Mg sind wesentliche Elemente f\u00fcr das Wachstum und die Bl\u00fcte von Pflanzen, da sie eine Schl\u00fcsselrolle bei der Zellproduktion und der Photosynthese spielen.<\/p>\n<\/div>\n<\/div>\n<\/div>\n<\/div>\n<h3><strong>Warum CalMag verwenden<\/strong><\/h3>\n<div class=\"page\" title=\"Page 1\">\n<div class=\"section\">\n<div class=\"layoutArea\">\n<div class=\"column\">\n<p>Ca-\/Mg-Mangel ist weit verbreitet: Heutzutage kann man sich nicht mehr darauf verlassen, dass das Leitungswasser die richtige Konzentration an Mineralien liefert.<\/p>\n<\/div>\n<\/div>\n<\/div>\n<\/div>\n<div class=\"page\" title=\"Page 1\">\n<div class=\"section\">\n<div class=\"layoutArea\">\n<div class=\"column\">\n<p>Wenn Sie mit weichem Leitungswasser zu tun haben oder Osmosewasser remineralisieren wollen, bietet Ihnen Biobizz Calmag eine 100 % biologische und zertifizierte L\u00f6sung f\u00fcr Ca\/Mg-Mangelerscheinungen.<\/p>\n<\/div>\n<\/div>\n<\/div>\n<\/div>\n<div class=\"page\" title=\"Page 1\">\n<div class=\"section\">\n<div class=\"layoutArea\">\n<div class=\"column\">\n<p>Dieses Produkt enth\u00e4lt die besten 100 % nat\u00fcrlichen Inhaltsstoffe und pr\u00e4sentiert sie in einer Formel, die Ihre Anbauentscheidungen nicht beeinflusst.<\/p>\n<\/div>\n<\/div>\n<\/div>\n<\/div>\n<div class=\"page\" title=\"Page 1\">\n<div class=\"section\">\n<div class=\"layoutArea\">\n<div class=\"column\">\n<p>Mit Biobizz Calmag korrigieren Sie einen Wassermangel auf einfache, kontrollierte und nat\u00fcrliche Weise.<\/p>\n<\/div>\n<\/div>\n<\/div>\n<\/div>\n<h3><strong>Wie wird es verwendet?<\/strong><\/h3>\n<div class=\"vc_col-sm-10 wpb_column column_container vc_column_container col no-extra-padding instance-5\" data-t-w-inherits=\"default\" data-border-radius=\"none\" data-shadow=\"none\" data-border-animation=\"\" data-border-animation-delay=\"\" data-border-width=\"none\" data-border-style=\"solid\" data-border-color=\"\" data-bg-cover=\"\" data-padding-pos=\"all\" data-has-bg-color=\"false\" data-bg-color=\"\" data-bg-opacity=\"1\" data-hover-bg=\"\" data-hover-bg-opacity=\"1\" data-animation=\"\" data-delay=\"0\">\n<div class=\"vc_column-inner\">\n<div class=\"wpb_wrapper\">\n<div class=\"wpb_text_column wpb_content_element \">\n<div class=\"wpb_wrapper\">\n<div class=\"page\" title=\"Page 1\">\n<div class=\"section\">\n<div class=\"layoutArea\">\n<div class=\"column\">\n<p>F\u00fcgen Sie die empfohlene Dosis von Calmag hinzu, um Ca und Mg zu erg\u00e4nzen, bereiten Sie das Wasser vor und mischen Sie die notwendigen Biobizz-D\u00fcngemittel.<\/p>\n<\/div>\n<\/div>\n<\/div>\n<\/div>\n<\/div>\n<\/div>\n<\/div>\n<\/div>\n<\/div>\n","protected":false},"excerpt":{"rendered":"<p>Biobizz Calmag ist f\u00fcr den professionellen Z\u00fcchter und Hobbyg\u00e4rtner, die eine zus\u00e4tzliche Versorgung mit Kalzium und Magnesium f\u00fcr ihre Pflanzen<\/p>\n","protected":false},"featured_media":156605,"comment_status":"open","ping_status":"closed","template":"","meta":[],"product_brand":[],"product_cat":[7934],"product_tag":[],"class_list":{"0":"post-156611","1":"product","2":"type-product","3":"status-publish","4":"has-post-thumbnail","6":"product_cat-duenger","8":"first","9":"instock","10":"taxable","11":"shipping-taxable","12":"purchasable","13":"product-type-variable"},"aioseo_notices":[],"_links":{"self":[{"href":"https:\/\/www.budream.com\/de\/wp-json\/wp\/v2\/product\/156611","targetHints":{"allow":["GET"]}}],"collection":[{"href":"https:\/\/www.budream.com\/de\/wp-json\/wp\/v2\/product"}],"about":[{"href":"https:\/\/www.budream.com\/de\/wp-json\/wp\/v2\/types\/product"}],"replies":[{"embeddable":true,"href":"https:\/\/www.budream.com\/de\/wp-json\/wp\/v2\/comments?post=156611"}],"version-history":[{"count":0,"href":"https:\/\/www.budream.com\/de\/wp-json\/wp\/v2\/product\/156611\/revisions"}],"wp:featuredmedia":[{"embeddable":true,"href":"https:\/\/www.budream.com\/de\/wp-json\/wp\/v2\/media\/156605"}],"wp:attachment":[{"href":"https:\/\/www.budream.com\/de\/wp-json\/wp\/v2\/media?parent=156611"}],"wp:term":[{"taxonomy":"product_brand","embeddable":true,"href":"https:\/\/www.budream.com\/de\/wp-json\/wp\/v2\/product_brand?post=156611"},{"taxonomy":"product_cat","embeddable":true,"href":"https:\/\/www.budream.com\/de\/wp-json\/wp\/v2\/product_cat?post=156611"},{"taxonomy":"product_tag","embeddable":true,"href":"https:\/\/www.budream.com\/de\/wp-json\/wp\/v2\/product_tag?post=156611"}],"curies":[{"name":"wp","href":"https:\/\/api.w.org\/{rel}","templated":true}]}}