{"id":156961,"date":"2025-07-31T15:05:00","date_gmt":"2025-07-31T13:05:00","guid":{"rendered":"https:\/\/www.budream.com\/shop\/super-sativa-seed-club-auto-bruce-lemon-diesel-fem\/"},"modified":"2026-03-21T13:55:59","modified_gmt":"2026-03-21T11:55:59","slug":"super-sativa-seed-club-auto-bruce-lemon-diesel-fem","status":"publish","type":"product","link":"https:\/\/www.budream.com\/de\/shop\/super-sativa-seed-club-auto-bruce-lemon-diesel-fem\/","title":{"rendered":"SUPER SATIVA SEED CLUB &#8211; AUTO BRUCE LEMON DIESEL FEM"},"content":{"rendered":"<p><strong>AUTO BRUCE LEMON DIESEL<\/strong> ist ein ausgewogener Hybrid zwischen Indica und Sativa, vielseitig und f\u00fcr jede Gelegenheit geeignet von SUPER SATIVA SEED CLUB. Verf\u00fcgbar in Packungen mit 3 Samen feminisiert. Mit sehr hohem THC-Gehalt (Sehr hoch (20\u202f%+)), diese Pflanze richtet sich an erfahrene Z\u00fcchter. Im Anbau, hat einen mittleren Bl\u00fctezyklus von 10-12 Wochen und produziert gro\u00dfz\u00fcgige Ertr\u00e4ge.<\/p>\n","protected":false},"excerpt":{"rendered":"<p>\ud83c\udf3f AUTO BRUCE LEMON DIESEL von SUPER SATIVA SEED CLUB \u00b7 \ud83e\uddec Indica \/ Sativa \u00b7 \ud83d\udd25 THC sehr hoch (Sehr hoch (20\u202f%+)).<\/p>\n","protected":false},"featured_media":156955,"comment_status":"open","ping_status":"closed","template":"","meta":[],"product_brand":[],"product_cat":[7952],"product_tag":[10128,8510,8511,8545,8784,9931,10124,10126],"class_list":{"0":"post-156961","1":"product","2":"type-product","3":"status-publish","4":"has-post-thumbnail","6":"product_cat-seedshop-de","7":"product_tag-feminisierte-samen","8":"product_tag-indica","9":"product_tag-sativa","10":"product_tag-super-sativa-seed-club","11":"product_tag-auto-bruce-lemon-diesel","12":"product_tag-hybrid","13":"product_tag-thc-sehr-hoch","14":"product_tag-cannabis-samen","16":"first","17":"instock","18":"taxable","19":"shipping-taxable","20":"purchasable","21":"product-type-variable"},"aioseo_notices":[],"_links":{"self":[{"href":"https:\/\/www.budream.com\/de\/wp-json\/wp\/v2\/product\/156961","targetHints":{"allow":["GET"]}}],"collection":[{"href":"https:\/\/www.budream.com\/de\/wp-json\/wp\/v2\/product"}],"about":[{"href":"https:\/\/www.budream.com\/de\/wp-json\/wp\/v2\/types\/product"}],"replies":[{"embeddable":true,"href":"https:\/\/www.budream.com\/de\/wp-json\/wp\/v2\/comments?post=156961"}],"version-history":[{"count":1,"href":"https:\/\/www.budream.com\/de\/wp-json\/wp\/v2\/product\/156961\/revisions"}],"predecessor-version":[{"id":258917,"href":"https:\/\/www.budream.com\/de\/wp-json\/wp\/v2\/product\/156961\/revisions\/258917"}],"wp:featuredmedia":[{"embeddable":true,"href":"https:\/\/www.budream.com\/de\/wp-json\/wp\/v2\/media\/156955"}],"wp:attachment":[{"href":"https:\/\/www.budream.com\/de\/wp-json\/wp\/v2\/media?parent=156961"}],"wp:term":[{"taxonomy":"product_brand","embeddable":true,"href":"https:\/\/www.budream.com\/de\/wp-json\/wp\/v2\/product_brand?post=156961"},{"taxonomy":"product_cat","embeddable":true,"href":"https:\/\/www.budream.com\/de\/wp-json\/wp\/v2\/product_cat?post=156961"},{"taxonomy":"product_tag","embeddable":true,"href":"https:\/\/www.budream.com\/de\/wp-json\/wp\/v2\/product_tag?post=156961"}],"curies":[{"name":"wp","href":"https:\/\/api.w.org\/{rel}","templated":true}]}}