{"id":157011,"date":"2025-07-31T15:08:05","date_gmt":"2025-07-31T13:08:05","guid":{"rendered":"https:\/\/www.budream.com\/shop\/super-sativa-seed-club-buce-lemon-diesel-fem\/"},"modified":"2026-03-21T13:56:22","modified_gmt":"2026-03-21T11:56:22","slug":"super-sativa-seed-club-buce-lemon-diesel-fem","status":"publish","type":"product","link":"https:\/\/www.budream.com\/de\/shop\/super-sativa-seed-club-buce-lemon-diesel-fem\/","title":{"rendered":"SUPER SATIVA SEED CLUB &#8211; BUCE LEMON DIESEL FEM"},"content":{"rendered":"<p><strong>BUCE LEMON DIESEL<\/strong> ist ein ausgewogener Hybrid zwischen Indica und Sativa, vielseitig und f\u00fcr jede Gelegenheit geeignet von SUPER SATIVA SEED CLUB. Verf\u00fcgbar in Packungen mit 3 Samen feminisiert. Mit sehr hohem THC-Gehalt (Sehr hoch (20\u202f%+)), diese Pflanze richtet sich an erfahrene Z\u00fcchter. Im Anbau, hat einen mittleren Bl\u00fctezyklus von 10-12 Wochen und garantiert reichlich Ertr\u00e4ge.<\/p>\n","protected":false},"excerpt":{"rendered":"<p>\ud83c\udf3f BUCE LEMON DIESEL von SUPER SATIVA SEED CLUB \u00b7 \ud83e\uddec Indica \/ Sativa \u00b7 \ud83d\udd25 THC sehr hoch (Sehr hoch (20\u202f%+)) \u00b7 \ud83d\udce6 Ertrag XL.<\/p>\n","protected":false},"featured_media":157005,"comment_status":"open","ping_status":"closed","template":"","meta":[],"product_brand":[],"product_cat":[7952],"product_tag":[10128,8510,8511,8545,8786,9931,10124,10126],"class_list":{"0":"post-157011","1":"product","2":"type-product","3":"status-publish","4":"has-post-thumbnail","6":"product_cat-seedshop-de","7":"product_tag-feminisierte-samen","8":"product_tag-indica","9":"product_tag-sativa","10":"product_tag-super-sativa-seed-club","11":"product_tag-buce-lemon-diesel","12":"product_tag-hybrid","13":"product_tag-thc-sehr-hoch","14":"product_tag-cannabis-samen","16":"first","17":"instock","18":"sale","19":"taxable","20":"shipping-taxable","21":"purchasable","22":"product-type-variable"},"aioseo_notices":[],"_links":{"self":[{"href":"https:\/\/www.budream.com\/de\/wp-json\/wp\/v2\/product\/157011","targetHints":{"allow":["GET"]}}],"collection":[{"href":"https:\/\/www.budream.com\/de\/wp-json\/wp\/v2\/product"}],"about":[{"href":"https:\/\/www.budream.com\/de\/wp-json\/wp\/v2\/types\/product"}],"replies":[{"embeddable":true,"href":"https:\/\/www.budream.com\/de\/wp-json\/wp\/v2\/comments?post=157011"}],"version-history":[{"count":1,"href":"https:\/\/www.budream.com\/de\/wp-json\/wp\/v2\/product\/157011\/revisions"}],"predecessor-version":[{"id":258919,"href":"https:\/\/www.budream.com\/de\/wp-json\/wp\/v2\/product\/157011\/revisions\/258919"}],"wp:featuredmedia":[{"embeddable":true,"href":"https:\/\/www.budream.com\/de\/wp-json\/wp\/v2\/media\/157005"}],"wp:attachment":[{"href":"https:\/\/www.budream.com\/de\/wp-json\/wp\/v2\/media?parent=157011"}],"wp:term":[{"taxonomy":"product_brand","embeddable":true,"href":"https:\/\/www.budream.com\/de\/wp-json\/wp\/v2\/product_brand?post=157011"},{"taxonomy":"product_cat","embeddable":true,"href":"https:\/\/www.budream.com\/de\/wp-json\/wp\/v2\/product_cat?post=157011"},{"taxonomy":"product_tag","embeddable":true,"href":"https:\/\/www.budream.com\/de\/wp-json\/wp\/v2\/product_tag?post=157011"}],"curies":[{"name":"wp","href":"https:\/\/api.w.org\/{rel}","templated":true}]}}