{"id":157196,"date":"2025-07-31T15:18:37","date_gmt":"2025-07-31T13:18:37","guid":{"rendered":"https:\/\/www.budream.com\/shop\/hollaendische-leidenschaft-auto-heidelbeere-fem\/"},"modified":"2026-03-23T18:44:58","modified_gmt":"2026-03-23T16:44:58","slug":"hollaendische-leidenschaft-auto-heidelbeere-fem","status":"publish","type":"product","link":"https:\/\/www.budream.com\/de\/shop\/hollaendische-leidenschaft-auto-heidelbeere-fem\/","title":{"rendered":"HOLL\u00c4NDISCHE LEIDENSCHAFT &#8211; AUTO HEIDELBEERE FEM"},"content":{"rendered":"<p style=\"text-align: justify\">Auto Blueberry&reg; hat sich schnell zur beliebtesten autoflowering Sorte der Kenner entwickelt. Dank eines sorgf\u00e4ltigen Selektionsprogramms, bei dem eine ganz besondere weibliche Blueberry-Pflanze mit einer indica-dominanten Autoflowering gekreuzt wurde. Eine selektive R\u00fcckkreuzung in die F4-Generation f\u00fchrte zu einer vollst\u00e4ndig autoflowering Blueberry. Danach wurde diese F4 selbstbest\u00e4ubt, um F5-Samen zu erzeugen. Die verwendete Blueberry-Genetik stammt aus unserer Genbank.<br \/>Diese umfangreiche Genetiksammlung stammt aus der Zeit, als wir mit DJ Short, dem ersten urspr\u00fcnglichen Z\u00fcchter der Blueberry-Sorte, zusammenarbeiteten. Damals arbeitete Dutch Passion eng mit DJ Short zusammen, um die Blueberry-Sorte auf dem europ\u00e4ischen Markt einzuf\u00fchren, und wir hatten das Gl\u00fcck, diese Originalgenetik in unsere Sammlung aufnehmen zu k\u00f6nnen. Von da an begannen wir mit der Auswahl eines geeigneten Elternteils f\u00fcr unsere Auto Blueberry und das Ergebnis ist sehr beeindruckend!<\/p>\n<p><\/p>\n<h2><strong>Eigenschaften Auto Blueberry Fem:<\/strong><\/h2>\n<ul style=\"list-style-type: disc\">\n<li><strong>Gattung:<\/strong> Autoflowering Feminisiert<\/li>\n<li><strong>Genotyp:<\/strong> Indica-dominanter Hybrid<\/li>\n<li><strong>Genetik: <\/strong>Blueberry X Indica Autoflower<\/li>\n<li><strong>Tage: <\/strong>56 &#8211; 70 Tage<\/li>\n<\/ul>\n<p><\/p>\n<div style=\"text-align: justify\"><span style=\"font-size: 11pt\"><em><strong>WARNUNG:<\/strong> Hanfsamen sind vom gesetzlichen Begriff Cannabis ausgenommen, was bedeutet, dass sie nicht als Bet\u00e4ubungsmittel gelten (L. 412 von 1974, Art. 1, Absatz 1, Buchstabe B; Einheits\u00fcbereinkommen \u00fcber Bet\u00e4ubungsmittel von New York von 1961 und Tabelle II des Ministerialerlasses 27\/7\/1992). In Italien ist der Anbau von Hanf verboten (Artikel 28 und 73 des Pr\u00e4sidialdekrets 309\/90), es sei denn, es liegt eine Sondergenehmigung vor (Artikel 17 des Pr\u00e4sidialdekrets 309\/90). In Ermangelung einer solchen Genehmigung darf das Saatgut nur f\u00fcr andere Zwecke verwendet werden (zootechnische Zwecke, Sammeln usw.). Das Saatgut wird unter dem Vorbehalt verkauft, dass es nicht von Dritten im Widerspruch zu den gesetzlichen Bestimmungen verwendet wird.<\/em><\/span><\/div>\n","protected":false},"excerpt":{"rendered":"<p>\ud83c\udf3f AUTO HEIDELBEERE von DUTCH PASSION \u00b7 \ud83e\uddec Indica Dominant (60%+) \u00b7 \ud83d\udcaa THC hoch (Hoch (15\u201319\u202f%)).<\/p>\n","protected":false},"featured_media":157185,"comment_status":"open","ping_status":"closed","template":"","meta":[],"product_brand":[],"product_cat":[7952],"product_tag":[10277,8508,8510,10126,10128,10140,10171],"class_list":{"0":"post-157196","1":"product","2":"type-product","3":"status-publish","4":"has-post-thumbnail","6":"product_cat-seedshop-de","7":"product_tag-auto-heidelbeere","8":"product_tag-dutch-passion","9":"product_tag-indica","10":"product_tag-cannabis-samen","11":"product_tag-feminisierte-samen","12":"product_tag-thc-hoch","13":"product_tag-suess-fruchtig","15":"first","16":"instock","17":"sale","18":"taxable","19":"shipping-taxable","20":"purchasable","21":"product-type-variable"},"aioseo_notices":[],"_links":{"self":[{"href":"https:\/\/www.budream.com\/de\/wp-json\/wp\/v2\/product\/157196","targetHints":{"allow":["GET"]}}],"collection":[{"href":"https:\/\/www.budream.com\/de\/wp-json\/wp\/v2\/product"}],"about":[{"href":"https:\/\/www.budream.com\/de\/wp-json\/wp\/v2\/types\/product"}],"replies":[{"embeddable":true,"href":"https:\/\/www.budream.com\/de\/wp-json\/wp\/v2\/comments?post=157196"}],"version-history":[{"count":2,"href":"https:\/\/www.budream.com\/de\/wp-json\/wp\/v2\/product\/157196\/revisions"}],"predecessor-version":[{"id":260108,"href":"https:\/\/www.budream.com\/de\/wp-json\/wp\/v2\/product\/157196\/revisions\/260108"}],"wp:featuredmedia":[{"embeddable":true,"href":"https:\/\/www.budream.com\/de\/wp-json\/wp\/v2\/media\/157185"}],"wp:attachment":[{"href":"https:\/\/www.budream.com\/de\/wp-json\/wp\/v2\/media?parent=157196"}],"wp:term":[{"taxonomy":"product_brand","embeddable":true,"href":"https:\/\/www.budream.com\/de\/wp-json\/wp\/v2\/product_brand?post=157196"},{"taxonomy":"product_cat","embeddable":true,"href":"https:\/\/www.budream.com\/de\/wp-json\/wp\/v2\/product_cat?post=157196"},{"taxonomy":"product_tag","embeddable":true,"href":"https:\/\/www.budream.com\/de\/wp-json\/wp\/v2\/product_tag?post=157196"}],"curies":[{"name":"wp","href":"https:\/\/api.w.org\/{rel}","templated":true}]}}