{"id":157262,"date":"2025-07-31T15:21:39","date_gmt":"2025-07-31T13:21:39","guid":{"rendered":"https:\/\/www.budream.com\/shop\/niederlaendische-leidenschaft-auto-xtreme-fem\/"},"modified":"2026-03-21T14:06:12","modified_gmt":"2026-03-21T12:06:12","slug":"niederlaendische-leidenschaft-auto-xtreme-fem","status":"publish","type":"product","link":"https:\/\/www.budream.com\/de\/shop\/niederlaendische-leidenschaft-auto-xtreme-fem\/","title":{"rendered":"NIEDERL\u00c4NDISCHE LEIDENSCHAFT &#8211; AUTO XTREME FEM"},"content":{"rendered":"<p><strong>AUTO XTREME<\/strong> ist ein Sativa-dominanter Hybrid, ideal f\u00fcr diejenigen, die Klarheit und Kreativit\u00e4t suchen von DUTCH PASSION. Verf\u00fcgbar in Packungen mit 100 Samen feminisiert. Mit gutem THC-Gehalt (Hoch (15\u201319\u202f%)), diese Pflanze richtet sich an diejenigen, die Potenz und Qualit\u00e4t suchen. Im Anbau, hat einen mittleren Bl\u00fctezyklus von 10-12 Wochen und garantiert reichlich Ertr\u00e4ge. In der Nase und am Gaumen zeichnet sich sein \ud83c\udf3f Erdiger-Aroma aus.<\/p>\n","protected":false},"excerpt":{"rendered":"<p>\ud83c\udf3f AUTO XTREME von DUTCH PASSION \u00b7 \ud83e\uddec Sativa Dominant (60%+) \u00b7 \ud83d\udcaa THC hoch (Hoch (15\u201319\u202f%)) \u00b7 \ud83d\udce6 Ertrag XL.<\/p>\n","protected":false},"featured_media":157251,"comment_status":"open","ping_status":"closed","template":"","meta":[],"product_brand":[],"product_cat":[7952],"product_tag":[8508,8511,8796,10126,10128,10140,10147],"class_list":{"0":"post-157262","1":"product","2":"type-product","3":"status-publish","4":"has-post-thumbnail","6":"product_cat-seedshop-de","7":"product_tag-dutch-passion","8":"product_tag-sativa","9":"product_tag-auto-xtreme","10":"product_tag-cannabis-samen","11":"product_tag-feminisierte-samen","12":"product_tag-thc-hoch","13":"product_tag-erdiger","15":"first","16":"instock","17":"sale","18":"taxable","19":"shipping-taxable","20":"purchasable","21":"product-type-variable"},"aioseo_notices":[],"_links":{"self":[{"href":"https:\/\/www.budream.com\/de\/wp-json\/wp\/v2\/product\/157262","targetHints":{"allow":["GET"]}}],"collection":[{"href":"https:\/\/www.budream.com\/de\/wp-json\/wp\/v2\/product"}],"about":[{"href":"https:\/\/www.budream.com\/de\/wp-json\/wp\/v2\/types\/product"}],"replies":[{"embeddable":true,"href":"https:\/\/www.budream.com\/de\/wp-json\/wp\/v2\/comments?post=157262"}],"version-history":[{"count":1,"href":"https:\/\/www.budream.com\/de\/wp-json\/wp\/v2\/product\/157262\/revisions"}],"predecessor-version":[{"id":258928,"href":"https:\/\/www.budream.com\/de\/wp-json\/wp\/v2\/product\/157262\/revisions\/258928"}],"wp:featuredmedia":[{"embeddable":true,"href":"https:\/\/www.budream.com\/de\/wp-json\/wp\/v2\/media\/157251"}],"wp:attachment":[{"href":"https:\/\/www.budream.com\/de\/wp-json\/wp\/v2\/media?parent=157262"}],"wp:term":[{"taxonomy":"product_brand","embeddable":true,"href":"https:\/\/www.budream.com\/de\/wp-json\/wp\/v2\/product_brand?post=157262"},{"taxonomy":"product_cat","embeddable":true,"href":"https:\/\/www.budream.com\/de\/wp-json\/wp\/v2\/product_cat?post=157262"},{"taxonomy":"product_tag","embeddable":true,"href":"https:\/\/www.budream.com\/de\/wp-json\/wp\/v2\/product_tag?post=157262"}],"curies":[{"name":"wp","href":"https:\/\/api.w.org\/{rel}","templated":true}]}}