{"id":157749,"date":"2025-07-31T15:39:23","date_gmt":"2025-07-31T13:39:23","guid":{"rendered":"https:\/\/www.budream.com\/shop\/hollaendische-leidenschaft-auto-duck-fem\/"},"modified":"2026-03-27T13:20:00","modified_gmt":"2026-03-27T11:20:00","slug":"hollaendische-leidenschaft-auto-duck-fem","status":"publish","type":"product","link":"https:\/\/www.budream.com\/de\/shop\/hollaendische-leidenschaft-auto-duck-fem\/","title":{"rendered":"HOLL\u00c4NDISCHE LEIDENSCHAFT &#8211; AUTO DUCK FEM"},"content":{"rendered":"<div style=\"text-align: justify\">Auto Duck&reg; ist die autoflowering Version unserer meistverkauften photoperiodischen Sorte, der Frisian Duck&reg;, die wir sp\u00e4ter mit unserer Auto White Widow&reg; gekreuzt haben, wodurch eine sehr widerstandsf\u00e4hige Genetik entstand.<\/div>\n<p><\/p>\n<h2><strong>Eigenschaften Auto Duck Fem:<\/strong><\/h2>\n<ul style=\"list-style-type: disc\">\n<li><strong>Gattung:<\/strong> Autoflowering Feminisiert L<\/li>\n<li><strong>Genotyp:<\/strong> Indica\/Sativa-Hybrid<\/li>\n<li><strong>Genetik:<\/strong> Friesische Ente X Auto White Widow<\/li>\n<li>Tage<strong>:<\/strong> 77-84 Tage<\/li>\n<\/ul>\n<p><\/p>\n<div style=\"text-align: justify\"><span style=\"font-size: 11pt\"><em><strong>WARNUNG:<\/strong> Hanfsamen sind vom gesetzlichen Begriff Cannabis ausgenommen, was bedeutet, dass sie nicht als Bet\u00e4ubungsmittel gelten (L. 412 von 1974, Art. 1, Absatz 1, Buchstabe B; Einheits\u00fcbereinkommen \u00fcber Bet\u00e4ubungsmittel von New York von 1961 und Tabelle II des Ministerialerlasses 27\/7\/1992). In Italien ist der Anbau von Hanf verboten (Artikel 28 und 73 des Pr\u00e4sidialdekrets 309\/90), es sei denn, es liegt eine Sondergenehmigung vor (Artikel 17 des Pr\u00e4sidialdekrets 309\/90). In Ermangelung einer solchen Genehmigung darf das Saatgut nur f\u00fcr andere Zwecke verwendet werden (zootechnische Zwecke, Sammeln usw.). Das Saatgut wird unter dem Vorbehalt verkauft, dass es nicht von Dritten im Widerspruch zu den gesetzlichen Bestimmungen verwendet wird.<\/em><\/span><\/div>\n","protected":false},"excerpt":{"rendered":"<p>\ud83c\udf3f AUTO DUCK von DUTCH PASSION \u00b7 \ud83e\uddec Indica \/ Sativa.<\/p>\n","protected":false},"featured_media":157737,"comment_status":"open","ping_status":"closed","template":"","meta":[],"product_brand":[],"product_cat":[7952],"product_tag":[8511,8801,9931,10126,10128,10147,8508,8510],"class_list":{"0":"post-157749","1":"product","2":"type-product","3":"status-publish","4":"has-post-thumbnail","6":"product_cat-seedshop-de","7":"product_tag-sativa","8":"product_tag-auto-duck","9":"product_tag-hybrid","10":"product_tag-cannabis-samen","11":"product_tag-feminisierte-samen","12":"product_tag-erdiger","13":"product_tag-dutch-passion","14":"product_tag-indica","16":"first","17":"instock","18":"sale","19":"taxable","20":"shipping-taxable","21":"purchasable","22":"product-type-variable"},"aioseo_notices":[],"_links":{"self":[{"href":"https:\/\/www.budream.com\/de\/wp-json\/wp\/v2\/product\/157749","targetHints":{"allow":["GET"]}}],"collection":[{"href":"https:\/\/www.budream.com\/de\/wp-json\/wp\/v2\/product"}],"about":[{"href":"https:\/\/www.budream.com\/de\/wp-json\/wp\/v2\/types\/product"}],"replies":[{"embeddable":true,"href":"https:\/\/www.budream.com\/de\/wp-json\/wp\/v2\/comments?post=157749"}],"version-history":[{"count":2,"href":"https:\/\/www.budream.com\/de\/wp-json\/wp\/v2\/product\/157749\/revisions"}],"predecessor-version":[{"id":261122,"href":"https:\/\/www.budream.com\/de\/wp-json\/wp\/v2\/product\/157749\/revisions\/261122"}],"wp:featuredmedia":[{"embeddable":true,"href":"https:\/\/www.budream.com\/de\/wp-json\/wp\/v2\/media\/157737"}],"wp:attachment":[{"href":"https:\/\/www.budream.com\/de\/wp-json\/wp\/v2\/media?parent=157749"}],"wp:term":[{"taxonomy":"product_brand","embeddable":true,"href":"https:\/\/www.budream.com\/de\/wp-json\/wp\/v2\/product_brand?post=157749"},{"taxonomy":"product_cat","embeddable":true,"href":"https:\/\/www.budream.com\/de\/wp-json\/wp\/v2\/product_cat?post=157749"},{"taxonomy":"product_tag","embeddable":true,"href":"https:\/\/www.budream.com\/de\/wp-json\/wp\/v2\/product_tag?post=157749"}],"curies":[{"name":"wp","href":"https:\/\/api.w.org\/{rel}","templated":true}]}}