{"id":157779,"date":"2025-07-31T15:40:44","date_gmt":"2025-07-31T13:40:44","guid":{"rendered":"https:\/\/www.budream.com\/shop\/dutch-passion-auto-lemon-kix-fem-frueher-auto-lemon-zkittle\/"},"modified":"2026-03-27T15:56:42","modified_gmt":"2026-03-27T13:56:42","slug":"dutch-passion-auto-lemon-kix-fem-frueher-auto-lemon-zkittle","status":"publish","type":"product","link":"https:\/\/www.budream.com\/de\/shop\/dutch-passion-auto-lemon-kix-fem-frueher-auto-lemon-zkittle\/","title":{"rendered":"DUTCH PASSION &#8211; AUTO LEMON KIX FEM &#8211; (fr\u00fcher AUTO LEMON ZKITTLE)"},"content":{"rendered":"<div style=\"text-align: justify\">AutoLemon Kix ist eine feminisierte autoflowering Sorte mit Sativa-Dominanz.<\/div>\n<p><\/p>\n<h2><strong>Eigenschaften Auto Lemon Kix Fem:<\/strong><\/h2>\n<ul style=\"list-style-type: disc\">\n<li><strong>Gattung:<\/strong> XXL Feminisierte Autoflowering<\/li>\n<li><strong>Genotyp:<\/strong> Sativa-dominanter Hybrid<\/li>\n<li><strong>Genetik: <\/strong>Las Vegas Lemon Skunk Autoflower<\/li>\n<li><strong>Tage:<\/strong> 84<\/li>\n<\/ul>\n<p><\/p>\n<div style=\"text-align: justify\"><span style=\"font-size: 11pt\"><em><strong>WARNUNG:<\/strong> Hanfsamen sind vom gesetzlichen Begriff Cannabis ausgenommen, was bedeutet, dass sie nicht als Bet\u00e4ubungsmittel gelten (L. 412 von 1974, Art. 1, Komma 1, Buchstabe B; Einheits\u00fcbereinkommen \u00fcber Bet\u00e4ubungsmittel von New York von 1961 und Tabelle II des Ministerialerlasses vom 27.7.1992). In Italien ist der Anbau von Hanf verboten (Artikel 28 und 73 des Pr\u00e4sidialdekrets 309\/90), es sei denn, es liegt eine Sondergenehmigung vor (Artikel 17 des Pr\u00e4sidialdekrets 309\/90). In Ermangelung einer solchen Genehmigung darf das Saatgut nur f\u00fcr andere Zwecke verwendet werden (zootechnische Zwecke, Sammeln usw.). Das Saatgut wird unter dem Vorbehalt verkauft, dass es nicht von Dritten im Widerspruch zu den gesetzlichen Bestimmungen verwendet wird.<\/em><\/span><\/div>\n","protected":false},"excerpt":{"rendered":"<p>\ud83c\udf3f AUTO LEMON KIX von DUTCH PASSION \u00b7 \ud83e\uddec Sativa Dominant (60%+) \u00b7 \ud83d\udd25 THC sehr hoch (Sehr hoch (20\u202f%+)) \u00b7 \ud83c\udfc6 Ertrag XXL.<\/p>\n","protected":false},"featured_media":157768,"comment_status":"open","ping_status":"closed","template":"","meta":[],"product_brand":[],"product_cat":[7952],"product_tag":[10128,10171,8508,8511,8802,10124,10125,10126],"class_list":{"0":"post-157779","1":"product","2":"type-product","3":"status-publish","4":"has-post-thumbnail","6":"product_cat-seedshop-de","7":"product_tag-feminisierte-samen","8":"product_tag-suess-fruchtig","9":"product_tag-dutch-passion","10":"product_tag-sativa","11":"product_tag-auto-lemon-kix","12":"product_tag-thc-sehr-hoch","13":"product_tag-ertrag-xxl","14":"product_tag-cannabis-samen","16":"first","17":"instock","18":"sale","19":"taxable","20":"shipping-taxable","21":"purchasable","22":"product-type-variable"},"aioseo_notices":[],"_links":{"self":[{"href":"https:\/\/www.budream.com\/de\/wp-json\/wp\/v2\/product\/157779","targetHints":{"allow":["GET"]}}],"collection":[{"href":"https:\/\/www.budream.com\/de\/wp-json\/wp\/v2\/product"}],"about":[{"href":"https:\/\/www.budream.com\/de\/wp-json\/wp\/v2\/types\/product"}],"replies":[{"embeddable":true,"href":"https:\/\/www.budream.com\/de\/wp-json\/wp\/v2\/comments?post=157779"}],"version-history":[{"count":2,"href":"https:\/\/www.budream.com\/de\/wp-json\/wp\/v2\/product\/157779\/revisions"}],"predecessor-version":[{"id":260624,"href":"https:\/\/www.budream.com\/de\/wp-json\/wp\/v2\/product\/157779\/revisions\/260624"}],"wp:featuredmedia":[{"embeddable":true,"href":"https:\/\/www.budream.com\/de\/wp-json\/wp\/v2\/media\/157768"}],"wp:attachment":[{"href":"https:\/\/www.budream.com\/de\/wp-json\/wp\/v2\/media?parent=157779"}],"wp:term":[{"taxonomy":"product_brand","embeddable":true,"href":"https:\/\/www.budream.com\/de\/wp-json\/wp\/v2\/product_brand?post=157779"},{"taxonomy":"product_cat","embeddable":true,"href":"https:\/\/www.budream.com\/de\/wp-json\/wp\/v2\/product_cat?post=157779"},{"taxonomy":"product_tag","embeddable":true,"href":"https:\/\/www.budream.com\/de\/wp-json\/wp\/v2\/product_tag?post=157779"}],"curies":[{"name":"wp","href":"https:\/\/api.w.org\/{rel}","templated":true}]}}