{"id":157878,"date":"2025-07-31T15:45:21","date_gmt":"2025-07-31T13:45:21","guid":{"rendered":"https:\/\/www.budream.com\/shop\/hollaendische-leidenschaft-heidelbeere-fem\/"},"modified":"2026-03-30T14:34:04","modified_gmt":"2026-03-30T12:34:04","slug":"hollaendische-leidenschaft-heidelbeere-fem","status":"publish","type":"product","link":"https:\/\/www.budream.com\/de\/shop\/hollaendische-leidenschaft-heidelbeere-fem\/","title":{"rendered":"HOLL\u00c4NDISCHE LEIDENSCHAFT &#8211; HEIDELBEERE FEM"},"content":{"rendered":"<div style=\"text-align: justify\">Original Blueberry ist die bekannteste Sorte der Blue Family.<\/div>\n<div style=\"text-align: justify\">Diese Sorte wurde 1998 zusammen mit Blue Velvet, Blue Moon-shine, Flo und Blue Heaven &#8211; den anderen Mitgliedern der Blue Family &#8211; auf dem niederl\u00e4ndischen Markt eingef\u00fchrt. Alle wurden urspr\u00fcnglich von DJ Short ausgew\u00e4hlt und von Dutch Passion in Zusammenarbeit mit dem ber\u00fchmten kanadischen Z\u00fcchter \u00fcbernommen.<\/div>\n<div style=\"text-align: justify\">Blueberry ist eine indicadominierte Sorte (etwa 80%, die restlichen 20% sind Sativa-Genetik), die haupts\u00e4chlich von der Afghani-Sorte abstammt. Der Sativa-Anteil stammt von einer thail\u00e4ndischen Sativa und, wenn auch in geringerem Ma\u00dfe, von einer oaxacanischen (mexikanischen) Sativa. Diese dreifache Kreuzung ist einzigartig und stellt den genetischen Ursprung der Blueberry-Sorte und ihrer zahlreichen Nachkommen dar.<\/div>\n<div style=\"text-align: justify\">Die Original Blueberry hat einen legend\u00e4ren Status erlangt und verf\u00fcgt \u00fcber eine immense Fangemeinde. In den letzten Jahren wurden aus Blueberry zahlreiche beliebte Kreuzungen gez\u00fcchtet, zum Beispiel Blue Dream, Mazar x Blueberry (die alte Skywalker), Mazar x Blueberry OG (die alte Skywalker OG), Blueberry Headband, Blueberry Diesel und Blue Cookies.<\/div>\n<p><\/p>\n<h2><strong>Eigenschaften Blueberry Fem:<\/strong><\/h2>\n<ul style=\"list-style-type: disc\">\n<li><strong>Gattung:<\/strong> Feminisierte M<\/li>\n<li><strong>Genotyp:<\/strong> Indica\/Sativa-Hybrid<\/li>\n<li><strong>Genetik: <\/strong>1970er Original Blueberry<\/li>\n<li><strong>Tage:<\/strong> 63<\/li>\n<\/ul>\n<p><\/p>\n<div style=\"text-align: justify\"><span style=\"font-size: 11pt\"><em><strong>WARNUNG:<\/strong> Hanfsamen sind vom gesetzlichen Begriff Cannabis ausgenommen, was bedeutet, dass sie nicht als Bet\u00e4ubungsmittel gelten (L. 412 von 1974, Art. 1, Absatz 1, Buchstabe B; Einheits\u00fcbereinkommen \u00fcber Bet\u00e4ubungsmittel von New York von 1961 und Tabelle II des Ministerialerlasses 27\/7\/1992). In Italien ist der Anbau von Hanf verboten (Artikel 28 und 73 des Pr\u00e4sidialdekrets 309\/90), es sei denn, es liegt eine Sondergenehmigung vor (Artikel 17 des Pr\u00e4sidialdekrets 309\/90). In Ermangelung einer solchen Genehmigung darf das Saatgut nur f\u00fcr andere Zwecke verwendet werden (zootechnische Zwecke, Sammeln usw.). Das Saatgut wird unter dem Vorbehalt verkauft, dass es nicht von Dritten im Widerspruch zu den gesetzlichen Bestimmungen verwendet wird.<\/em><\/span><\/div>\n","protected":false},"excerpt":{"rendered":"<p>\ud83c\udf3f HEIDELBEERE von DUTCH PASSION \u00b7 \ud83e\uddec Indica Dominant (60%+) \u00b7 \ud83d\udcaa THC hoch (Hoch (15\u201319\u202f%)).<\/p>\n","protected":false},"featured_media":157867,"comment_status":"open","ping_status":"closed","template":"","meta":[],"product_brand":[],"product_cat":[7952],"product_tag":[10140,10171,10282,8508,8510,10126,10128],"class_list":{"0":"post-157878","1":"product","2":"type-product","3":"status-publish","4":"has-post-thumbnail","6":"product_cat-seedshop-de","7":"product_tag-thc-hoch","8":"product_tag-suess-fruchtig","9":"product_tag-heidelbeere","10":"product_tag-dutch-passion","11":"product_tag-indica","12":"product_tag-cannabis-samen","13":"product_tag-feminisierte-samen","15":"first","16":"instock","17":"sale","18":"taxable","19":"shipping-taxable","20":"purchasable","21":"product-type-variable"},"aioseo_notices":[],"_links":{"self":[{"href":"https:\/\/www.budream.com\/de\/wp-json\/wp\/v2\/product\/157878","targetHints":{"allow":["GET"]}}],"collection":[{"href":"https:\/\/www.budream.com\/de\/wp-json\/wp\/v2\/product"}],"about":[{"href":"https:\/\/www.budream.com\/de\/wp-json\/wp\/v2\/types\/product"}],"replies":[{"embeddable":true,"href":"https:\/\/www.budream.com\/de\/wp-json\/wp\/v2\/comments?post=157878"}],"version-history":[{"count":2,"href":"https:\/\/www.budream.com\/de\/wp-json\/wp\/v2\/product\/157878\/revisions"}],"predecessor-version":[{"id":260865,"href":"https:\/\/www.budream.com\/de\/wp-json\/wp\/v2\/product\/157878\/revisions\/260865"}],"wp:featuredmedia":[{"embeddable":true,"href":"https:\/\/www.budream.com\/de\/wp-json\/wp\/v2\/media\/157867"}],"wp:attachment":[{"href":"https:\/\/www.budream.com\/de\/wp-json\/wp\/v2\/media?parent=157878"}],"wp:term":[{"taxonomy":"product_brand","embeddable":true,"href":"https:\/\/www.budream.com\/de\/wp-json\/wp\/v2\/product_brand?post=157878"},{"taxonomy":"product_cat","embeddable":true,"href":"https:\/\/www.budream.com\/de\/wp-json\/wp\/v2\/product_cat?post=157878"},{"taxonomy":"product_tag","embeddable":true,"href":"https:\/\/www.budream.com\/de\/wp-json\/wp\/v2\/product_tag?post=157878"}],"curies":[{"name":"wp","href":"https:\/\/api.w.org\/{rel}","templated":true}]}}