{"id":157927,"date":"2025-07-31T15:48:23","date_gmt":"2025-07-31T13:48:23","guid":{"rendered":"https:\/\/www.budream.com\/shop\/hollaendische-leidenschaft-durban-gift-fem-2\/"},"modified":"2026-03-24T20:09:56","modified_gmt":"2026-03-24T18:09:56","slug":"hollaendische-leidenschaft-durban-gift-fem-2","status":"publish","type":"product","link":"https:\/\/www.budream.com\/de\/shop\/hollaendische-leidenschaft-durban-gift-fem-2\/","title":{"rendered":"HOLL\u00c4NDISCHE LEIDENSCHAFT &#8211; DURBAN GIFT FEM"},"content":{"rendered":"<div style=\"text-align: justify\">Durban Poison ist eine sativadominierte Sorte mit Ursprung in S\u00fcdafrika. Sie hat sich zu einer Schl\u00fcsselsorte auf dem heutigen Markt entwickelt. Diese sativadominierte Sorte stammt aus der s\u00fcdafrikanischen Stadt Durban und ist die Grundlage der ber\u00fchmten Sorte GSC (Girl Scout Cookies), von der Sorten wie Sherbet und Gelato abgeleitet wurden.<\/div>\n<p><\/p>\n<h2><strong>Merkmale Durban Poison Fem:<\/strong><\/h2>\n<ul style=\"list-style-type: disc\">\n<li><strong>Gattung:<\/strong> Feminisiert XL<\/li>\n<li><strong>Genotyp:<\/strong> \u00dcberwiegend Sativa-Hybrid<\/li>\n<li><strong>Genetik <\/strong>: Durban X Unbekannte Indica<\/li>\n<li><strong>Tage:<\/strong> 56<\/li>\n<\/ul>\n<p><\/p>\n<div style=\"text-align: justify\"><span style=\"font-size: 11pt\"><em><strong>WARNUNG:<\/strong> Hanfsamen sind vom gesetzlichen Begriff Cannabis ausgenommen, was bedeutet, dass sie nicht als Bet\u00e4ubungsmittel gelten (L. 412 von 1974, Art. 1, Absatz 1, Buchstabe B; Einheits\u00fcbereinkommen \u00fcber Bet\u00e4ubungsmittel von New York von 1961 und Tabelle II des Ministerialerlasses 27\/7\/1992). In Italien ist der Anbau von Hanf verboten (Artikel 28 und 73 des Pr\u00e4sidialdekrets 309\/90), es sei denn, es liegt eine Sondergenehmigung vor (Artikel 17 des Pr\u00e4sidialdekrets 309\/90). In Ermangelung einer solchen Genehmigung darf das Saatgut nur f\u00fcr andere Zwecke verwendet werden (zootechnische Zwecke, Sammeln usw.). Das Saatgut wird unter dem Vorbehalt verkauft, dass es nicht von Dritten im Widerspruch zu den gesetzlichen Bestimmungen verwendet wird.<\/em><\/span><\/div>\n","protected":false},"excerpt":{"rendered":"<p>\ud83c\udf3f DURBAN GIFT von DUTCH PASSION \u00b7 \ud83e\uddec Sativa Dominant (60%+) \u00b7 \u2696\ufe0f THC mittel (Mittel (10\u201314\u202f%)) \u00b7 \ud83c\udfc6 Ertrag XXL.<\/p>\n","protected":false},"featured_media":157907,"comment_status":"open","ping_status":"closed","template":"","meta":[],"product_brand":[],"product_cat":[7952],"product_tag":[10126,10283,8508,10125,10128,8511,10171,10129],"class_list":{"0":"post-157927","1":"product","2":"type-product","3":"status-publish","4":"has-post-thumbnail","6":"product_cat-seedshop-de","7":"product_tag-cannabis-samen","8":"product_tag-durban-gift","9":"product_tag-dutch-passion","10":"product_tag-ertrag-xxl","11":"product_tag-feminisierte-samen","12":"product_tag-sativa","13":"product_tag-suess-fruchtig","14":"product_tag-thc-mittel","16":"first","17":"instock","18":"taxable","19":"shipping-taxable","20":"purchasable","21":"product-type-variable"},"aioseo_notices":[],"_links":{"self":[{"href":"https:\/\/www.budream.com\/de\/wp-json\/wp\/v2\/product\/157927","targetHints":{"allow":["GET"]}}],"collection":[{"href":"https:\/\/www.budream.com\/de\/wp-json\/wp\/v2\/product"}],"about":[{"href":"https:\/\/www.budream.com\/de\/wp-json\/wp\/v2\/types\/product"}],"replies":[{"embeddable":true,"href":"https:\/\/www.budream.com\/de\/wp-json\/wp\/v2\/comments?post=157927"}],"version-history":[{"count":2,"href":"https:\/\/www.budream.com\/de\/wp-json\/wp\/v2\/product\/157927\/revisions"}],"predecessor-version":[{"id":260727,"href":"https:\/\/www.budream.com\/de\/wp-json\/wp\/v2\/product\/157927\/revisions\/260727"}],"wp:featuredmedia":[{"embeddable":true,"href":"https:\/\/www.budream.com\/de\/wp-json\/wp\/v2\/media\/157907"}],"wp:attachment":[{"href":"https:\/\/www.budream.com\/de\/wp-json\/wp\/v2\/media?parent=157927"}],"wp:term":[{"taxonomy":"product_brand","embeddable":true,"href":"https:\/\/www.budream.com\/de\/wp-json\/wp\/v2\/product_brand?post=157927"},{"taxonomy":"product_cat","embeddable":true,"href":"https:\/\/www.budream.com\/de\/wp-json\/wp\/v2\/product_cat?post=157927"},{"taxonomy":"product_tag","embeddable":true,"href":"https:\/\/www.budream.com\/de\/wp-json\/wp\/v2\/product_tag?post=157927"}],"curies":[{"name":"wp","href":"https:\/\/api.w.org\/{rel}","templated":true}]}}