{"id":158393,"date":"2025-07-31T16:05:55","date_gmt":"2025-07-31T14:05:55","guid":{"rendered":"https:\/\/www.budream.com\/shop\/hollaendische-leidenschaft-orange-hill-special-fem\/"},"modified":"2026-04-07T15:38:46","modified_gmt":"2026-04-07T13:38:46","slug":"hollaendische-leidenschaft-orange-hill-special-fem","status":"publish","type":"product","link":"https:\/\/www.budream.com\/de\/shop\/hollaendische-leidenschaft-orange-hill-special-fem\/","title":{"rendered":"HOLL\u00c4NDISCHE LEIDENSCHAFT &#8211; ORANGE HILL SPECIAL FEM"},"content":{"rendered":"<div style=\"text-align: justify\">Die Orange Hill Special ist eine besondere Auswahl von Orange Skunk und ein willkommener Neuzugang in der Orange-Familie von Dutch Passion. Sie wurde mit der Genetik unserer geliebten Orange Bud und California Orange entwickelt. Diese Kreuzung wurde \u00fcber 6 weitere Generationen stabilisiert, um eine v\u00f6llig neue und stabile Orange-Sorte zu erhalten. Diese Sorte besteht zu 50% aus Indica und zu 50% aus Sativa. Orange Hill Special ist ein Muss f\u00fcr Fans unserer Orange-Familie. Sie wurde von demselben Produzenten entwickelt wie Power Plant, Ultimate, Skunk #11 und viele andere.<\/div>\n<p><\/p>\n<h2><strong>Eigenschaften Orange Hill Special Fem:<\/strong><\/h2>\n<ul style=\"list-style-type: disc\">\n<li><strong>Gattung:<\/strong> XXL Feminisiert<\/li>\n<li><strong>Genotyp:<\/strong> Indica\/Sativa-Hybrid<\/li>\n<li><strong>Genetik:<\/strong> Orange Bud X Californian Orange<\/li>\n<li><strong>Tage:<\/strong> 56<\/li>\n<\/ul>\n<p><\/p>\n<div style=\"text-align: justify\"><span style=\"font-size: 11pt\"><em><strong>WARNUNG:<\/strong> Hanfsamen sind vom gesetzlichen Begriff Cannabis ausgenommen, was bedeutet, dass sie nicht als Bet\u00e4ubungsmittel gelten (L. 412 von 1974, Art. 1, Absatz 1, Buchstabe B; Einheits\u00fcbereinkommen \u00fcber Bet\u00e4ubungsmittel von New York von 1961 und Tabelle II des Ministerialerlasses 27\/7\/1992). In Italien ist der Anbau von Hanf verboten (Artikel 28 und 73 des Pr\u00e4sidialdekrets 309\/90), es sei denn, es liegt eine Sondergenehmigung vor (Artikel 17 des Pr\u00e4sidialdekrets 309\/90). In Ermangelung einer solchen Genehmigung darf das Saatgut nur f\u00fcr andere Zwecke verwendet werden (zootechnische Zwecke, Sammeln usw.). Das Saatgut wird unter dem Vorbehalt verkauft, dass es nicht von Dritten im Widerspruch zu den gesetzlichen Bestimmungen verwendet wird.<\/em><\/span><\/div>\n","protected":false},"excerpt":{"rendered":"<p>\ud83c\udf3f ORANGE HILL SPECIAL von DUTCH PASSION \u00b7 \ud83e\uddec Indica \/ Sativa \u00b7 \ud83d\udd25 THC sehr hoch (Sehr hoch (20\u202f%+)) \u00b7 \ud83c\udfc6 Ertrag XXL.<\/p>\n","protected":false},"featured_media":125298,"comment_status":"open","ping_status":"closed","template":"","meta":[],"product_brand":[],"product_cat":[7952],"product_tag":[9931,10124,10125,10126,10128,10171,8508,8510,8511,8810],"class_list":{"0":"post-158393","1":"product","2":"type-product","3":"status-publish","4":"has-post-thumbnail","6":"product_cat-seedshop-de","7":"product_tag-hybrid","8":"product_tag-thc-sehr-hoch","9":"product_tag-ertrag-xxl","10":"product_tag-cannabis-samen","11":"product_tag-feminisierte-samen","12":"product_tag-suess-fruchtig","13":"product_tag-dutch-passion","14":"product_tag-indica","15":"product_tag-sativa","16":"product_tag-orange-hill-special","18":"first","19":"instock","20":"taxable","21":"shipping-taxable","22":"purchasable","23":"product-type-variable"},"aioseo_notices":[],"_links":{"self":[{"href":"https:\/\/www.budream.com\/de\/wp-json\/wp\/v2\/product\/158393","targetHints":{"allow":["GET"]}}],"collection":[{"href":"https:\/\/www.budream.com\/de\/wp-json\/wp\/v2\/product"}],"about":[{"href":"https:\/\/www.budream.com\/de\/wp-json\/wp\/v2\/types\/product"}],"replies":[{"embeddable":true,"href":"https:\/\/www.budream.com\/de\/wp-json\/wp\/v2\/comments?post=158393"}],"version-history":[{"count":2,"href":"https:\/\/www.budream.com\/de\/wp-json\/wp\/v2\/product\/158393\/revisions"}],"predecessor-version":[{"id":262280,"href":"https:\/\/www.budream.com\/de\/wp-json\/wp\/v2\/product\/158393\/revisions\/262280"}],"wp:featuredmedia":[{"embeddable":true,"href":"https:\/\/www.budream.com\/de\/wp-json\/wp\/v2\/media\/125298"}],"wp:attachment":[{"href":"https:\/\/www.budream.com\/de\/wp-json\/wp\/v2\/media?parent=158393"}],"wp:term":[{"taxonomy":"product_brand","embeddable":true,"href":"https:\/\/www.budream.com\/de\/wp-json\/wp\/v2\/product_brand?post=158393"},{"taxonomy":"product_cat","embeddable":true,"href":"https:\/\/www.budream.com\/de\/wp-json\/wp\/v2\/product_cat?post=158393"},{"taxonomy":"product_tag","embeddable":true,"href":"https:\/\/www.budream.com\/de\/wp-json\/wp\/v2\/product_tag?post=158393"}],"curies":[{"name":"wp","href":"https:\/\/api.w.org\/{rel}","templated":true}]}}