{"id":159461,"date":"2025-07-31T16:56:40","date_gmt":"2025-07-31T14:56:40","guid":{"rendered":"https:\/\/www.budream.com\/shop\/royal-queen-seeds-royal-gorilla-fem-usa-premium-2\/"},"modified":"2026-03-26T13:20:59","modified_gmt":"2026-03-26T11:20:59","slug":"royal-queen-seeds-royal-gorilla-fem-usa-premium-2","status":"publish","type":"product","link":"https:\/\/www.budream.com\/de\/shop\/royal-queen-seeds-royal-gorilla-fem-usa-premium-2\/","title":{"rendered":"ROYAL QUEEN SEEDS &#8211; ROYAL GORILLA FEM (USA PREMIUM)"},"content":{"rendered":"<p>Royal Gorilla ist zweifelsohne eine der legend\u00e4rsten und am meisten gefeierten Cannabissorten, die auf dem US-Markt eingef\u00fchrt wurden, und wurde schnell zu einer der begehrtesten Sorten unter US-Marihuana-Kennern. Die Entdeckung dieser Sorte war jedoch reiner Zufall. Die beiden US-Z\u00fcchter Joesy Whales und Lonie Watie stie\u00dfen auf diese Genetik, als Joesy&#8217;s Chem Sis-Sorte versehentlich mit einer Sour Dubb best\u00e4ubt wurde.<\/p>\n<h2><strong>Eigenschaften Royal Gorilla Royal Queen Seeds:<\/strong><\/h2>\n<ul style=\"list-style-type: disc\">\n<li><strong>Gattung:<\/strong> Feminisiert<\/li>\n<li><strong>Genotyp:<\/strong> Hybrid 50% Sativa 50% Indica<\/li>\n<li><strong>Genetik:<\/strong> Sour Dubb x Chem Sis x Chocolate Diesel<\/li>\n<li><strong>Tage:<\/strong> 56-63<\/li>\n<\/ul>\n<p><em><strong>WARNUNG:<\/strong> Hanfsamen sind vom gesetzlichen Begriff Cannabis ausgenommen, was bedeutet, dass sie nicht als Bet\u00e4ubungsmittel gelten (L. 412 von 1974, Art. 1, Absatz 1, Buchstabe B; Einheits\u00fcbereinkommen \u00fcber Bet\u00e4ubungsmittel von New York von 1961 und Tabelle II des Ministerialerlasses 27\/7\/1992). In Italien ist der Anbau von Hanf verboten (Artikel 28 und 73 des Pr\u00e4sidialdekrets 309\/90), es sei denn, es liegt eine Sondergenehmigung vor (Artikel 17 des Pr\u00e4sidialdekrets 309\/90). In Ermangelung einer solchen Genehmigung darf das Saatgut nur f\u00fcr andere Zwecke verwendet werden (zootechnische Zwecke, Sammeln usw.). Das Saatgut wird unter dem Vorbehalt verkauft, dass es nicht von Dritten im Widerspruch zu den gesetzlichen Bestimmungen verwendet wird.<\/em><\/p>\n","protected":false},"excerpt":{"rendered":"<p>\ud83c\udf3f ROYAL GORILLA FEM (USA PREMIUM) von ROYAL QUEEN SEEDS \u00b7 \ud83e\uddec Indica \/ Sativa \u00b7 \ud83d\udd25 THC sehr hoch (Sehr hoch (20\u202f%+)) \u00b7 \ud83c\udfc6 Ertrag XXL.<\/p>\n","protected":false},"featured_media":159433,"comment_status":"open","ping_status":"closed","template":"","meta":[],"product_brand":[],"product_cat":[7952],"product_tag":[10126,10125,10128,9931,8510,8823,8609,8511,10127,10124],"class_list":{"0":"post-159461","1":"product","2":"type-product","3":"status-publish","4":"has-post-thumbnail","6":"product_cat-seedshop-de","7":"product_tag-cannabis-samen","8":"product_tag-ertrag-xxl","9":"product_tag-feminisierte-samen","10":"product_tag-hybrid","11":"product_tag-indica","12":"product_tag-royal-gorilla-fem-usa-premium","13":"product_tag-royal-queen-seeds","14":"product_tag-sativa","15":"product_tag-scharf","16":"product_tag-thc-sehr-hoch","18":"first","19":"instock","20":"taxable","21":"shipping-taxable","22":"purchasable","23":"product-type-variable"},"aioseo_notices":[],"_links":{"self":[{"href":"https:\/\/www.budream.com\/de\/wp-json\/wp\/v2\/product\/159461","targetHints":{"allow":["GET"]}}],"collection":[{"href":"https:\/\/www.budream.com\/de\/wp-json\/wp\/v2\/product"}],"about":[{"href":"https:\/\/www.budream.com\/de\/wp-json\/wp\/v2\/types\/product"}],"replies":[{"embeddable":true,"href":"https:\/\/www.budream.com\/de\/wp-json\/wp\/v2\/comments?post=159461"}],"version-history":[{"count":2,"href":"https:\/\/www.budream.com\/de\/wp-json\/wp\/v2\/product\/159461\/revisions"}],"predecessor-version":[{"id":260502,"href":"https:\/\/www.budream.com\/de\/wp-json\/wp\/v2\/product\/159461\/revisions\/260502"}],"wp:featuredmedia":[{"embeddable":true,"href":"https:\/\/www.budream.com\/de\/wp-json\/wp\/v2\/media\/159433"}],"wp:attachment":[{"href":"https:\/\/www.budream.com\/de\/wp-json\/wp\/v2\/media?parent=159461"}],"wp:term":[{"taxonomy":"product_brand","embeddable":true,"href":"https:\/\/www.budream.com\/de\/wp-json\/wp\/v2\/product_brand?post=159461"},{"taxonomy":"product_cat","embeddable":true,"href":"https:\/\/www.budream.com\/de\/wp-json\/wp\/v2\/product_cat?post=159461"},{"taxonomy":"product_tag","embeddable":true,"href":"https:\/\/www.budream.com\/de\/wp-json\/wp\/v2\/product_tag?post=159461"}],"curies":[{"name":"wp","href":"https:\/\/api.w.org\/{rel}","templated":true}]}}